{"id":22995649,"date":"2025-08-27T11:39:44","date_gmt":"2025-08-27T11:39:44","guid":{"rendered":"https:\/\/monaco-wheels.com\/flow-forming\/"},"modified":"2025-09-25T07:52:35","modified_gmt":"2025-09-25T07:52:35","slug":"flow-forming","status":"publish","type":"page","link":"https:\/\/monaco-wheels.com\/sv\/flow-forming\/","title":{"rendered":"Flow Forming"},"content":{"rendered":"<p>[et_pb_section fb_built=&#8221;1&#8243; specialty=&#8221;on&#8221; custom_padding_last_edited=&#8221;on|phone&#8221; _builder_version=&#8221;4.27.4&#8243; _module_preset=&#8221;default&#8221; use_background_color_gradient=&#8221;on&#8221; background_color_gradient_direction=&#8221;67deg&#8221; background_color_gradient_stops=&#8221;#f69900 50%|rgba(255,255,255,0) 50%&#8221; background_color_gradient_overlays_image=&#8221;on&#8221; background_image=&#8221;https:\/\/monaco-wheels.com\/wp-content\/uploads\/2025\/08\/monaco-wheels-flow-forming.jpg&#8221; background_position=&#8221;bottom_right&#8221; background_vertical_offset=&#8221;28%&#8221; inner_width_tablet=&#8221;&#8221; inner_width_phone=&#8221;&#8221; inner_width_last_edited=&#8221;on|phone&#8221; custom_padding=&#8221;4%||4%||true|false&#8221; custom_padding_tablet=&#8221;3%||3%||true|false&#8221; custom_padding_phone=&#8221;12%||2%||false|false&#8221; background_last_edited=&#8221;on|phone&#8221; use_background_color_gradient_phone=&#8221;on&#8221; background_color_gradient_stops_phone=&#8221;rgba(246,153,0,0.9) 100%|rgba(41,196,169,0.04) 100%&#8221; global_colors_info=&#8221;{}&#8221;][et_pb_column type=&#8221;2_3&#8243; specialty_columns=&#8221;2&#8243; _builder_version=&#8221;4.16&#8243; custom_padding=&#8221;|||&#8221; global_colors_info=&#8221;{}&#8221; custom_padding__hover=&#8221;|||&#8221;][et_pb_row_inner _builder_version=&#8221;4.27.0&#8243; _module_preset=&#8221;default&#8221; width=&#8221;70%&#8221; width_tablet=&#8221;70%&#8221; width_phone=&#8221;100%&#8221; width_last_edited=&#8221;on|phone&#8221; global_colors_info=&#8221;{}&#8221;][et_pb_column_inner saved_specialty_column_type=&#8221;2_3&#8243; _builder_version=&#8221;4.27.0&#8243; _module_preset=&#8221;default&#8221; global_colors_info=&#8221;{}&#8221;][et_pb_text _builder_version=&#8221;4.27.4&#8243; _module_preset=&#8221;default&#8221; text_font=&#8221;|300|||||||&#8221; text_text_color=&#8221;#FFFFFF&#8221; text_font_size=&#8221;22px&#8221; text_line_height=&#8221;2em&#8221; header_font=&#8221;Bebas Neue||||||||&#8221; header_text_color=&#8221;#FFFFFF&#8221; header_font_size=&#8221;82px&#8221; header_3_font=&#8221;Bebas Neue||||||||&#8221; header_3_text_color=&#8221;#FFFFFF&#8221; header_3_font_size=&#8221;28px&#8221; header_6_font=&#8221;Bebas Neue|700|||||||&#8221; header_6_font_size=&#8221;118px&#8221; header_6_letter_spacing=&#8221;1px&#8221; custom_margin=&#8221;||||false|false&#8221; header_text_align_tablet=&#8221;&#8221; header_text_align_phone=&#8221;left&#8221; header_text_align_last_edited=&#8221;on|phone&#8221; header_font_size_tablet=&#8221;78px&#8221; header_font_size_phone=&#8221;56px&#8221; header_font_size_last_edited=&#8221;on|phone&#8221; header_3_text_align_tablet=&#8221;&#8221; header_3_text_align_phone=&#8221;center&#8221; header_3_text_align_last_edited=&#8221;on|phone&#8221; global_colors_info=&#8221;{}&#8221;]<\/p>\n<h1>Monaco Wheels Flow Forming<\/h1>\n<p>Flow Forming-teknologi g\u00f6r f\u00e4lgar l\u00e4ttare, starkare och mer h\u00e5llbara.[\/et_pb_text][\/et_pb_column_inner][\/et_pb_row_inner][\/et_pb_column][et_pb_column type=&#8221;1_3&#8243; _builder_version=&#8221;4.16&#8243; custom_padding=&#8221;|||&#8221; global_colors_info=&#8221;{}&#8221; custom_padding__hover=&#8221;|||&#8221;][\/et_pb_column][\/et_pb_section][et_pb_section fb_built=&#8221;1&#8243; _builder_version=&#8221;4.27.0&#8243; _module_preset=&#8221;default&#8221; use_background_color_gradient=&#8221;on&#8221; background_color_gradient_direction=&#8221;-74deg&#8221; background_color_gradient_stops=&#8221;#eeeeee 26%|#ffffff 26%&#8221; custom_padding=&#8221;6%||6%||true|false&#8221; global_colors_info=&#8221;{}&#8221;][et_pb_row _builder_version=&#8221;4.27.0&#8243; _module_preset=&#8221;default&#8221; max_width=&#8221;780px&#8221; global_colors_info=&#8221;{}&#8221;][et_pb_column type=&#8221;4_4&#8243; _builder_version=&#8221;4.27.0&#8243; _module_preset=&#8221;default&#8221; global_colors_info=&#8221;{}&#8221;][et_pb_text _builder_version=&#8221;4.27.4&#8243; _module_preset=&#8221;default&#8221; text_font=&#8221;|300|||||||&#8221; text_font_size=&#8221;22px&#8221; text_line_height=&#8221;2em&#8221; header_3_font=&#8221;Bebas Neue||||||||&#8221; header_3_font_size=&#8221;68px&#8221; header_3_font_size_tablet=&#8221;68px&#8221; header_3_font_size_phone=&#8221;38px&#8221; header_3_font_size_last_edited=&#8221;on|phone&#8221; global_colors_info=&#8221;{}&#8221;]<\/p>\n<h3>Lighter. Stronger. Faster.<\/h3>\n<p>Monaco Wheels Flow Forming-serie \u00e4r utvecklad med en teknik d\u00e4r gjutna f\u00e4lgar v\u00e4rms upp och formas om med rullar. Denna process f\u00f6rt\u00e4tar metallstrukturen och g\u00f6r f\u00e4lgarna l\u00e4ttare och starkare \u00e4n traditionella gjutna f\u00e4lgar. Resultatet: sportiga designer som kombinerar optimal prestanda, h\u00e5llbarhet och p\u00e5litlighet. Dessa f\u00e4lgar \u00e4r perfekta f\u00f6r f\u00f6rare som v\u00e4rdes\u00e4tter kvalitet och k\u00f6rgl\u00e4dje.[\/et_pb_text][\/et_pb_column][\/et_pb_row][\/et_pb_section][et_pb_section fb_built=&#8221;1&#8243; _builder_version=&#8221;4.27.4&#8243; _module_preset=&#8221;default&#8221; background_color=&#8221;#f4f4f4&#8243; global_colors_info=&#8221;{}&#8221;][et_pb_row _builder_version=&#8221;4.27.4&#8243; _module_preset=&#8221;default&#8221; global_colors_info=&#8221;{}&#8221;][et_pb_column type=&#8221;4_4&#8243; _builder_version=&#8221;4.27.4&#8243; _module_preset=&#8221;default&#8221; global_colors_info=&#8221;{}&#8221;][et_pb_text _builder_version=&#8221;4.27.4&#8243; _module_preset=&#8221;default&#8221; text_font=&#8221;|300|||||||&#8221; text_font_size=&#8221;22px&#8221; text_line_height=&#8221;2em&#8221; header_3_font=&#8221;Bebas Neue||||||||&#8221; header_3_font_size=&#8221;42px&#8221; header_3_font_size_tablet=&#8221;68px&#8221; header_3_font_size_phone=&#8221;38px&#8221; header_3_font_size_last_edited=&#8221;on|phone&#8221; global_colors_info=&#8221;{}&#8221;]<\/p>\n<h3>S\u00e5 tillverkas Monaco Wheels Flow Forming-f\u00e4lgar<\/h3>\n<p>[\/et_pb_text][et_pb_video src=&#8221;https:\/\/monaco-wheels.com\/wp-content\/uploads\/2025\/09\/Monaco-Wheels_FlowForming.mp4&#8243; image_src=&#8221;https:\/\/monaco-wheels.com\/wp-content\/uploads\/2025\/09\/monaco-wheels-flow-forming-proces.jpg&#8221; _builder_version=&#8221;4.27.4&#8243; _module_preset=&#8221;default&#8221; global_colors_info=&#8221;{}&#8221;][\/et_pb_video][\/et_pb_column][\/et_pb_row][\/et_pb_section][et_pb_section fb_built=&#8221;1&#8243; _builder_version=&#8221;4.27.4&#8243; _module_preset=&#8221;default&#8221; background_enable_color=&#8221;off&#8221; use_background_color_gradient=&#8221;on&#8221; background_color_gradient_direction=&#8221;-74deg&#8221; background_color_gradient_stops=&#8221;rgba(255,255,255,0) 80%|#eeeeee 80%&#8221; global_colors_info=&#8221;{}&#8221;][et_pb_row column_structure=&#8221;1_3,1_3,1_3&#8243; _builder_version=&#8221;4.27.4&#8243; _module_preset=&#8221;default&#8221; hover_enabled=&#8221;0&#8243; global_colors_info=&#8221;{}&#8221; sticky_enabled=&#8221;0&#8243;][et_pb_column type=&#8221;1_3&#8243; _builder_version=&#8221;4.27.4&#8243; _module_preset=&#8221;default&#8221; link_option_url=&#8221;https:\/\/monaco-wheels.com\/sv\/tuning-wheels\/ff1\/&#8221; hover_enabled=&#8221;0&#8243; global_colors_info=&#8221;{}&#8221; sticky_enabled=&#8221;0&#8243;][et_pb_gallery gallery_ids=&#8221;22992981,22992979&#8243; fullwidth=&#8221;on&#8221; module_id=&#8221;ff1&#8243; _builder_version=&#8221;4.27.4&#8243; _module_preset=&#8221;default&#8221; width_tablet=&#8221;52%&#8221; width_phone=&#8221;100%&#8221; width_last_edited=&#8221;on|phone&#8221; module_alignment=&#8221;center&#8221; custom_css_free_form=&#8221;selector .et-pb-controllers {||    position: relative;||    top: 14px;||}||selector .et_pb_gallery_items {||  pointer-events: none !important;||}&#8221; global_colors_info=&#8221;{}&#8221;][\/et_pb_gallery][et_pb_text _builder_version=&#8221;4.27.0&#8243; _module_preset=&#8221;default&#8221; text_font=&#8221;Bebas Neue|300|||||||&#8221; text_font_size=&#8221;20px&#8221; text_line_height=&#8221;1.8em&#8221; header_font=&#8221;Bebas Neue||||||||&#8221; header_text_align=&#8221;center&#8221; header_font_size=&#8221;36px&#8221; header_3_font=&#8221;Bebas Neue||||||||&#8221; header_3_text_color=&#8221;#FFFFFF&#8221; header_3_font_size=&#8221;20px&#8221; text_orientation=&#8221;center&#8221; custom_css_free_form=&#8221;selector h3 {||    background-color: #f69900;||    padding: 10px 0 8px;||    width: 40%;||    text-align: center !important;||    margin: auto;||    margin-top: 16px;||}&#8221; global_colors_info=&#8221;{}&#8221;]<\/p>\n<h1>FF1<\/h1>\n<p>19&#8243; \/ 20&#8243;<\/p>\n<h3>Tuning<\/h3>\n<p>[\/et_pb_text][\/et_pb_column][et_pb_column type=&#8221;1_3&#8243; _builder_version=&#8221;4.27.4&#8243; _module_preset=&#8221;default&#8221; link_option_url=&#8221;https:\/\/monaco-wheels.com\/sv\/tuning-wheels\/ff2\/&#8221; hover_enabled=&#8221;0&#8243; global_colors_info=&#8221;{}&#8221; sticky_enabled=&#8221;0&#8243;][et_pb_gallery gallery_ids=&#8221;22992985,22992983&#8243; fullwidth=&#8221;on&#8221; module_id=&#8221;ff2&#8243; _builder_version=&#8221;4.27.4&#8243; _module_preset=&#8221;default&#8221; width_tablet=&#8221;52%&#8221; width_phone=&#8221;100%&#8221; width_last_edited=&#8221;on|phone&#8221; module_alignment=&#8221;center&#8221; custom_css_free_form=&#8221;selector .et-pb-controllers {||    position: relative;||    top: 14px;||}||selector .et_pb_gallery_items {||  pointer-events: none !important;||}&#8221; global_colors_info=&#8221;{}&#8221;][\/et_pb_gallery][et_pb_text _builder_version=&#8221;4.27.0&#8243; _module_preset=&#8221;default&#8221; text_font=&#8221;Bebas Neue|300|||||||&#8221; text_font_size=&#8221;20px&#8221; text_line_height=&#8221;1.8em&#8221; header_font=&#8221;Bebas Neue||||||||&#8221; header_text_align=&#8221;center&#8221; header_font_size=&#8221;36px&#8221; header_3_font=&#8221;Bebas Neue||||||||&#8221; header_3_text_color=&#8221;#FFFFFF&#8221; header_3_font_size=&#8221;20px&#8221; text_orientation=&#8221;center&#8221; custom_css_free_form=&#8221;selector h3 {||    background-color: #f69900;||    padding: 10px 0 8px;||    width: 40%;||    text-align: center !important;||    margin: auto;||    margin-top: 16px;||}&#8221; global_colors_info=&#8221;{}&#8221;]<\/p>\n<h1>FF2<\/h1>\n<p>18&#8243;<\/p>\n<h3>Tuning<\/h3>\n<p>[\/et_pb_text][\/et_pb_column][et_pb_column type=&#8221;1_3&#8243; _builder_version=&#8221;4.27.4&#8243; _module_preset=&#8221;default&#8221; link_option_url=&#8221;https:\/\/monaco-wheels.com\/sv\/tuning-wheels\/ff3\/&#8221; hover_enabled=&#8221;0&#8243; global_colors_info=&#8221;{}&#8221; sticky_enabled=&#8221;0&#8243;][et_pb_gallery gallery_ids=&#8221;22992987,22992989&#8243; fullwidth=&#8221;on&#8221; module_id=&#8221;ff3&#8243; _builder_version=&#8221;4.27.4&#8243; _module_preset=&#8221;default&#8221; width_tablet=&#8221;52%&#8221; width_phone=&#8221;100%&#8221; width_last_edited=&#8221;on|phone&#8221; module_alignment=&#8221;center&#8221; custom_css_free_form=&#8221;selector .et-pb-controllers {||    position: relative;||    top: 14px;||}||selector .et_pb_gallery_items {||  pointer-events: none !important;||}&#8221; global_colors_info=&#8221;{}&#8221;][\/et_pb_gallery][et_pb_text _builder_version=&#8221;4.27.4&#8243; _module_preset=&#8221;default&#8221; text_font=&#8221;Bebas Neue|300|||||||&#8221; text_font_size=&#8221;20px&#8221; text_line_height=&#8221;1.8em&#8221; header_font=&#8221;Bebas Neue||||||||&#8221; header_text_align=&#8221;center&#8221; header_font_size=&#8221;36px&#8221; header_3_font=&#8221;Bebas Neue||||||||&#8221; header_3_text_color=&#8221;#FFFFFF&#8221; header_3_font_size=&#8221;20px&#8221; text_orientation=&#8221;center&#8221; custom_css_free_form=&#8221;selector h3 {||    background-color: #f69900;||    padding: 10px 0 8px;||    width: 40%;||    text-align: center !important;||    margin: auto;||    margin-top: 16px;||}&#8221; global_colors_info=&#8221;{}&#8221;]<\/p>\n<h1>FF3<\/h1>\n<p>19&#8243;<\/p>\n<h3>Tuning<\/h3>\n<p>[\/et_pb_text][\/et_pb_column][\/et_pb_row][\/et_pb_section][et_pb_section fb_built=&#8221;1&#8243; _builder_version=&#8221;4.27.4&#8243; _module_preset=&#8221;default&#8221; background_enable_color=&#8221;off&#8221; use_background_color_gradient=&#8221;on&#8221; background_color_gradient_direction=&#8221;74deg&#8221; background_color_gradient_stops=&#8221;rgba(255,255,255,0) 50%|#eeeeee 50%&#8221; global_colors_info=&#8221;{}&#8221;][et_pb_row column_structure=&#8221;1_3,2_3&#8243; _builder_version=&#8221;4.27.4&#8243; _module_preset=&#8221;default&#8221; global_colors_info=&#8221;{}&#8221;][et_pb_column type=&#8221;1_3&#8243; _builder_version=&#8221;4.27.4&#8243; _module_preset=&#8221;default&#8221; link_option_url=&#8221;https:\/\/monaco-wheels.com\/sv\/tuning-wheels\/ff4\/&#8221; hover_enabled=&#8221;0&#8243; global_colors_info=&#8221;{}&#8221; sticky_enabled=&#8221;0&#8243;][et_pb_gallery gallery_ids=&#8221;22992993,22992991&#8243; fullwidth=&#8221;on&#8221; module_id=&#8221;ff4&#8243; _builder_version=&#8221;4.27.4&#8243; _module_preset=&#8221;default&#8221; width_tablet=&#8221;52%&#8221; width_phone=&#8221;100%&#8221; width_last_edited=&#8221;on|phone&#8221; module_alignment=&#8221;center&#8221; hover_enabled=&#8221;0&#8243; custom_css_free_form=&#8221;selector .et-pb-controllers {||    position: relative;||    top: 14px;||}||selector .et_pb_gallery_items {||  pointer-events: none !important;||}&#8221; global_colors_info=&#8221;{}&#8221; sticky_enabled=&#8221;0&#8243;][\/et_pb_gallery][et_pb_text _builder_version=&#8221;4.27.0&#8243; _module_preset=&#8221;default&#8221; text_font=&#8221;Bebas Neue|300|||||||&#8221; text_font_size=&#8221;20px&#8221; text_line_height=&#8221;1.8em&#8221; header_font=&#8221;Bebas Neue||||||||&#8221; header_text_align=&#8221;center&#8221; header_font_size=&#8221;36px&#8221; header_3_font=&#8221;Bebas Neue||||||||&#8221; header_3_text_color=&#8221;#FFFFFF&#8221; header_3_font_size=&#8221;20px&#8221; text_orientation=&#8221;center&#8221; custom_css_free_form=&#8221;selector h3 {||    background-color: #f69900;||    padding: 10px 0 8px;||    width: 40%;||    text-align: center !important;||    margin: auto;||    margin-top: 16px;||}&#8221; global_colors_info=&#8221;{}&#8221;]<\/p>\n<h1>FF4<\/h1>\n<p>18&#8243;<\/p>\n<h3>Tuning<\/h3>\n<p>[\/et_pb_text][\/et_pb_column][et_pb_column type=&#8221;2_3&#8243; _builder_version=&#8221;4.27.4&#8243; _module_preset=&#8221;default&#8221; global_colors_info=&#8221;{}&#8221;][\/et_pb_column][\/et_pb_row][\/et_pb_section]<\/p>\n","protected":false},"excerpt":{"rendered":"<p>Monaco Wheels Flow Forming Flow Forming-teknologi g\u00f6r f\u00e4lgar l\u00e4ttare, starkare och mer h\u00e5llbara.Lighter. Stronger. Faster. Monaco Wheels Flow Forming-serie \u00e4r utvecklad med en teknik d\u00e4r gjutna f\u00e4lgar v\u00e4rms upp och formas om med rullar. Denna process f\u00f6rt\u00e4tar metallstrukturen och g\u00f6r f\u00e4lgarna l\u00e4ttare och starkare \u00e4n traditionella gjutna f\u00e4lgar. Resultatet: sportiga designer som kombinerar optimal prestanda, h\u00e5llbarhet och p\u00e5litlighet. Dessa f\u00e4lgar \u00e4r perfekta f\u00f6r f\u00f6rare som v\u00e4rdes\u00e4tter kvalitet och k\u00f6rgl\u00e4dje.S\u00e5 tillverkas Monaco Wheels Flow Forming-f\u00e4lgarFF1 19&#8243; \/ 20&#8243; TuningFF2 18&#8243; TuningFF3 19&#8243; TuningFF4 18&#8243; Tuning<\/p>\n","protected":false},"author":3,"featured_media":0,"parent":0,"menu_order":0,"comment_status":"closed","ping_status":"closed","template":"","meta":{"_et_pb_use_builder":"on","_et_pb_old_content":"","_et_gb_content_width":"","footnotes":""},"dipi_cpt_category":[],"class_list":["post-22995649","page","type-page","status-publish","hentry"],"yoast_head":"<!-- This site is optimized with the Yoast SEO plugin v27.3 - https:\/\/yoast.com\/product\/yoast-seo-wordpress\/ -->\n<title>Flow Forming | Monaco Wheels<\/title>\n<meta name=\"description\" content=\"Flow Forming-teknologi g\u00f6r f\u00e4lgar l\u00e4ttare, starkare och mer h\u00e5llbara. Utforska Monaco Wheels utbud av Flow Forming-f\u00e4lgar.\" \/>\n<meta name=\"robots\" content=\"index, follow, max-snippet:-1, max-image-preview:large, max-video-preview:-1\" \/>\n<link rel=\"canonical\" href=\"https:\/\/monaco-wheels.com\/en\/flow-forming\/\" \/>\n<meta property=\"og:locale\" content=\"sv_SE\" \/>\n<meta property=\"og:type\" content=\"article\" \/>\n<meta property=\"og:title\" content=\"Flow Forming | Monaco Wheels\" \/>\n<meta property=\"og:description\" content=\"Flow Forming-teknologi g\u00f6r f\u00e4lgar l\u00e4ttare, starkare och mer h\u00e5llbara. Utforska Monaco Wheels utbud av Flow Forming-f\u00e4lgar.\" \/>\n<meta property=\"og:url\" content=\"https:\/\/monaco-wheels.com\/en\/flow-forming\/\" \/>\n<meta property=\"og:site_name\" content=\"Monaco Wheels\" \/>\n<meta property=\"article:modified_time\" content=\"2025-09-25T07:52:35+00:00\" \/>\n<meta name=\"twitter:card\" content=\"summary_large_image\" \/>\n<meta name=\"twitter:label1\" content=\"Ber\u00e4knad l\u00e4stid\" \/>\n\t<meta name=\"twitter:data1\" content=\"3 minuter\" \/>\n<script type=\"application\/ld+json\" class=\"yoast-schema-graph\">{\"@context\":\"https:\\\/\\\/schema.org\",\"@graph\":[{\"@type\":\"WebPage\",\"@id\":\"https:\\\/\\\/monaco-wheels.com\\\/en\\\/flow-forming\\\/\",\"url\":\"https:\\\/\\\/monaco-wheels.com\\\/en\\\/flow-forming\\\/\",\"name\":\"Flow Forming | Monaco Wheels\",\"isPartOf\":{\"@id\":\"https:\\\/\\\/monaco-wheels.com\\\/#website\"},\"datePublished\":\"2025-08-27T11:39:44+00:00\",\"dateModified\":\"2025-09-25T07:52:35+00:00\",\"description\":\"Flow Forming-teknologi g\u00f6r f\u00e4lgar l\u00e4ttare, starkare och mer h\u00e5llbara. Utforska Monaco Wheels utbud av Flow Forming-f\u00e4lgar.\",\"breadcrumb\":{\"@id\":\"https:\\\/\\\/monaco-wheels.com\\\/en\\\/flow-forming\\\/#breadcrumb\"},\"inLanguage\":\"sv-SE\",\"potentialAction\":[{\"@type\":\"ReadAction\",\"target\":[\"https:\\\/\\\/monaco-wheels.com\\\/en\\\/flow-forming\\\/\"]}]},{\"@type\":\"BreadcrumbList\",\"@id\":\"https:\\\/\\\/monaco-wheels.com\\\/en\\\/flow-forming\\\/#breadcrumb\",\"itemListElement\":[{\"@type\":\"ListItem\",\"position\":1,\"name\":\"Home\",\"item\":\"https:\\\/\\\/monaco-wheels.com\\\/sv\\\/\"},{\"@type\":\"ListItem\",\"position\":2,\"name\":\"Flow Forming\"}]},{\"@type\":\"WebSite\",\"@id\":\"https:\\\/\\\/monaco-wheels.com\\\/#website\",\"url\":\"https:\\\/\\\/monaco-wheels.com\\\/\",\"name\":\"Monaco Wheels\",\"description\":\"Where class &amp; quality meet\",\"potentialAction\":[{\"@type\":\"SearchAction\",\"target\":{\"@type\":\"EntryPoint\",\"urlTemplate\":\"https:\\\/\\\/monaco-wheels.com\\\/?s={search_term_string}\"},\"query-input\":{\"@type\":\"PropertyValueSpecification\",\"valueRequired\":true,\"valueName\":\"search_term_string\"}}],\"inLanguage\":\"sv-SE\"}]}<\/script>\n<!-- \/ Yoast SEO plugin. -->","yoast_head_json":{"title":"Flow Forming | Monaco Wheels","description":"Flow Forming-teknologi g\u00f6r f\u00e4lgar l\u00e4ttare, starkare och mer h\u00e5llbara. Utforska Monaco Wheels utbud av Flow Forming-f\u00e4lgar.","robots":{"index":"index","follow":"follow","max-snippet":"max-snippet:-1","max-image-preview":"max-image-preview:large","max-video-preview":"max-video-preview:-1"},"canonical":"https:\/\/monaco-wheels.com\/en\/flow-forming\/","og_locale":"sv_SE","og_type":"article","og_title":"Flow Forming | Monaco Wheels","og_description":"Flow Forming-teknologi g\u00f6r f\u00e4lgar l\u00e4ttare, starkare och mer h\u00e5llbara. Utforska Monaco Wheels utbud av Flow Forming-f\u00e4lgar.","og_url":"https:\/\/monaco-wheels.com\/en\/flow-forming\/","og_site_name":"Monaco Wheels","article_modified_time":"2025-09-25T07:52:35+00:00","twitter_card":"summary_large_image","twitter_misc":{"Ber\u00e4knad l\u00e4stid":"3 minuter"},"schema":{"@context":"https:\/\/schema.org","@graph":[{"@type":"WebPage","@id":"https:\/\/monaco-wheels.com\/en\/flow-forming\/","url":"https:\/\/monaco-wheels.com\/en\/flow-forming\/","name":"Flow Forming | Monaco Wheels","isPartOf":{"@id":"https:\/\/monaco-wheels.com\/#website"},"datePublished":"2025-08-27T11:39:44+00:00","dateModified":"2025-09-25T07:52:35+00:00","description":"Flow Forming-teknologi g\u00f6r f\u00e4lgar l\u00e4ttare, starkare och mer h\u00e5llbara. Utforska Monaco Wheels utbud av Flow Forming-f\u00e4lgar.","breadcrumb":{"@id":"https:\/\/monaco-wheels.com\/en\/flow-forming\/#breadcrumb"},"inLanguage":"sv-SE","potentialAction":[{"@type":"ReadAction","target":["https:\/\/monaco-wheels.com\/en\/flow-forming\/"]}]},{"@type":"BreadcrumbList","@id":"https:\/\/monaco-wheels.com\/en\/flow-forming\/#breadcrumb","itemListElement":[{"@type":"ListItem","position":1,"name":"Home","item":"https:\/\/monaco-wheels.com\/sv\/"},{"@type":"ListItem","position":2,"name":"Flow Forming"}]},{"@type":"WebSite","@id":"https:\/\/monaco-wheels.com\/#website","url":"https:\/\/monaco-wheels.com\/","name":"Monaco Wheels","description":"Where class &amp; quality meet","potentialAction":[{"@type":"SearchAction","target":{"@type":"EntryPoint","urlTemplate":"https:\/\/monaco-wheels.com\/?s={search_term_string}"},"query-input":{"@type":"PropertyValueSpecification","valueRequired":true,"valueName":"search_term_string"}}],"inLanguage":"sv-SE"}]}},"_links":{"self":[{"href":"https:\/\/monaco-wheels.com\/sv\/wp-json\/wp\/v2\/pages\/22995649","targetHints":{"allow":["GET"]}}],"collection":[{"href":"https:\/\/monaco-wheels.com\/sv\/wp-json\/wp\/v2\/pages"}],"about":[{"href":"https:\/\/monaco-wheels.com\/sv\/wp-json\/wp\/v2\/types\/page"}],"author":[{"embeddable":true,"href":"https:\/\/monaco-wheels.com\/sv\/wp-json\/wp\/v2\/users\/3"}],"replies":[{"embeddable":true,"href":"https:\/\/monaco-wheels.com\/sv\/wp-json\/wp\/v2\/comments?post=22995649"}],"version-history":[{"count":8,"href":"https:\/\/monaco-wheels.com\/sv\/wp-json\/wp\/v2\/pages\/22995649\/revisions"}],"predecessor-version":[{"id":22995717,"href":"https:\/\/monaco-wheels.com\/sv\/wp-json\/wp\/v2\/pages\/22995649\/revisions\/22995717"}],"wp:attachment":[{"href":"https:\/\/monaco-wheels.com\/sv\/wp-json\/wp\/v2\/media?parent=22995649"}],"wp:term":[{"taxonomy":"dipi_cpt_category","embeddable":true,"href":"https:\/\/monaco-wheels.com\/sv\/wp-json\/wp\/v2\/dipi_cpt_category?post=22995649"}],"curies":[{"name":"wp","href":"https:\/\/api.w.org\/{rel}","templated":true}]}}