{"id":22995637,"date":"2024-02-14T13:57:30","date_gmt":"2024-02-14T13:57:30","guid":{"rendered":"https:\/\/monaco-wheels.com\/contact\/"},"modified":"2025-09-25T07:38:21","modified_gmt":"2025-09-25T07:38:21","slug":"kontakt","status":"publish","type":"page","link":"https:\/\/monaco-wheels.com\/sv\/kontakt\/","title":{"rendered":"Kontakt"},"content":{"rendered":"<p>[et_pb_section fb_built=&#8221;1&#8243; specialty=&#8221;on&#8221; custom_padding_last_edited=&#8221;on|phone&#8221; _builder_version=&#8221;4.27.4&#8243; _module_preset=&#8221;default&#8221; use_background_color_gradient=&#8221;on&#8221; background_color_gradient_direction=&#8221;67deg&#8221; background_color_gradient_stops=&#8221;#f69900 50%|rgba(41,196,169,0.04) 50%&#8221; background_color_gradient_overlays_image=&#8221;on&#8221; background_image=&#8221;https:\/\/monaco-wheels.com\/wp-content\/uploads\/2025\/02\/monaco-wheels-tuning-wheels.jpg&#8221; background_position=&#8221;bottom_right&#8221; background_vertical_offset=&#8221;28%&#8221; inner_width_tablet=&#8221;&#8221; inner_width_phone=&#8221;&#8221; inner_width_last_edited=&#8221;on|phone&#8221; custom_padding=&#8221;4%||4%||true|false&#8221; custom_padding_tablet=&#8221;3%||3%||true|false&#8221; custom_padding_phone=&#8221;12%||2%||false|false&#8221; background_last_edited=&#8221;on|phone&#8221; use_background_color_gradient_phone=&#8221;on&#8221; background_color_gradient_stops_phone=&#8221;rgba(246,153,0,0.9) 100%|rgba(41,196,169,0.04) 100%&#8221; global_colors_info=&#8221;{}&#8221;][et_pb_column type=&#8221;2_3&#8243; specialty_columns=&#8221;2&#8243; _builder_version=&#8221;4.16&#8243; custom_padding=&#8221;|||&#8221; global_colors_info=&#8221;{}&#8221; custom_padding__hover=&#8221;|||&#8221;][et_pb_row_inner _builder_version=&#8221;4.27.0&#8243; _module_preset=&#8221;default&#8221; width=&#8221;70%&#8221; width_tablet=&#8221;70%&#8221; width_phone=&#8221;100%&#8221; width_last_edited=&#8221;on|phone&#8221; global_colors_info=&#8221;{}&#8221;][et_pb_column_inner saved_specialty_column_type=&#8221;2_3&#8243; _builder_version=&#8221;4.27.0&#8243; _module_preset=&#8221;default&#8221; global_colors_info=&#8221;{}&#8221;][et_pb_text _builder_version=&#8221;4.27.4&#8243; _module_preset=&#8221;default&#8221; text_font=&#8221;|300|||||||&#8221; text_text_color=&#8221;#FFFFFF&#8221; text_font_size=&#8221;22px&#8221; text_line_height=&#8221;2em&#8221; header_font=&#8221;Bebas Neue||||||||&#8221; header_text_color=&#8221;#FFFFFF&#8221; header_font_size=&#8221;82px&#8221; header_3_font=&#8221;Bebas Neue||||||||&#8221; header_3_text_color=&#8221;#FFFFFF&#8221; header_3_font_size=&#8221;28px&#8221; header_6_font=&#8221;Bebas Neue|700|||||||&#8221; header_6_font_size=&#8221;118px&#8221; header_6_letter_spacing=&#8221;1px&#8221; custom_margin=&#8221;||||false|false&#8221; header_text_align_tablet=&#8221;&#8221; header_text_align_phone=&#8221;left&#8221; header_text_align_last_edited=&#8221;on|phone&#8221; header_font_size_tablet=&#8221;78px&#8221; header_font_size_phone=&#8221;56px&#8221; header_font_size_last_edited=&#8221;on|phone&#8221; header_3_text_align_tablet=&#8221;&#8221; header_3_text_align_phone=&#8221;center&#8221; header_3_text_align_last_edited=&#8221;on|phone&#8221; global_colors_info=&#8221;{}&#8221;]<\/p>\n<h1>Support fr\u00e5n Monaco Wheels<\/h1>\n<p>Observera: Monaco Wheels s\u00e4ljer endast direkt till specialiserade \u00e5terf\u00f6rs\u00e4ljare.[\/et_pb_text][\/et_pb_column_inner][\/et_pb_row_inner][\/et_pb_column][et_pb_column type=&#8221;1_3&#8243; _builder_version=&#8221;4.16&#8243; custom_padding=&#8221;|||&#8221; global_colors_info=&#8221;{}&#8221; custom_padding__hover=&#8221;|||&#8221;][\/et_pb_column][\/et_pb_section][et_pb_section fb_built=&#8221;1&#8243; custom_padding_last_edited=&#8221;on|phone&#8221; _builder_version=&#8221;4.27.4&#8243; _module_preset=&#8221;default&#8221; use_background_color_gradient=&#8221;on&#8221; background_color_gradient_direction=&#8221;-74deg&#8221; background_color_gradient_stops=&#8221;#eeeeee 26%|#ffffff 26%&#8221; custom_padding=&#8221;6%||6%||true|false&#8221; custom_padding_tablet=&#8221;6%||6%||true|false&#8221; custom_padding_phone=&#8221;12%||6%||false|false&#8221; top_divider_color=&#8221;#d8d8d8&#8243; top_divider_height=&#8221;279px&#8221; top_divider_flip=&#8221;horizontal&#8221; global_colors_info=&#8221;{}&#8221;][et_pb_row _builder_version=&#8221;4.27.4&#8243; _module_preset=&#8221;default&#8221; max_width=&#8221;780px&#8221; custom_padding=&#8221;||||false|false&#8221; global_colors_info=&#8221;{}&#8221;][et_pb_column type=&#8221;4_4&#8243; _builder_version=&#8221;4.22.1&#8243; _module_preset=&#8221;default&#8221; global_colors_info=&#8221;{}&#8221;][et_pb_text _builder_version=&#8221;4.27.4&#8243; _module_preset=&#8221;default&#8221; text_font=&#8221;|300|||||||&#8221; text_font_size=&#8221;22px&#8221; text_line_height=&#8221;2em&#8221; header_3_font=&#8221;Bebas Neue||||||||&#8221; header_3_font_size=&#8221;68px&#8221; custom_padding=&#8221;||||false|false&#8221; header_3_font_size_tablet=&#8221;68px&#8221; header_3_font_size_phone=&#8221;38px&#8221; header_3_font_size_last_edited=&#8221;on|phone&#8221; global_colors_info=&#8221;{}&#8221;]<\/p>\n<h3>Kontakta oss<\/h3>\n<p>Har du fr\u00e5gor om v\u00e5ra produkter, vill du ge oss feedback eller s\u00f6ker du personlig r\u00e5dgivning? Fyll i formul\u00e4ret nedan s\u00e5 \u00e5terkommer vi till dig s\u00e5 snart som m\u00f6jligt. Du kan \u00e4ven kontakta oss via telefonnumret eller e-postadressen nedan.[\/et_pb_text][\/et_pb_column][\/et_pb_row][\/et_pb_section][et_pb_section fb_built=&#8221;1&#8243; custom_padding_last_edited=&#8221;on|phone&#8221; _builder_version=&#8221;4.27.4&#8243; _module_preset=&#8221;default&#8221; background_color=&#8221;#f4f4f4&#8243; custom_padding=&#8221;6%||6%||true|false&#8221; custom_padding_tablet=&#8221;6%||6%||true|false&#8221; custom_padding_phone=&#8221;12%||6%||false|false&#8221; top_divider_color=&#8221;#d8d8d8&#8243; top_divider_height=&#8221;279px&#8221; top_divider_flip=&#8221;horizontal&#8221; global_colors_info=&#8221;{}&#8221;][et_pb_row column_structure=&#8221;3_5,2_5&#8243; _builder_version=&#8221;4.27.4&#8243; _module_preset=&#8221;default&#8221; global_colors_info=&#8221;{}&#8221;][et_pb_column type=&#8221;3_5&#8243; _builder_version=&#8221;4.22.1&#8243; _module_preset=&#8221;default&#8221; global_colors_info=&#8221;{}&#8221;][et_pb_contact_form use_spam_service=&#8221;on&#8221; recaptcha_list=&#8221;Monaco Wheels|Monaco Wheels-0&#8243; email=&#8221;info@inter-tyre.nl&#8221; custom_message=&#8221;Iemand heeft het formulier op www.monaco-wheels.com\/contact\/ ingevuld. Graag contact opnemen.||et_pb_line_break_holder||||et_pb_line_break_holder||%%naam%%||et_pb_line_break_holder||%%telefoon%%||et_pb_line_break_holder||%%email%%||et_pb_line_break_holder||%%bericht%%&#8221; success_message=&#8221;Tack f\u00f6r ditt meddelande. Vi \u00e5terkommer till dig s\u00e5 snart som m\u00f6jligt.&#8221; submit_button_text=&#8221;Skicka&#8221; _builder_version=&#8221;4.27.4&#8243; _module_preset=&#8221;default&#8221; _unique_id=&#8221;e081f426-cca4-40ae-87f1-9309948020d6&#8243; form_field_background_color=&#8221;#FFFFFF&#8221; form_field_custom_margin=&#8221;||30px||false|false&#8221; form_field_font=&#8221;|300|||||||&#8221; form_field_font_size=&#8221;22px&#8221; custom_button=&#8221;on&#8221; button_text_size=&#8221;22px&#8221; button_text_color=&#8221;#000000&#8243; button_bg_color=&#8221;#FFFFFF&#8221; button_border_width=&#8221;4px&#8221; button_border_radius=&#8221;0px&#8221; button_font=&#8221;Bebas Neue||||||||&#8221; button_icon=&#8221;&#x45;||divi||400&#8243; button_on_hover=&#8221;off&#8221; button_custom_padding=&#8221;12px|40px|12px|30px|true|false&#8221; hover_enabled=&#8221;0&#8243; custom_css_free_form=&#8221;@media (max-width: 767px) {||  selector .et_contact_bottom_container {||    width: 100%;||    flex-direction: column;||    align-items: flex-start;||  }||||  selector .et_pb_contact_submit {||    margin-left: 10px;||  }||}||||selector .et-pb-contact-message {||    font-size: 22px !important;||    font-weight: 300;||    line-height: 2em;||}&#8221; global_colors_info=&#8221;{}&#8221; button_bg_color__hover_enabled=&#8221;on|hover&#8221; button_bg_color__hover=&#8221;#000000&#8243; button_bg_enable_color__hover=&#8221;on&#8221; button_text_color__hover_enabled=&#8221;on|desktop&#8221; button_text_color__hover=&#8221;#FFFFFF&#8221; sticky_enabled=&#8221;0&#8243;][et_pb_contact_field field_id=&#8221;naam&#8221; field_title=&#8221;Namn&#8221; fullwidth_field=&#8221;on&#8221; _builder_version=&#8221;4.27.4&#8243; hover_enabled=&#8221;0&#8243; global_colors_info=&#8221;{}&#8221; button_text_size__hover_enabled=&#8221;off&#8221; button_one_text_size__hover_enabled=&#8221;off&#8221; button_two_text_size__hover_enabled=&#8221;off&#8221; button_text_color__hover_enabled=&#8221;off&#8221; button_one_text_color__hover_enabled=&#8221;off&#8221; button_two_text_color__hover_enabled=&#8221;off&#8221; button_border_width__hover_enabled=&#8221;off&#8221; button_one_border_width__hover_enabled=&#8221;off&#8221; button_two_border_width__hover_enabled=&#8221;off&#8221; button_border_color__hover_enabled=&#8221;off&#8221; button_one_border_color__hover_enabled=&#8221;off&#8221; button_two_border_color__hover_enabled=&#8221;off&#8221; button_border_radius__hover_enabled=&#8221;off&#8221; button_one_border_radius__hover_enabled=&#8221;off&#8221; button_two_border_radius__hover_enabled=&#8221;off&#8221; button_letter_spacing__hover_enabled=&#8221;off&#8221; button_one_letter_spacing__hover_enabled=&#8221;off&#8221; button_two_letter_spacing__hover_enabled=&#8221;off&#8221; button_bg_color__hover_enabled=&#8221;off&#8221; button_one_bg_color__hover_enabled=&#8221;off&#8221; button_two_bg_color__hover_enabled=&#8221;off&#8221; sticky_enabled=&#8221;0&#8243;][\/et_pb_contact_field][et_pb_contact_field field_id=&#8221;telefoon&#8221; field_title=&#8221;Telefon&#8221; fullwidth_field=&#8221;on&#8221; _builder_version=&#8221;4.27.4&#8243; hover_enabled=&#8221;0&#8243; global_colors_info=&#8221;{}&#8221; button_text_size__hover_enabled=&#8221;off&#8221; button_one_text_size__hover_enabled=&#8221;off&#8221; button_two_text_size__hover_enabled=&#8221;off&#8221; button_text_color__hover_enabled=&#8221;off&#8221; button_one_text_color__hover_enabled=&#8221;off&#8221; button_two_text_color__hover_enabled=&#8221;off&#8221; button_border_width__hover_enabled=&#8221;off&#8221; button_one_border_width__hover_enabled=&#8221;off&#8221; button_two_border_width__hover_enabled=&#8221;off&#8221; button_border_color__hover_enabled=&#8221;off&#8221; button_one_border_color__hover_enabled=&#8221;off&#8221; button_two_border_color__hover_enabled=&#8221;off&#8221; button_border_radius__hover_enabled=&#8221;off&#8221; button_one_border_radius__hover_enabled=&#8221;off&#8221; button_two_border_radius__hover_enabled=&#8221;off&#8221; button_letter_spacing__hover_enabled=&#8221;off&#8221; button_one_letter_spacing__hover_enabled=&#8221;off&#8221; button_two_letter_spacing__hover_enabled=&#8221;off&#8221; button_bg_color__hover_enabled=&#8221;off&#8221; button_one_bg_color__hover_enabled=&#8221;off&#8221; button_two_bg_color__hover_enabled=&#8221;off&#8221; sticky_enabled=&#8221;0&#8243;][\/et_pb_contact_field][et_pb_contact_field field_id=&#8221;email&#8221; field_title=&#8221;E-post&#8221; field_type=&#8221;email&#8221; fullwidth_field=&#8221;on&#8221; _builder_version=&#8221;4.27.4&#8243; hover_enabled=&#8221;0&#8243; global_colors_info=&#8221;{}&#8221; button_text_size__hover_enabled=&#8221;off&#8221; button_one_text_size__hover_enabled=&#8221;off&#8221; button_two_text_size__hover_enabled=&#8221;off&#8221; button_text_color__hover_enabled=&#8221;off&#8221; button_one_text_color__hover_enabled=&#8221;off&#8221; button_two_text_color__hover_enabled=&#8221;off&#8221; button_border_width__hover_enabled=&#8221;off&#8221; button_one_border_width__hover_enabled=&#8221;off&#8221; button_two_border_width__hover_enabled=&#8221;off&#8221; button_border_color__hover_enabled=&#8221;off&#8221; button_one_border_color__hover_enabled=&#8221;off&#8221; button_two_border_color__hover_enabled=&#8221;off&#8221; button_border_radius__hover_enabled=&#8221;off&#8221; button_one_border_radius__hover_enabled=&#8221;off&#8221; button_two_border_radius__hover_enabled=&#8221;off&#8221; button_letter_spacing__hover_enabled=&#8221;off&#8221; button_one_letter_spacing__hover_enabled=&#8221;off&#8221; button_two_letter_spacing__hover_enabled=&#8221;off&#8221; button_bg_color__hover_enabled=&#8221;off&#8221; button_one_bg_color__hover_enabled=&#8221;off&#8221; button_two_bg_color__hover_enabled=&#8221;off&#8221; sticky_enabled=&#8221;0&#8243;][\/et_pb_contact_field][et_pb_contact_field field_id=&#8221;land&#8221; field_title=&#8221;Land&#8221; fullwidth_field=&#8221;on&#8221; _builder_version=&#8221;4.27.4&#8243; hover_enabled=&#8221;0&#8243; global_colors_info=&#8221;{}&#8221; button_text_size__hover_enabled=&#8221;off&#8221; button_one_text_size__hover_enabled=&#8221;off&#8221; button_two_text_size__hover_enabled=&#8221;off&#8221; button_text_color__hover_enabled=&#8221;off&#8221; button_one_text_color__hover_enabled=&#8221;off&#8221; button_two_text_color__hover_enabled=&#8221;off&#8221; button_border_width__hover_enabled=&#8221;off&#8221; button_one_border_width__hover_enabled=&#8221;off&#8221; button_two_border_width__hover_enabled=&#8221;off&#8221; button_border_color__hover_enabled=&#8221;off&#8221; button_one_border_color__hover_enabled=&#8221;off&#8221; button_two_border_color__hover_enabled=&#8221;off&#8221; button_border_radius__hover_enabled=&#8221;off&#8221; button_one_border_radius__hover_enabled=&#8221;off&#8221; button_two_border_radius__hover_enabled=&#8221;off&#8221; button_letter_spacing__hover_enabled=&#8221;off&#8221; button_one_letter_spacing__hover_enabled=&#8221;off&#8221; button_two_letter_spacing__hover_enabled=&#8221;off&#8221; button_bg_color__hover_enabled=&#8221;off&#8221; button_one_bg_color__hover_enabled=&#8221;off&#8221; button_two_bg_color__hover_enabled=&#8221;off&#8221; sticky_enabled=&#8221;0&#8243;][\/et_pb_contact_field][et_pb_contact_field field_id=&#8221;onderwerp&#8221; field_title=&#8221;\u00c4mne&#8221; fullwidth_field=&#8221;on&#8221; _builder_version=&#8221;4.27.4&#8243; hover_enabled=&#8221;0&#8243; global_colors_info=&#8221;{}&#8221; button_text_size__hover_enabled=&#8221;off&#8221; button_one_text_size__hover_enabled=&#8221;off&#8221; button_two_text_size__hover_enabled=&#8221;off&#8221; button_text_color__hover_enabled=&#8221;off&#8221; button_one_text_color__hover_enabled=&#8221;off&#8221; button_two_text_color__hover_enabled=&#8221;off&#8221; button_border_width__hover_enabled=&#8221;off&#8221; button_one_border_width__hover_enabled=&#8221;off&#8221; button_two_border_width__hover_enabled=&#8221;off&#8221; button_border_color__hover_enabled=&#8221;off&#8221; button_one_border_color__hover_enabled=&#8221;off&#8221; button_two_border_color__hover_enabled=&#8221;off&#8221; button_border_radius__hover_enabled=&#8221;off&#8221; button_one_border_radius__hover_enabled=&#8221;off&#8221; button_two_border_radius__hover_enabled=&#8221;off&#8221; button_letter_spacing__hover_enabled=&#8221;off&#8221; button_one_letter_spacing__hover_enabled=&#8221;off&#8221; button_two_letter_spacing__hover_enabled=&#8221;off&#8221; button_bg_color__hover_enabled=&#8221;off&#8221; button_one_bg_color__hover_enabled=&#8221;off&#8221; button_two_bg_color__hover_enabled=&#8221;off&#8221; sticky_enabled=&#8221;0&#8243;][\/et_pb_contact_field][et_pb_contact_field field_id=&#8221;bericht&#8221; field_title=&#8221;Meddelande&#8221; field_type=&#8221;text&#8221; fullwidth_field=&#8221;on&#8221; _builder_version=&#8221;4.27.4&#8243; hover_enabled=&#8221;0&#8243; global_colors_info=&#8221;{}&#8221; button_text_size__hover_enabled=&#8221;off&#8221; button_one_text_size__hover_enabled=&#8221;off&#8221; button_two_text_size__hover_enabled=&#8221;off&#8221; button_text_color__hover_enabled=&#8221;off&#8221; button_one_text_color__hover_enabled=&#8221;off&#8221; button_two_text_color__hover_enabled=&#8221;off&#8221; button_border_width__hover_enabled=&#8221;off&#8221; button_one_border_width__hover_enabled=&#8221;off&#8221; button_two_border_width__hover_enabled=&#8221;off&#8221; button_border_color__hover_enabled=&#8221;off&#8221; button_one_border_color__hover_enabled=&#8221;off&#8221; button_two_border_color__hover_enabled=&#8221;off&#8221; button_border_radius__hover_enabled=&#8221;off&#8221; button_one_border_radius__hover_enabled=&#8221;off&#8221; button_two_border_radius__hover_enabled=&#8221;off&#8221; button_letter_spacing__hover_enabled=&#8221;off&#8221; button_one_letter_spacing__hover_enabled=&#8221;off&#8221; button_two_letter_spacing__hover_enabled=&#8221;off&#8221; button_bg_color__hover_enabled=&#8221;off&#8221; button_one_bg_color__hover_enabled=&#8221;off&#8221; button_two_bg_color__hover_enabled=&#8221;off&#8221; sticky_enabled=&#8221;0&#8243;][\/et_pb_contact_field][\/et_pb_contact_form][\/et_pb_column][et_pb_column type=&#8221;2_5&#8243; disabled_on=&#8221;off|off|off&#8221; _builder_version=&#8221;4.27.4&#8243; _module_preset=&#8221;default&#8221; global_colors_info=&#8221;{}&#8221;][et_pb_text _builder_version=&#8221;4.27.4&#8243; _module_preset=&#8221;default&#8221; text_font=&#8221;|300|||||||&#8221; text_font_size=&#8221;22px&#8221; text_line_height=&#8221;2em&#8221; header_5_font=&#8221;Bebas Neue||||||||&#8221; header_5_font_size=&#8221;38px&#8221; global_colors_info=&#8221;{}&#8221;]<\/p>\n<h5>Adressuppgifter<\/h5>\n<p>Inter-Tyre Holland B.V.<br \/>\nDistriboulevard 25<br \/>\n4761 RZ Moerdijk<br \/>\nNederl\u00e4nderna<\/p>\n<p><strong>T:<\/strong> +31 168 &#8211; 392 800<br \/>\n<strong>E:<\/strong> <span style=\"color: #666;\"><a href=\"info@inter-tyre.nl\" style=\"color: #666;\">info@inter-tyre.nl<\/a><\/span><br \/>\n<strong>W:<\/strong> <span style=\"color: #666;\"><a href=\"http:\/\/www.monaco-wheels.com\" style=\"color: #666;\">www.monaco-wheels.com<\/a><\/span>[\/et_pb_text][\/et_pb_column][\/et_pb_row][\/et_pb_section]<\/p>\n","protected":false},"excerpt":{"rendered":"<p>Support fr\u00e5n Monaco Wheels Observera: Monaco Wheels s\u00e4ljer endast direkt till specialiserade \u00e5terf\u00f6rs\u00e4ljare.Kontakta oss Har du fr\u00e5gor om v\u00e5ra produkter, vill du ge oss feedback eller s\u00f6ker du personlig r\u00e5dgivning? Fyll i formul\u00e4ret nedan s\u00e5 \u00e5terkommer vi till dig s\u00e5 snart som m\u00f6jligt. Du kan \u00e4ven kontakta oss via telefonnumret eller e-postadressen nedan.Adressuppgifter Inter-Tyre Holland B.V. Distriboulevard 25 4761 RZ Moerdijk Nederl\u00e4nderna T: +31 168 &#8211; 392 800 E: info@inter-tyre.nl W: www.monaco-wheels.com<\/p>\n","protected":false},"author":3,"featured_media":0,"parent":0,"menu_order":0,"comment_status":"closed","ping_status":"closed","template":"","meta":{"_et_pb_use_builder":"on","_et_pb_old_content":"","_et_gb_content_width":"","footnotes":""},"dipi_cpt_category":[],"class_list":["post-22995637","page","type-page","status-publish","hentry"],"yoast_head":"<!-- This site is optimized with the Yoast SEO plugin v27.3 - https:\/\/yoast.com\/product\/yoast-seo-wordpress\/ -->\n<title>Kontakt | Monaco Wheels<\/title>\n<meta name=\"description\" content=\"Har du en fr\u00e5ga om v\u00e5ra produkter, v\u00e5r service eller n\u00e5got annat som r\u00f6r Monaco Wheels? Kontakta oss g\u00e4rna!\" \/>\n<meta name=\"robots\" content=\"index, follow, max-snippet:-1, max-image-preview:large, max-video-preview:-1\" \/>\n<link rel=\"canonical\" href=\"https:\/\/monaco-wheels.com\/sv\/kontakt\/\" \/>\n<meta property=\"og:locale\" content=\"sv_SE\" \/>\n<meta property=\"og:type\" content=\"article\" \/>\n<meta property=\"og:title\" content=\"Kontakt | Monaco Wheels\" \/>\n<meta property=\"og:description\" content=\"Har du en fr\u00e5ga om v\u00e5ra produkter, v\u00e5r service eller n\u00e5got annat som r\u00f6r Monaco Wheels? Kontakta oss g\u00e4rna!\" \/>\n<meta property=\"og:url\" content=\"https:\/\/monaco-wheels.com\/sv\/kontakt\/\" \/>\n<meta property=\"og:site_name\" content=\"Monaco Wheels\" \/>\n<meta property=\"article:modified_time\" content=\"2025-09-25T07:38:21+00:00\" \/>\n<meta name=\"twitter:card\" content=\"summary_large_image\" \/>\n<meta name=\"twitter:label1\" content=\"Ber\u00e4knad l\u00e4stid\" \/>\n\t<meta name=\"twitter:data1\" content=\"1 minut\" \/>\n<script type=\"application\/ld+json\" class=\"yoast-schema-graph\">{\"@context\":\"https:\\\/\\\/schema.org\",\"@graph\":[{\"@type\":\"WebPage\",\"@id\":\"https:\\\/\\\/monaco-wheels.com\\\/sv\\\/kontakt\\\/\",\"url\":\"https:\\\/\\\/monaco-wheels.com\\\/sv\\\/kontakt\\\/\",\"name\":\"Kontakt | Monaco Wheels\",\"isPartOf\":{\"@id\":\"https:\\\/\\\/monaco-wheels.com\\\/#website\"},\"datePublished\":\"2024-02-14T13:57:30+00:00\",\"dateModified\":\"2025-09-25T07:38:21+00:00\",\"description\":\"Har du en fr\u00e5ga om v\u00e5ra produkter, v\u00e5r service eller n\u00e5got annat som r\u00f6r Monaco Wheels? Kontakta oss g\u00e4rna!\",\"breadcrumb\":{\"@id\":\"https:\\\/\\\/monaco-wheels.com\\\/sv\\\/kontakt\\\/#breadcrumb\"},\"inLanguage\":\"sv-SE\",\"potentialAction\":[{\"@type\":\"ReadAction\",\"target\":[\"https:\\\/\\\/monaco-wheels.com\\\/sv\\\/kontakt\\\/\"]}]},{\"@type\":\"BreadcrumbList\",\"@id\":\"https:\\\/\\\/monaco-wheels.com\\\/sv\\\/kontakt\\\/#breadcrumb\",\"itemListElement\":[{\"@type\":\"ListItem\",\"position\":1,\"name\":\"Home\",\"item\":\"https:\\\/\\\/monaco-wheels.com\\\/sv\\\/\"},{\"@type\":\"ListItem\",\"position\":2,\"name\":\"Kontakt\"}]},{\"@type\":\"WebSite\",\"@id\":\"https:\\\/\\\/monaco-wheels.com\\\/#website\",\"url\":\"https:\\\/\\\/monaco-wheels.com\\\/\",\"name\":\"Monaco Wheels\",\"description\":\"Where class &amp; quality meet\",\"potentialAction\":[{\"@type\":\"SearchAction\",\"target\":{\"@type\":\"EntryPoint\",\"urlTemplate\":\"https:\\\/\\\/monaco-wheels.com\\\/?s={search_term_string}\"},\"query-input\":{\"@type\":\"PropertyValueSpecification\",\"valueRequired\":true,\"valueName\":\"search_term_string\"}}],\"inLanguage\":\"sv-SE\"}]}<\/script>\n<!-- \/ Yoast SEO plugin. -->","yoast_head_json":{"title":"Kontakt | Monaco Wheels","description":"Har du en fr\u00e5ga om v\u00e5ra produkter, v\u00e5r service eller n\u00e5got annat som r\u00f6r Monaco Wheels? Kontakta oss g\u00e4rna!","robots":{"index":"index","follow":"follow","max-snippet":"max-snippet:-1","max-image-preview":"max-image-preview:large","max-video-preview":"max-video-preview:-1"},"canonical":"https:\/\/monaco-wheels.com\/sv\/kontakt\/","og_locale":"sv_SE","og_type":"article","og_title":"Kontakt | Monaco Wheels","og_description":"Har du en fr\u00e5ga om v\u00e5ra produkter, v\u00e5r service eller n\u00e5got annat som r\u00f6r Monaco Wheels? Kontakta oss g\u00e4rna!","og_url":"https:\/\/monaco-wheels.com\/sv\/kontakt\/","og_site_name":"Monaco Wheels","article_modified_time":"2025-09-25T07:38:21+00:00","twitter_card":"summary_large_image","twitter_misc":{"Ber\u00e4knad l\u00e4stid":"1 minut"},"schema":{"@context":"https:\/\/schema.org","@graph":[{"@type":"WebPage","@id":"https:\/\/monaco-wheels.com\/sv\/kontakt\/","url":"https:\/\/monaco-wheels.com\/sv\/kontakt\/","name":"Kontakt | Monaco Wheels","isPartOf":{"@id":"https:\/\/monaco-wheels.com\/#website"},"datePublished":"2024-02-14T13:57:30+00:00","dateModified":"2025-09-25T07:38:21+00:00","description":"Har du en fr\u00e5ga om v\u00e5ra produkter, v\u00e5r service eller n\u00e5got annat som r\u00f6r Monaco Wheels? Kontakta oss g\u00e4rna!","breadcrumb":{"@id":"https:\/\/monaco-wheels.com\/sv\/kontakt\/#breadcrumb"},"inLanguage":"sv-SE","potentialAction":[{"@type":"ReadAction","target":["https:\/\/monaco-wheels.com\/sv\/kontakt\/"]}]},{"@type":"BreadcrumbList","@id":"https:\/\/monaco-wheels.com\/sv\/kontakt\/#breadcrumb","itemListElement":[{"@type":"ListItem","position":1,"name":"Home","item":"https:\/\/monaco-wheels.com\/sv\/"},{"@type":"ListItem","position":2,"name":"Kontakt"}]},{"@type":"WebSite","@id":"https:\/\/monaco-wheels.com\/#website","url":"https:\/\/monaco-wheels.com\/","name":"Monaco Wheels","description":"Where class &amp; quality meet","potentialAction":[{"@type":"SearchAction","target":{"@type":"EntryPoint","urlTemplate":"https:\/\/monaco-wheels.com\/?s={search_term_string}"},"query-input":{"@type":"PropertyValueSpecification","valueRequired":true,"valueName":"search_term_string"}}],"inLanguage":"sv-SE"}]}},"_links":{"self":[{"href":"https:\/\/monaco-wheels.com\/sv\/wp-json\/wp\/v2\/pages\/22995637","targetHints":{"allow":["GET"]}}],"collection":[{"href":"https:\/\/monaco-wheels.com\/sv\/wp-json\/wp\/v2\/pages"}],"about":[{"href":"https:\/\/monaco-wheels.com\/sv\/wp-json\/wp\/v2\/types\/page"}],"author":[{"embeddable":true,"href":"https:\/\/monaco-wheels.com\/sv\/wp-json\/wp\/v2\/users\/3"}],"replies":[{"embeddable":true,"href":"https:\/\/monaco-wheels.com\/sv\/wp-json\/wp\/v2\/comments?post=22995637"}],"version-history":[{"count":7,"href":"https:\/\/monaco-wheels.com\/sv\/wp-json\/wp\/v2\/pages\/22995637\/revisions"}],"predecessor-version":[{"id":22995698,"href":"https:\/\/monaco-wheels.com\/sv\/wp-json\/wp\/v2\/pages\/22995637\/revisions\/22995698"}],"wp:attachment":[{"href":"https:\/\/monaco-wheels.com\/sv\/wp-json\/wp\/v2\/media?parent=22995637"}],"wp:term":[{"taxonomy":"dipi_cpt_category","embeddable":true,"href":"https:\/\/monaco-wheels.com\/sv\/wp-json\/wp\/v2\/dipi_cpt_category?post=22995637"}],"curies":[{"name":"wp","href":"https:\/\/api.w.org\/{rel}","templated":true}]}}