{"id":22995633,"date":"2024-02-14T14:21:07","date_gmt":"2024-02-14T14:21:07","guid":{"rendered":"https:\/\/monaco-wheels.com\/configurator\/"},"modified":"2025-09-25T07:15:20","modified_gmt":"2025-09-25T07:15:20","slug":"konfigurator","status":"publish","type":"page","link":"https:\/\/monaco-wheels.com\/sv\/konfigurator\/","title":{"rendered":"Konfigurator"},"content":{"rendered":"<p>[et_pb_section fb_built=&#8221;1&#8243; specialty=&#8221;on&#8221; custom_padding_last_edited=&#8221;on|phone&#8221; _builder_version=&#8221;4.27.4&#8243; _module_preset=&#8221;default&#8221; use_background_color_gradient=&#8221;on&#8221; background_color_gradient_direction=&#8221;67deg&#8221; background_color_gradient_stops=&#8221;#f69900 50%|rgba(41,196,169,0.04) 50%&#8221; background_color_gradient_overlays_image=&#8221;on&#8221; background_image=&#8221;https:\/\/monaco-wheels.com\/wp-content\/uploads\/2025\/02\/monaco-wheels-tuning-wheels.jpg&#8221; background_position=&#8221;bottom_right&#8221; background_vertical_offset=&#8221;28%&#8221; inner_width_tablet=&#8221;&#8221; inner_width_phone=&#8221;&#8221; inner_width_last_edited=&#8221;on|phone&#8221; custom_padding=&#8221;4%||4%||true|false&#8221; custom_padding_tablet=&#8221;3%||3%||true|false&#8221; custom_padding_phone=&#8221;12%||2%||false|false&#8221; background_last_edited=&#8221;on|phone&#8221; use_background_color_gradient_phone=&#8221;on&#8221; background_color_gradient_stops_phone=&#8221;rgba(246,153,0,0.9) 100%|rgba(41,196,169,0.04) 100%&#8221; global_colors_info=&#8221;{}&#8221;][et_pb_column type=&#8221;2_3&#8243; specialty_columns=&#8221;2&#8243; _builder_version=&#8221;4.16&#8243; custom_padding=&#8221;|||&#8221; global_colors_info=&#8221;{}&#8221; custom_padding__hover=&#8221;|||&#8221;][et_pb_row_inner _builder_version=&#8221;4.27.0&#8243; _module_preset=&#8221;default&#8221; width=&#8221;70%&#8221; width_tablet=&#8221;70%&#8221; width_phone=&#8221;100%&#8221; width_last_edited=&#8221;on|phone&#8221; global_colors_info=&#8221;{}&#8221;][et_pb_column_inner saved_specialty_column_type=&#8221;2_3&#8243; _builder_version=&#8221;4.27.0&#8243; _module_preset=&#8221;default&#8221; global_colors_info=&#8221;{}&#8221;][et_pb_text _builder_version=&#8221;4.27.4&#8243; _module_preset=&#8221;default&#8221; text_font=&#8221;|300|||||||&#8221; text_text_color=&#8221;#FFFFFF&#8221; text_font_size=&#8221;22px&#8221; text_line_height=&#8221;2em&#8221; header_font=&#8221;Bebas Neue||||||||&#8221; header_text_color=&#8221;#FFFFFF&#8221; header_font_size=&#8221;82px&#8221; header_3_font=&#8221;Bebas Neue||||||||&#8221; header_3_text_color=&#8221;#FFFFFF&#8221; header_3_font_size=&#8221;28px&#8221; header_6_font=&#8221;Bebas Neue|700|||||||&#8221; header_6_font_size=&#8221;118px&#8221; header_6_letter_spacing=&#8221;1px&#8221; custom_margin=&#8221;||||false|false&#8221; header_text_align_tablet=&#8221;&#8221; header_text_align_phone=&#8221;left&#8221; header_text_align_last_edited=&#8221;on|phone&#8221; header_font_size_tablet=&#8221;78px&#8221; header_font_size_phone=&#8221;56px&#8221; header_font_size_last_edited=&#8221;on|phone&#8221; header_3_text_align_tablet=&#8221;&#8221; header_3_text_align_phone=&#8221;center&#8221; header_3_text_align_last_edited=&#8221;on|phone&#8221; global_colors_info=&#8221;{}&#8221;]<\/p>\n<h1>Monaco Wheels-konfigurator<\/h1>\n<p>Anv\u00e4nd v\u00e5r f\u00e4lgkonfigurator f\u00f6r att snabbt och enkelt hitta de f\u00e4lgar som passar din bil.[\/et_pb_text][\/et_pb_column_inner][\/et_pb_row_inner][\/et_pb_column][et_pb_column type=&#8221;1_3&#8243; _builder_version=&#8221;4.16&#8243; custom_padding=&#8221;|||&#8221; global_colors_info=&#8221;{}&#8221; custom_padding__hover=&#8221;|||&#8221;][\/et_pb_column][\/et_pb_section][et_pb_section fb_built=&#8221;1&#8243; custom_padding_last_edited=&#8221;on|phone&#8221; _builder_version=&#8221;4.27.4&#8243; _module_preset=&#8221;default&#8221; use_background_color_gradient=&#8221;on&#8221; background_color_gradient_direction=&#8221;-74deg&#8221; background_color_gradient_stops=&#8221;#eeeeee 26%|#ffffff 26%&#8221; custom_padding=&#8221;6%||6%||true|false&#8221; custom_padding_tablet=&#8221;6%||6%||true|false&#8221; custom_padding_phone=&#8221;12%||6%||false|false&#8221; top_divider_color=&#8221;#d8d8d8&#8243; top_divider_height=&#8221;279px&#8221; top_divider_flip=&#8221;horizontal&#8221; global_colors_info=&#8221;{}&#8221;][et_pb_row _builder_version=&#8221;4.27.4&#8243; _module_preset=&#8221;default&#8221; max_width=&#8221;780px&#8221; custom_padding=&#8221;||||false|false&#8221; global_colors_info=&#8221;{}&#8221;][et_pb_column type=&#8221;4_4&#8243; _builder_version=&#8221;4.22.1&#8243; _module_preset=&#8221;default&#8221; global_colors_info=&#8221;{}&#8221;][et_pb_text _builder_version=&#8221;4.27.4&#8243; _module_preset=&#8221;default&#8221; text_font=&#8221;|300|||||||&#8221; text_font_size=&#8221;22px&#8221; text_line_height=&#8221;2em&#8221; header_3_font=&#8221;Bebas Neue||||||||&#8221; header_3_font_size=&#8221;68px&#8221; custom_padding=&#8221;||||false|false&#8221; hover_enabled=&#8221;0&#8243; global_colors_info=&#8221;{}&#8221; sticky_enabled=&#8221;0&#8243;]<\/p>\n<h3>Hitta dina f\u00e4lgar<\/h3>\n<p>Med v\u00e5r f\u00e4lgkonfigurator kan du s\u00f6ka efter dina Monaco-f\u00e4lgar p\u00e5 tv\u00e5 enkla s\u00e4tt. Ange antingen ett registreringsnummer eller bilens m\u00e4rke, modell och typ \u2013 s\u00e5 visas direkt de Monaco-f\u00e4lgar som passar din bil.[\/et_pb_text][\/et_pb_column][\/et_pb_row][\/et_pb_section][et_pb_section fb_built=&#8221;1&#8243; _builder_version=&#8221;4.27.4&#8243; _module_preset=&#8221;default&#8221; background_color=&#8221;#f4f4f4&#8243; custom_padding=&#8221;6%||6%||true|false&#8221; global_colors_info=&#8221;{}&#8221;][et_pb_row _builder_version=&#8221;4.27.4&#8243; _module_preset=&#8221;default&#8221; global_colors_info=&#8221;{}&#8221;][et_pb_column type=&#8221;4_4&#8243; _builder_version=&#8221;4.27.4&#8243; _module_preset=&#8221;default&#8221; global_colors_info=&#8221;{}&#8221;][et_pb_text _builder_version=&#8221;4.27.4&#8243; _module_preset=&#8221;default&#8221; module_alignment=&#8221;center&#8221; global_colors_info=&#8221;{}&#8221;]<\/p>\n<div id=\"dwd-wp-wielenzoeker-filter\" class=\"dwd-wp-wielenzoeker__filter\">\n\t<div class=\"dwd-wp-wielenzoeker__filter__tabs\">\n    <a class=\"dwd-wp-wielenzoeker__filter__tab active\" href=\"#dwd-wp-wielenzoeker-filter-car\">\n            <span class=\"dwd-wp-wielenzoeker__filter__tab__icon\"><svg width=\"24\" height=\"19\" viewBox=\"0 0 24 19\"\n                                                                      fill=\"none\" xmlns=\"http:\/\/www.w3.org\/2000\/svg\">\n<path d=\"M21.4189 7.36768L20.8701 5.99561L19.897 3.5625C19.0615 1.47412 17.0688 0.125 14.8193 0.125H8.61816C6.36914 0.125 4.37598 1.47412 3.54053 3.5625L2.56738 5.99561L2.01855 7.36768C0.84082 7.81543 0 8.94629 0 10.2812V12.625C0 13.4121 0.300781 14.1226 0.78125 14.6724V17.3125C0.78125 18.1753 1.48096 18.875 2.34375 18.875H3.90625C4.76904 18.875 5.46875 18.1753 5.46875 17.3125V15.75H17.9688V17.3125C17.9688 18.1753 18.6685 18.875 19.5312 18.875H21.0938C21.9565 18.875 22.6562 18.1753 22.6562 17.3125V14.6724C23.1367 14.123 23.4375 13.4126 23.4375 12.625V10.2812C23.4375 8.94629 22.5967 7.81543 21.4189 7.36768ZM6.44189 4.72314C6.79785 3.8335 7.65967 3.25 8.61816 3.25H14.8193C15.7778 3.25 16.6396 3.8335 16.9956 4.72314L17.9688 7.15625H5.46875L6.44189 4.72314ZM3.90625 12.6152C2.96875 12.6152 2.34375 11.9922 2.34375 11.0576C2.34375 10.123 2.96875 9.5 3.90625 9.5C4.84375 9.5 6.25 10.9019 6.25 11.8364C6.25 12.771 4.84375 12.6152 3.90625 12.6152ZM19.5312 12.6152C18.5938 12.6152 17.1875 12.771 17.1875 11.8364C17.1875 10.9019 18.5938 9.5 19.5312 9.5C20.4688 9.5 21.0938 10.123 21.0938 11.0576C21.0938 11.9922 20.4688 12.6152 19.5312 12.6152Z\"\n      fill=\"#505050\"\/>\n<\/svg><\/span>\n\t\tSearch by car<\/a>\n    <a class=\"dwd-wp-wielenzoeker__filter__tab\" href=\"#dwd-wp-wielenzoeker-filter-license\">\n            <span class=\"dwd-wp-wielenzoeker__filter__tab__icon\"><svg width=\"25\" height=\"18\" viewBox=\"0 0 25 18\"\n                                                                      fill=\"none\" xmlns=\"http:\/\/www.w3.org\/2000\/svg\">\n<path d=\"M5.55556 4.80665H19.4444V13.1933H5.55556V4.80665ZM22.9167 9C22.9167 10.158 23.8494 11.0967 25 11.0967V15.29C25 16.448 24.0673 17.3867 22.9167 17.3867H2.08333C0.932726 17.3867 0 16.448 0 15.29V11.0967C1.15061 11.0967 2.08333 10.158 2.08333 9C2.08333 7.84202 1.15061 6.90332 0 6.90332V2.70998C0 1.55201 0.932726 0.613312 2.08333 0.613312H22.9167C24.0673 0.613312 25 1.55201 25 2.70998V6.90332C23.8494 6.90332 22.9167 7.84202 22.9167 9ZM20.8333 4.45721C20.8333 3.87822 20.367 3.40887 19.7917 3.40887H5.20833C4.63303 3.40887 4.16667 3.87822 4.16667 4.45721V13.5428C4.16667 14.1218 4.63303 14.5911 5.20833 14.5911H19.7917C20.367 14.5911 20.8333 14.1218 20.8333 13.5428V4.45721Z\"\n      fill=\"#505050\"\/>\n<\/svg><\/span>\n\t\tSearch by license plate<\/a>\n<\/div>    <div class=\"dwd-wp-wielenzoeker__filter__inner\">\n        <div id=\"dwd-wp-wielenzoeker-filter-car\" class=\"dwd-wp-wielenzoeker__filter__content active\">\n\t\t\t<form id=\"dwd-wp-wielenzoeker-filter-form-car\" class=\"dwd-wp-wielenzoeker__filter__form\" action=\"https:\/\/monaco-wheels.com\/sv\/wp-json\/wp\/v2\/pages\/22995633\/\">\n\t<input type=\"hidden\" id=\"nonce-car\" name=\"nonce-car\" value=\"6e8822709d\" \/><input type=\"hidden\" name=\"_wp_http_referer\" value=\"\/sv\/wp-json\/wp\/v2\/pages\/22995633\" \/>    <div class=\"dwd-wp-wielenzoeker__filter__labels\">\n        <div class=\"dwd-wp-wielenzoeker__loader-icon\">\n            <div><\/div>\n            <div><\/div>\n            <div><\/div>\n            <div><\/div>\n        <\/div>\n        <label>\n            <select name=\"brand\" data-target=\"model\">\n                <option value=\"\">Brand<\/option>\n            <\/select>\n        <\/label>\n        <label>\n            <select name=\"model\" data-target=\"type\">\n                <option value=\"\">Model<\/option>\n            <\/select>\n        <\/label>\n        <label>\n            <select name=\"type\" data-target=\"diameter\">\n                <option value=\"\">Type<\/option>\n            <\/select>\n        <\/label>\n        <label>\n            <select name=\"diameter\">\n                <option value=\"\">Diameter<\/option>\n            <\/select>\n        <\/label>\n    <\/div>\n    <div class=\"dwd-wp-wielenzoeker__filter__form-bottom\">\n        <p>Enter the details of the car to see which wheels fit your car<\/p>\n        <button type=\"submit\">View wheels<\/button>\n    <\/div>\n<\/form>        <\/div>\n        <div id=\"dwd-wp-wielenzoeker-filter-license\" class=\"dwd-wp-wielenzoeker__filter__content\">\n\t\t\t<form id=\"dwd-wp-wielenzoeker-filter-form-license\" class=\"dwd-wp-wielenzoeker__filter__form\" action=\"https:\/\/monaco-wheels.com\/sv\/wp-json\/wp\/v2\/pages\/22995633\/\">\n\t<input type=\"hidden\" id=\"nonce-license\" name=\"nonce-license\" value=\"6e8822709d\" \/><input type=\"hidden\" name=\"_wp_http_referer\" value=\"\/sv\/wp-json\/wp\/v2\/pages\/22995633\" \/>    <div class=\"dwd-wp-wielenzoeker__filter__labels\">\n        <div class=\"dwd-wp-wielenzoeker__loader-icon\">\n            <div><\/div>\n            <div><\/div>\n            <div><\/div>\n            <div><\/div>\n        <\/div>\n        <label>\n            <span class=\"dwd-wp-wielenzoeker__filter__input-license\">\n                <input type=\"text\" name=\"license\" maxlength=\"6\" spellcheck=\"false\" placeholder=\"A001BB\"\n                       data-target=\"type\">\n            <\/span>\n        <\/label>\n        <label>\n            <select name=\"brand\" data-target=\"model\">\n                <option value=\"\">Brand<\/option>\n            <\/select>\n        <\/label>\n        <label>\n            <select name=\"model\" data-target=\"type\">\n                <option value=\"\">Model<\/option>\n            <\/select>\n        <\/label>\n        <label>\n            <select name=\"type\" data-target=\"diameter\">\n                <option value=\"\">Type<\/option>\n            <\/select>\n        <\/label>\n        <label>\n            <select name=\"diameter\">\n                <option value=\"\">Diameter<\/option>\n            <\/select>\n        <\/label>\n    <\/div>\n    <div class=\"dwd-wp-wielenzoeker__filter__form-bottom\">\n        <p>Enter the details of the car to see which wheels fit your car<\/p>\n        <button type=\"submit\">View wheels<\/button>\n    <\/div>\n<\/form>        <\/div>\n    <\/div>\n<\/div>\n<p>[\/et_pb_text][et_pb_text _builder_version=&#8221;4.27.4&#8243; _module_preset=&#8221;default&#8221; module_alignment=&#8221;center&#8221; global_colors_info=&#8221;{}&#8221;]<div id=\"dwd-wp-wielenzoeker-results-wrapper\">\n    <div class=\"dwd-wp-wielenzoeker__loader-icon\">\n        <div><\/div>\n        <div><\/div>\n        <div><\/div>\n        <div><\/div>\n    <\/div>\n    <div id=\"dwd-wp-wielenzoeker-results\"><\/div>\n\t<\/div> [\/et_pb_text][\/et_pb_column][\/et_pb_row][\/et_pb_section]<\/p>\n","protected":false},"excerpt":{"rendered":"<p>Monaco Wheels-konfigurator Anv\u00e4nd v\u00e5r f\u00e4lgkonfigurator f\u00f6r att snabbt och enkelt hitta de f\u00e4lgar som passar din bil.Hitta dina f\u00e4lgar Med v\u00e5r f\u00e4lgkonfigurator kan du s\u00f6ka efter dina Monaco-f\u00e4lgar p\u00e5 tv\u00e5 enkla s\u00e4tt. Ange antingen ett registreringsnummer eller bilens m\u00e4rke, modell och typ \u2013 s\u00e5 visas direkt de Monaco-f\u00e4lgar som passar din bil.<div id=\"dwd-wp-wielenzoeker-filter\" class=\"dwd-wp-wielenzoeker__filter\">\n\t<div class=\"dwd-wp-wielenzoeker__filter__tabs\">\n    <a class=\"dwd-wp-wielenzoeker__filter__tab active\" href=\"#dwd-wp-wielenzoeker-filter-car\">\n            <span class=\"dwd-wp-wielenzoeker__filter__tab__icon\"><svg width=\"24\" height=\"19\" viewBox=\"0 0 24 19\"\n                                                                      fill=\"none\" xmlns=\"http:\/\/www.w3.org\/2000\/svg\">\n<path d=\"M21.4189 7.36768L20.8701 5.99561L19.897 3.5625C19.0615 1.47412 17.0688 0.125 14.8193 0.125H8.61816C6.36914 0.125 4.37598 1.47412 3.54053 3.5625L2.56738 5.99561L2.01855 7.36768C0.84082 7.81543 0 8.94629 0 10.2812V12.625C0 13.4121 0.300781 14.1226 0.78125 14.6724V17.3125C0.78125 18.1753 1.48096 18.875 2.34375 18.875H3.90625C4.76904 18.875 5.46875 18.1753 5.46875 17.3125V15.75H17.9688V17.3125C17.9688 18.1753 18.6685 18.875 19.5312 18.875H21.0938C21.9565 18.875 22.6562 18.1753 22.6562 17.3125V14.6724C23.1367 14.123 23.4375 13.4126 23.4375 12.625V10.2812C23.4375 8.94629 22.5967 7.81543 21.4189 7.36768ZM6.44189 4.72314C6.79785 3.8335 7.65967 3.25 8.61816 3.25H14.8193C15.7778 3.25 16.6396 3.8335 16.9956 4.72314L17.9688 7.15625H5.46875L6.44189 4.72314ZM3.90625 12.6152C2.96875 12.6152 2.34375 11.9922 2.34375 11.0576C2.34375 10.123 2.96875 9.5 3.90625 9.5C4.84375 9.5 6.25 10.9019 6.25 11.8364C6.25 12.771 4.84375 12.6152 3.90625 12.6152ZM19.5312 12.6152C18.5938 12.6152 17.1875 12.771 17.1875 11.8364C17.1875 10.9019 18.5938 9.5 19.5312 9.5C20.4688 9.5 21.0938 10.123 21.0938 11.0576C21.0938 11.9922 20.4688 12.6152 19.5312 12.6152Z\"\n      fill=\"#505050\"\/>\n<\/svg><\/span>\n\t\tSearch by car<\/a>\n    <a class=\"dwd-wp-wielenzoeker__filter__tab\" href=\"#dwd-wp-wielenzoeker-filter-license\">\n            <span class=\"dwd-wp-wielenzoeker__filter__tab__icon\"><svg width=\"25\" height=\"18\" viewBox=\"0 0 25 18\"\n                                                                      fill=\"none\" xmlns=\"http:\/\/www.w3.org\/2000\/svg\">\n<path d=\"M5.55556 4.80665H19.4444V13.1933H5.55556V4.80665ZM22.9167 9C22.9167 10.158 23.8494 11.0967 25 11.0967V15.29C25 16.448 24.0673 17.3867 22.9167 17.3867H2.08333C0.932726 17.3867 0 16.448 0 15.29V11.0967C1.15061 11.0967 2.08333 10.158 2.08333 9C2.08333 7.84202 1.15061 6.90332 0 6.90332V2.70998C0 1.55201 0.932726 0.613312 2.08333 0.613312H22.9167C24.0673 0.613312 25 1.55201 25 2.70998V6.90332C23.8494 6.90332 22.9167 7.84202 22.9167 9ZM20.8333 4.45721C20.8333 3.87822 20.367 3.40887 19.7917 3.40887H5.20833C4.63303 3.40887 4.16667 3.87822 4.16667 4.45721V13.5428C4.16667 14.1218 4.63303 14.5911 5.20833 14.5911H19.7917C20.367 14.5911 20.8333 14.1218 20.8333 13.5428V4.45721Z\"\n      fill=\"#505050\"\/>\n<\/svg><\/span>\n\t\tSearch by license plate<\/a>\n<\/div>    <div class=\"dwd-wp-wielenzoeker__filter__inner\">\n        <div id=\"dwd-wp-wielenzoeker-filter-car\" class=\"dwd-wp-wielenzoeker__filter__content active\">\n\t\t\t<form id=\"dwd-wp-wielenzoeker-filter-form-car\" class=\"dwd-wp-wielenzoeker__filter__form\" action=\"https:\/\/monaco-wheels.com\/sv\/wp-json\/wp\/v2\/pages\/22995633\/\">\n\t<input type=\"hidden\" id=\"nonce-car\" name=\"nonce-car\" value=\"6e8822709d\" \/><input type=\"hidden\" name=\"_wp_http_referer\" value=\"\/sv\/wp-json\/wp\/v2\/pages\/22995633\" \/>    <div class=\"dwd-wp-wielenzoeker__filter__labels\">\n        <div class=\"dwd-wp-wielenzoeker__loader-icon\">\n            <div><\/div>\n            <div><\/div>\n            <div><\/div>\n            <div><\/div>\n        <\/div>\n        <label>\n            <select name=\"brand\" data-target=\"model\">\n                <option value=\"\">Brand<\/option>\n            <\/select>\n        <\/label>\n        <label>\n            <select name=\"model\" data-target=\"type\">\n                <option value=\"\">Model<\/option>\n            <\/select>\n        <\/label>\n        <label>\n            <select name=\"type\" data-target=\"diameter\">\n                <option value=\"\">Type<\/option>\n            <\/select>\n        <\/label>\n        <label>\n            <select name=\"diameter\">\n                <option value=\"\">Diameter<\/option>\n            <\/select>\n        <\/label>\n    <\/div>\n    <div class=\"dwd-wp-wielenzoeker__filter__form-bottom\">\n        <p>Enter the details of the car to see which wheels fit your car<\/p>\n        <button type=\"submit\">View wheels<\/button>\n    <\/div>\n<\/form>        <\/div>\n        <div id=\"dwd-wp-wielenzoeker-filter-license\" class=\"dwd-wp-wielenzoeker__filter__content\">\n\t\t\t<form id=\"dwd-wp-wielenzoeker-filter-form-license\" class=\"dwd-wp-wielenzoeker__filter__form\" action=\"https:\/\/monaco-wheels.com\/sv\/wp-json\/wp\/v2\/pages\/22995633\/\">\n\t<input type=\"hidden\" id=\"nonce-license\" name=\"nonce-license\" value=\"6e8822709d\" \/><input type=\"hidden\" name=\"_wp_http_referer\" value=\"\/sv\/wp-json\/wp\/v2\/pages\/22995633\" \/>    <div class=\"dwd-wp-wielenzoeker__filter__labels\">\n        <div class=\"dwd-wp-wielenzoeker__loader-icon\">\n            <div><\/div>\n            <div><\/div>\n            <div><\/div>\n            <div><\/div>\n        <\/div>\n        <label>\n            <span class=\"dwd-wp-wielenzoeker__filter__input-license\">\n                <input type=\"text\" name=\"license\" maxlength=\"6\" spellcheck=\"false\" placeholder=\"A001BB\"\n                       data-target=\"type\">\n            <\/span>\n        <\/label>\n        <label>\n            <select name=\"brand\" data-target=\"model\">\n                <option value=\"\">Brand<\/option>\n            <\/select>\n        <\/label>\n        <label>\n            <select name=\"model\" data-target=\"type\">\n                <option value=\"\">Model<\/option>\n            <\/select>\n        <\/label>\n        <label>\n            <select name=\"type\" data-target=\"diameter\">\n                <option value=\"\">Type<\/option>\n            <\/select>\n        <\/label>\n        <label>\n            <select name=\"diameter\">\n                <option value=\"\">Diameter<\/option>\n            <\/select>\n        <\/label>\n    <\/div>\n    <div class=\"dwd-wp-wielenzoeker__filter__form-bottom\">\n        <p>Enter the details of the car to see which wheels fit your car<\/p>\n        <button type=\"submit\">View wheels<\/button>\n    <\/div>\n<\/form>        <\/div>\n    <\/div>\n<\/div><div id=\"dwd-wp-wielenzoeker-results-wrapper\">\n    <div class=\"dwd-wp-wielenzoeker__loader-icon\">\n        <div><\/div>\n        <div><\/div>\n        <div><\/div>\n        <div><\/div>\n    <\/div>\n    <div id=\"dwd-wp-wielenzoeker-results\"><\/div>\n\t<\/div><\/p>\n","protected":false},"author":3,"featured_media":0,"parent":0,"menu_order":0,"comment_status":"closed","ping_status":"closed","template":"","meta":{"_et_pb_use_builder":"on","_et_pb_old_content":"","_et_gb_content_width":"","footnotes":""},"dipi_cpt_category":[],"class_list":["post-22995633","page","type-page","status-publish","hentry"],"yoast_head":"<!-- This site is optimized with the Yoast SEO plugin v27.3 - https:\/\/yoast.com\/product\/yoast-seo-wordpress\/ -->\n<title>Konfigurator | Monaco Wheels<\/title>\n<meta name=\"description\" content=\"Med hj\u00e4lp av v\u00e5r konfigurator kan du enkelt hitta dina Monaco-f\u00e4lgar. Se vilka f\u00e4lgar som passar din bil.\" \/>\n<meta name=\"robots\" content=\"index, follow, max-snippet:-1, max-image-preview:large, max-video-preview:-1\" \/>\n<link rel=\"canonical\" href=\"https:\/\/monaco-wheels.com\/sv\/konfigurator\/\" \/>\n<meta property=\"og:locale\" content=\"sv_SE\" \/>\n<meta property=\"og:type\" content=\"article\" \/>\n<meta property=\"og:title\" content=\"Konfigurator | Monaco Wheels\" \/>\n<meta property=\"og:description\" content=\"Med hj\u00e4lp av v\u00e5r konfigurator kan du enkelt hitta dina Monaco-f\u00e4lgar. Se vilka f\u00e4lgar som passar din bil.\" \/>\n<meta property=\"og:url\" content=\"https:\/\/monaco-wheels.com\/sv\/konfigurator\/\" \/>\n<meta property=\"og:site_name\" content=\"Monaco Wheels\" \/>\n<meta property=\"article:modified_time\" content=\"2025-09-25T07:15:20+00:00\" \/>\n<meta name=\"twitter:card\" content=\"summary_large_image\" \/>\n<meta name=\"twitter:label1\" content=\"Ber\u00e4knad l\u00e4stid\" \/>\n\t<meta name=\"twitter:data1\" content=\"1 minut\" \/>\n<script type=\"application\/ld+json\" class=\"yoast-schema-graph\">{\"@context\":\"https:\\\/\\\/schema.org\",\"@graph\":[{\"@type\":\"WebPage\",\"@id\":\"https:\\\/\\\/monaco-wheels.com\\\/sv\\\/konfigurator\\\/\",\"url\":\"https:\\\/\\\/monaco-wheels.com\\\/sv\\\/konfigurator\\\/\",\"name\":\"Konfigurator | Monaco Wheels\",\"isPartOf\":{\"@id\":\"https:\\\/\\\/monaco-wheels.com\\\/#website\"},\"datePublished\":\"2024-02-14T14:21:07+00:00\",\"dateModified\":\"2025-09-25T07:15:20+00:00\",\"description\":\"Med hj\u00e4lp av v\u00e5r konfigurator kan du enkelt hitta dina Monaco-f\u00e4lgar. Se vilka f\u00e4lgar som passar din bil.\",\"breadcrumb\":{\"@id\":\"https:\\\/\\\/monaco-wheels.com\\\/sv\\\/konfigurator\\\/#breadcrumb\"},\"inLanguage\":\"sv-SE\",\"potentialAction\":[{\"@type\":\"ReadAction\",\"target\":[\"https:\\\/\\\/monaco-wheels.com\\\/sv\\\/konfigurator\\\/\"]}]},{\"@type\":\"BreadcrumbList\",\"@id\":\"https:\\\/\\\/monaco-wheels.com\\\/sv\\\/konfigurator\\\/#breadcrumb\",\"itemListElement\":[{\"@type\":\"ListItem\",\"position\":1,\"name\":\"Home\",\"item\":\"https:\\\/\\\/monaco-wheels.com\\\/sv\\\/\"},{\"@type\":\"ListItem\",\"position\":2,\"name\":\"Konfigurator\"}]},{\"@type\":\"WebSite\",\"@id\":\"https:\\\/\\\/monaco-wheels.com\\\/#website\",\"url\":\"https:\\\/\\\/monaco-wheels.com\\\/\",\"name\":\"Monaco Wheels\",\"description\":\"Where class &amp; quality meet\",\"potentialAction\":[{\"@type\":\"SearchAction\",\"target\":{\"@type\":\"EntryPoint\",\"urlTemplate\":\"https:\\\/\\\/monaco-wheels.com\\\/?s={search_term_string}\"},\"query-input\":{\"@type\":\"PropertyValueSpecification\",\"valueRequired\":true,\"valueName\":\"search_term_string\"}}],\"inLanguage\":\"sv-SE\"}]}<\/script>\n<!-- \/ Yoast SEO plugin. -->","yoast_head_json":{"title":"Konfigurator | Monaco Wheels","description":"Med hj\u00e4lp av v\u00e5r konfigurator kan du enkelt hitta dina Monaco-f\u00e4lgar. Se vilka f\u00e4lgar som passar din bil.","robots":{"index":"index","follow":"follow","max-snippet":"max-snippet:-1","max-image-preview":"max-image-preview:large","max-video-preview":"max-video-preview:-1"},"canonical":"https:\/\/monaco-wheels.com\/sv\/konfigurator\/","og_locale":"sv_SE","og_type":"article","og_title":"Konfigurator | Monaco Wheels","og_description":"Med hj\u00e4lp av v\u00e5r konfigurator kan du enkelt hitta dina Monaco-f\u00e4lgar. Se vilka f\u00e4lgar som passar din bil.","og_url":"https:\/\/monaco-wheels.com\/sv\/konfigurator\/","og_site_name":"Monaco Wheels","article_modified_time":"2025-09-25T07:15:20+00:00","twitter_card":"summary_large_image","twitter_misc":{"Ber\u00e4knad l\u00e4stid":"1 minut"},"schema":{"@context":"https:\/\/schema.org","@graph":[{"@type":"WebPage","@id":"https:\/\/monaco-wheels.com\/sv\/konfigurator\/","url":"https:\/\/monaco-wheels.com\/sv\/konfigurator\/","name":"Konfigurator | Monaco Wheels","isPartOf":{"@id":"https:\/\/monaco-wheels.com\/#website"},"datePublished":"2024-02-14T14:21:07+00:00","dateModified":"2025-09-25T07:15:20+00:00","description":"Med hj\u00e4lp av v\u00e5r konfigurator kan du enkelt hitta dina Monaco-f\u00e4lgar. Se vilka f\u00e4lgar som passar din bil.","breadcrumb":{"@id":"https:\/\/monaco-wheels.com\/sv\/konfigurator\/#breadcrumb"},"inLanguage":"sv-SE","potentialAction":[{"@type":"ReadAction","target":["https:\/\/monaco-wheels.com\/sv\/konfigurator\/"]}]},{"@type":"BreadcrumbList","@id":"https:\/\/monaco-wheels.com\/sv\/konfigurator\/#breadcrumb","itemListElement":[{"@type":"ListItem","position":1,"name":"Home","item":"https:\/\/monaco-wheels.com\/sv\/"},{"@type":"ListItem","position":2,"name":"Konfigurator"}]},{"@type":"WebSite","@id":"https:\/\/monaco-wheels.com\/#website","url":"https:\/\/monaco-wheels.com\/","name":"Monaco Wheels","description":"Where class &amp; quality meet","potentialAction":[{"@type":"SearchAction","target":{"@type":"EntryPoint","urlTemplate":"https:\/\/monaco-wheels.com\/?s={search_term_string}"},"query-input":{"@type":"PropertyValueSpecification","valueRequired":true,"valueName":"search_term_string"}}],"inLanguage":"sv-SE"}]}},"_links":{"self":[{"href":"https:\/\/monaco-wheels.com\/sv\/wp-json\/wp\/v2\/pages\/22995633","targetHints":{"allow":["GET"]}}],"collection":[{"href":"https:\/\/monaco-wheels.com\/sv\/wp-json\/wp\/v2\/pages"}],"about":[{"href":"https:\/\/monaco-wheels.com\/sv\/wp-json\/wp\/v2\/types\/page"}],"author":[{"embeddable":true,"href":"https:\/\/monaco-wheels.com\/sv\/wp-json\/wp\/v2\/users\/3"}],"replies":[{"embeddable":true,"href":"https:\/\/monaco-wheels.com\/sv\/wp-json\/wp\/v2\/comments?post=22995633"}],"version-history":[{"count":7,"href":"https:\/\/monaco-wheels.com\/sv\/wp-json\/wp\/v2\/pages\/22995633\/revisions"}],"predecessor-version":[{"id":22995691,"href":"https:\/\/monaco-wheels.com\/sv\/wp-json\/wp\/v2\/pages\/22995633\/revisions\/22995691"}],"wp:attachment":[{"href":"https:\/\/monaco-wheels.com\/sv\/wp-json\/wp\/v2\/media?parent=22995633"}],"wp:term":[{"taxonomy":"dipi_cpt_category","embeddable":true,"href":"https:\/\/monaco-wheels.com\/sv\/wp-json\/wp\/v2\/dipi_cpt_category?post=22995633"}],"curies":[{"name":"wp","href":"https:\/\/api.w.org\/{rel}","templated":true}]}}