{"id":22995629,"date":"2025-02-07T10:43:12","date_gmt":"2025-02-07T10:43:12","guid":{"rendered":"https:\/\/monaco-wheels.com\/comfort-wheels\/"},"modified":"2026-04-15T09:58:23","modified_gmt":"2026-04-15T09:58:23","slug":"comfort-wheels","status":"publish","type":"page","link":"https:\/\/monaco-wheels.com\/sv\/comfort-wheels\/","title":{"rendered":"Comfort-serie"},"content":{"rendered":"<p>[et_pb_section fb_built=&#8221;1&#8243; specialty=&#8221;on&#8221; custom_padding_last_edited=&#8221;on|phone&#8221; _builder_version=&#8221;4.27.4&#8243; _module_preset=&#8221;default&#8221; use_background_color_gradient=&#8221;on&#8221; background_color_gradient_direction=&#8221;67deg&#8221; background_color_gradient_stops=&#8221;#82130a 50%|rgba(41,196,169,0.04) 50%&#8221; background_color_gradient_overlays_image=&#8221;on&#8221; background_image=&#8221;https:\/\/monaco-wheels.com\/wp-content\/uploads\/2025\/08\/hd-monaco-wheels-comfort-range.jpg&#8221; background_position=&#8221;bottom_right&#8221; background_vertical_offset=&#8221;28%&#8221; inner_width_tablet=&#8221;&#8221; inner_width_phone=&#8221;&#8221; inner_width_last_edited=&#8221;on|phone&#8221; custom_padding=&#8221;4%||4%||true|false&#8221; custom_padding_tablet=&#8221;3%||3%||true|false&#8221; custom_padding_phone=&#8221;12%||2%||false|false&#8221; background_last_edited=&#8221;on|phone&#8221; use_background_color_gradient_phone=&#8221;on&#8221; background_color_gradient_stops_phone=&#8221;rgba(130,19,10,0.8) 100%|rgba(41,196,169,0.04) 100%&#8221; global_colors_info=&#8221;{}&#8221;][et_pb_column type=&#8221;2_3&#8243; specialty_columns=&#8221;2&#8243; _builder_version=&#8221;4.16&#8243; custom_padding=&#8221;|||&#8221; global_colors_info=&#8221;{}&#8221; custom_padding__hover=&#8221;|||&#8221;][et_pb_row_inner _builder_version=&#8221;4.27.0&#8243; _module_preset=&#8221;default&#8221; width=&#8221;70%&#8221; width_tablet=&#8221;70%&#8221; width_phone=&#8221;100%&#8221; width_last_edited=&#8221;on|phone&#8221; global_colors_info=&#8221;{}&#8221;][et_pb_column_inner saved_specialty_column_type=&#8221;2_3&#8243; _builder_version=&#8221;4.27.0&#8243; _module_preset=&#8221;default&#8221; global_colors_info=&#8221;{}&#8221;][et_pb_text _builder_version=&#8221;4.27.4&#8243; _module_preset=&#8221;default&#8221; text_font=&#8221;|300|||||||&#8221; text_text_color=&#8221;#FFFFFF&#8221; text_font_size=&#8221;22px&#8221; text_line_height=&#8221;2em&#8221; header_font=&#8221;Bebas Neue||||||||&#8221; header_text_color=&#8221;#FFFFFF&#8221; header_font_size=&#8221;82px&#8221; header_3_font=&#8221;Bebas Neue||||||||&#8221; header_3_text_color=&#8221;#FFFFFF&#8221; header_3_font_size=&#8221;28px&#8221; header_6_font=&#8221;Bebas Neue|700|||||||&#8221; header_6_font_size=&#8221;118px&#8221; header_6_letter_spacing=&#8221;1px&#8221; custom_margin=&#8221;||||false|false&#8221; header_text_align_tablet=&#8221;&#8221; header_text_align_phone=&#8221;left&#8221; header_text_align_last_edited=&#8221;on|phone&#8221; header_font_size_tablet=&#8221;78px&#8221; header_font_size_phone=&#8221;56px&#8221; header_font_size_last_edited=&#8221;on|phone&#8221; header_3_text_align_tablet=&#8221;&#8221; header_3_text_align_phone=&#8221;center&#8221; header_3_text_align_last_edited=&#8221;on|phone&#8221; global_colors_info=&#8221;{}&#8221;]<\/p>\n<h1>Monaco Wheels Comfort-serie<\/h1>\n<p>Budget- och vinterf\u00e4lgar med en lyxig design och ultimat komfort.[\/et_pb_text][\/et_pb_column_inner][\/et_pb_row_inner][\/et_pb_column][et_pb_column type=&#8221;1_3&#8243; _builder_version=&#8221;4.16&#8243; custom_padding=&#8221;|||&#8221; global_colors_info=&#8221;{}&#8221; custom_padding__hover=&#8221;|||&#8221;][\/et_pb_column][\/et_pb_section][et_pb_section fb_built=&#8221;1&#8243; _builder_version=&#8221;4.27.0&#8243; _module_preset=&#8221;default&#8221; use_background_color_gradient=&#8221;on&#8221; background_color_gradient_direction=&#8221;-74deg&#8221; background_color_gradient_stops=&#8221;#eeeeee 26%|#ffffff 26%&#8221; custom_padding=&#8221;6%||6%||true|false&#8221; global_colors_info=&#8221;{}&#8221;][et_pb_row _builder_version=&#8221;4.27.0&#8243; _module_preset=&#8221;default&#8221; max_width=&#8221;780px&#8221; global_colors_info=&#8221;{}&#8221;][et_pb_column type=&#8221;4_4&#8243; _builder_version=&#8221;4.27.0&#8243; _module_preset=&#8221;default&#8221; global_colors_info=&#8221;{}&#8221;][et_pb_text _builder_version=&#8221;4.27.4&#8243; _module_preset=&#8221;default&#8221; text_font=&#8221;|300|||||||&#8221; text_font_size=&#8221;22px&#8221; text_line_height=&#8221;2em&#8221; header_3_font=&#8221;Bebas Neue||||||||&#8221; header_3_font_size=&#8221;68px&#8221; header_3_font_size_tablet=&#8221;68px&#8221; header_3_font_size_phone=&#8221;38px&#8221; header_3_font_size_last_edited=&#8221;on|phone&#8221; global_colors_info=&#8221;{}&#8221;]<\/p>\n<h3>Din stil<\/h3>\n<p>Monaco Wheels Comfort-serie \u00e4r framtagen f\u00f6r den prismedvetna f\u00f6raren som s\u00f6ker p\u00e5litlighet och bekv\u00e4mlighet. Dessa f\u00e4lgar erbjuder en perfekt balans mellan komfort, h\u00e5llbarhet och stilren design \u2013 s\u00e5 att du kan resa tryggt och bekymmersfritt fr\u00e5n A till B varje dag.[\/et_pb_text][\/et_pb_column][\/et_pb_row][\/et_pb_section][et_pb_section fb_built=&#8221;1&#8243; _builder_version=&#8221;4.27.0&#8243; _module_preset=&#8221;default&#8221; background_color=&#8221;#f4f4f4&#8243; global_colors_info=&#8221;{}&#8221;][et_pb_row column_structure=&#8221;1_3,1_3,1_3&#8243; _builder_version=&#8221;4.27.6&#8243; _module_preset=&#8221;default&#8221; hover_enabled=&#8221;0&#8243; global_colors_info=&#8221;{}&#8221; sticky_enabled=&#8221;0&#8243;][et_pb_column type=&#8221;1_3&#8243; _builder_version=&#8221;4.27.6&#8243; _module_preset=&#8221;default&#8221; hover_enabled=&#8221;0&#8243; global_colors_info=&#8221;{}&#8221; sticky_enabled=&#8221;0&#8243;][et_pb_gallery gallery_ids=&#8221;22992865,22992867,22992869,22992871&#8243; fullwidth=&#8221;on&#8221; module_id=&#8221;cl2&#8243; _builder_version=&#8221;4.27.6&#8243; _module_preset=&#8221;default&#8221; width_tablet=&#8221;52%&#8221; width_phone=&#8221;100%&#8221; width_last_edited=&#8221;on|phone&#8221; module_alignment=&#8221;center&#8221; custom_css_free_form=&#8221;selector .et-pb-controllers {||    position: relative;||    top: 14px;||}||selector .et_pb_gallery_items {||  pointer-events: none !important;||}&#8221; global_colors_info=&#8221;{}&#8221; link_option_url=&#8221;https:\/\/monaco-wheels.com\/sv\/comfort-wheels\/cl2-4-holes\/&#8221;][\/et_pb_gallery][et_pb_text _builder_version=&#8221;4.27.6&#8243; _module_preset=&#8221;default&#8221; text_font=&#8221;Bebas Neue|300|||||||&#8221; text_font_size=&#8221;20px&#8221; text_line_height=&#8221;1.8em&#8221; header_font=&#8221;Bebas Neue||||||||&#8221; header_text_align=&#8221;center&#8221; header_font_size=&#8221;36px&#8221; header_3_font=&#8221;Bebas Neue||||||||&#8221; header_3_text_color=&#8221;#FFFFFF&#8221; header_3_font_size=&#8221;20px&#8221; text_orientation=&#8221;center&#8221; link_option_url=&#8221;https:\/\/monaco-wheels.com\/sv\/comfort-wheels\/cl2-4-holes\/&#8221; custom_css_free_form=&#8221;selector h3 {||    background-color: #82130a;||    padding: 10px 0 8px;||    width: 40%;||    text-align: center !important;||    margin: auto;||    margin-top: 16px;  ||}&#8221; global_colors_info=&#8221;{}&#8221;]<\/p>\n<h1>CL2 \/ 4 holes<\/h1>\n<p>16&#8243; \/ 17&#8243;<\/p>\n<h3>Comfort<\/h3>\n<p>[\/et_pb_text][\/et_pb_column][et_pb_column type=&#8221;1_3&#8243; _builder_version=&#8221;4.27.6&#8243; _module_preset=&#8221;default&#8221; hover_enabled=&#8221;0&#8243; global_colors_info=&#8221;{}&#8221; sticky_enabled=&#8221;0&#8243;][et_pb_gallery gallery_ids=&#8221;22992873,22992875,22992877,22992879&#8243; fullwidth=&#8221;on&#8221; module_id=&#8221;cl2&#8243; _builder_version=&#8221;4.27.6&#8243; _module_preset=&#8221;default&#8221; width_tablet=&#8221;52%&#8221; width_phone=&#8221;100%&#8221; width_last_edited=&#8221;on|phone&#8221; module_alignment=&#8221;center&#8221; custom_css_free_form=&#8221;selector .et-pb-controllers {||    position: relative;||    top: 14px;||}||selector .et_pb_gallery_items {||  pointer-events: none !important;||}&#8221; global_colors_info=&#8221;{}&#8221; link_option_url=&#8221;https:\/\/monaco-wheels.com\/sv\/comfort-wheels\/cl2-5-holes\/&#8221;][\/et_pb_gallery][et_pb_text _builder_version=&#8221;4.27.6&#8243; _module_preset=&#8221;default&#8221; text_font=&#8221;Bebas Neue|300|||||||&#8221; text_font_size=&#8221;20px&#8221; text_line_height=&#8221;1.8em&#8221; header_font=&#8221;Bebas Neue||||||||&#8221; header_text_align=&#8221;center&#8221; header_font_size=&#8221;36px&#8221; header_3_font=&#8221;Bebas Neue||||||||&#8221; header_3_text_color=&#8221;#FFFFFF&#8221; header_3_font_size=&#8221;20px&#8221; text_orientation=&#8221;center&#8221; custom_css_free_form=&#8221;selector h3 {||    background-color: #82130a;||    padding: 10px 0 8px;||    width: 40%;||    text-align: center !important;||    margin: auto;||    margin-top: 16px;  ||}&#8221; global_colors_info=&#8221;{}&#8221; link_option_url=&#8221;https:\/\/monaco-wheels.com\/sv\/comfort-wheels\/cl2-5-holes\/&#8221;]<\/p>\n<h1>CL2 \/ 5 holes<\/h1>\n<p>16&#8243; \/ 17&#8243; \/ 18&#8243; \/ 19&#8243;<\/p>\n<h3>Comfort<\/h3>\n<p>[\/et_pb_text][\/et_pb_column][et_pb_column type=&#8221;1_3&#8243; _builder_version=&#8221;4.27.6&#8243; _module_preset=&#8221;default&#8221; hover_enabled=&#8221;0&#8243; global_colors_info=&#8221;{}&#8221; sticky_enabled=&#8221;0&#8243;][et_pb_gallery gallery_ids=&#8221;22992881,22992883,22992885&#8243; fullwidth=&#8221;on&#8221; module_id=&#8221;cl2t&#8221; _builder_version=&#8221;4.27.6&#8243; _module_preset=&#8221;default&#8221; width_tablet=&#8221;52%&#8221; width_phone=&#8221;100%&#8221; width_last_edited=&#8221;on|phone&#8221; module_alignment=&#8221;center&#8221; custom_css_free_form=&#8221;selector .et-pb-controllers {||    position: relative;||    top: 14px;||}||selector .et_pb_gallery_items {||  pointer-events: none !important;||}&#8221; global_colors_info=&#8221;{}&#8221; link_option_url=&#8221;https:\/\/monaco-wheels.com\/sv\/comfort-wheels\/cl2t\/&#8221;][\/et_pb_gallery][et_pb_text _builder_version=&#8221;4.27.6&#8243; _module_preset=&#8221;default&#8221; text_font=&#8221;Bebas Neue|300|||||||&#8221; text_font_size=&#8221;20px&#8221; text_line_height=&#8221;1.8em&#8221; header_font=&#8221;Bebas Neue||||||||&#8221; header_text_align=&#8221;center&#8221; header_font_size=&#8221;36px&#8221; header_3_font=&#8221;Bebas Neue||||||||&#8221; header_3_text_color=&#8221;#FFFFFF&#8221; header_3_font_size=&#8221;20px&#8221; text_orientation=&#8221;center&#8221; hover_enabled=&#8221;0&#8243; custom_css_free_form=&#8221;selector h3 {||    background-color: #82130a;||    padding: 10px 0 8px;||    width: 40%;||    text-align: center !important;||    margin: auto;||    margin-top: 16px;  ||}&#8221; global_colors_info=&#8221;{}&#8221; link_option_url=&#8221;https:\/\/monaco-wheels.com\/sv\/comfort-wheels\/cl2t\/&#8221; sticky_enabled=&#8221;0&#8243;]<\/p>\n<h1>CL2 Transporter<\/h1>\n<p>16&#8243;<\/p>\n<h3>Comfort<\/h3>\n<p>[\/et_pb_text][\/et_pb_column][\/et_pb_row][\/et_pb_section][et_pb_section fb_built=&#8221;1&#8243; _builder_version=&#8221;4.27.4&#8243; _module_preset=&#8221;default&#8221; background_enable_color=&#8221;off&#8221; use_background_color_gradient=&#8221;on&#8221; background_color_gradient_direction=&#8221;-74deg&#8221; background_color_gradient_stops=&#8221;#ffffff 80%|#eeeeee 80%&#8221; global_colors_info=&#8221;{}&#8221;][et_pb_row column_structure=&#8221;1_3,1_3,1_3&#8243; _builder_version=&#8221;4.27.6&#8243; _module_preset=&#8221;default&#8221; hover_enabled=&#8221;0&#8243; global_colors_info=&#8221;{}&#8221; sticky_enabled=&#8221;0&#8243;][et_pb_column type=&#8221;1_3&#8243; _builder_version=&#8221;4.27.6&#8243; _module_preset=&#8221;default&#8221; hover_enabled=&#8221;0&#8243; global_colors_info=&#8221;{}&#8221; sticky_enabled=&#8221;0&#8243;][et_pb_gallery gallery_ids=&#8221;22994435,22994433&#8243; fullwidth=&#8221;on&#8221; module_id=&#8221;vt1&#8243; _builder_version=&#8221;4.27.6&#8243; _module_preset=&#8221;default&#8221; width_tablet=&#8221;52%&#8221; width_phone=&#8221;100%&#8221; width_last_edited=&#8221;on|phone&#8221; module_alignment=&#8221;center&#8221; custom_css_free_form=&#8221;selector .et-pb-controllers {||    position: relative;||    top: 14px;||}||selector .et_pb_gallery_items {||  pointer-events: none !important;||}&#8221; global_colors_info=&#8221;{}&#8221; link_option_url=&#8221;https:\/\/monaco-wheels.com\/sv\/comfort-wheels\/vt1\/&#8221;][\/et_pb_gallery][et_pb_text _builder_version=&#8221;4.27.6&#8243; _module_preset=&#8221;default&#8221; text_font=&#8221;Bebas Neue|300|||||||&#8221; text_font_size=&#8221;20px&#8221; text_line_height=&#8221;1.8em&#8221; header_font=&#8221;Bebas Neue||||||||&#8221; header_text_align=&#8221;center&#8221; header_font_size=&#8221;36px&#8221; header_3_font=&#8221;Bebas Neue||||||||&#8221; header_3_text_color=&#8221;#FFFFFF&#8221; header_3_font_size=&#8221;20px&#8221; text_orientation=&#8221;center&#8221; link_option_url=&#8221;https:\/\/monaco-wheels.com\/sv\/comfort-wheels\/vt1\/&#8221; custom_css_free_form=&#8221;selector h3 {||    background-color: #82130a;||    padding: 10px 0 8px;||    width: 40%;||    text-align: center !important;||    margin: auto;||    margin-top: 16px;  ||}&#8221; global_colors_info=&#8221;{}&#8221;]<\/p>\n<h1>VT1<\/h1>\n<p>16&#8243; \/ 17&#8243; \/ 18&#8243;<\/p>\n<h3>Comfort<\/h3>\n<p>[\/et_pb_text][\/et_pb_column][et_pb_column type=&#8221;1_3&#8243; _builder_version=&#8221;4.27.6&#8243; _module_preset=&#8221;default&#8221; hover_enabled=&#8221;0&#8243; global_colors_info=&#8221;{}&#8221; sticky_enabled=&#8221;0&#8243;][et_pb_gallery gallery_ids=&#8221;22994573,22994571&#8243; fullwidth=&#8221;on&#8221; module_id=&#8221;vt2&#8243; _builder_version=&#8221;4.27.6&#8243; _module_preset=&#8221;default&#8221; width_tablet=&#8221;52%&#8221; width_phone=&#8221;100%&#8221; width_last_edited=&#8221;on|phone&#8221; module_alignment=&#8221;center&#8221; custom_css_free_form=&#8221;selector .et-pb-controllers {||    position: relative;||    top: 14px;||}||selector .et_pb_gallery_items {||  pointer-events: none !important;||}&#8221; global_colors_info=&#8221;{}&#8221; link_option_url=&#8221;https:\/\/monaco-wheels.com\/sv\/comfort-wheels\/vt2\/&#8221;][\/et_pb_gallery][et_pb_text _builder_version=&#8221;4.27.6&#8243; _module_preset=&#8221;default&#8221; text_font=&#8221;Bebas Neue|300|||||||&#8221; text_font_size=&#8221;20px&#8221; text_line_height=&#8221;1.8em&#8221; header_font=&#8221;Bebas Neue||||||||&#8221; header_text_align=&#8221;center&#8221; header_font_size=&#8221;36px&#8221; header_3_font=&#8221;Bebas Neue||||||||&#8221; header_3_text_color=&#8221;#FFFFFF&#8221; header_3_font_size=&#8221;20px&#8221; text_orientation=&#8221;center&#8221; link_option_url=&#8221;https:\/\/monaco-wheels.com\/sv\/comfort-wheels\/vt2\/&#8221; custom_css_free_form=&#8221;selector h3 {||    background-color: #82130a;||    padding: 10px 0 8px;||    width: 40%;||    text-align: center !important;||    margin: auto;||    margin-top: 16px;  ||}&#8221; global_colors_info=&#8221;{}&#8221;]<\/p>\n<h1>VT2<\/h1>\n<p>16&#8243; \/ 17&#8243; \/ 18&#8243;<\/p>\n<h3>Comfort<\/h3>\n<p>[\/et_pb_text][\/et_pb_column][et_pb_column type=&#8221;1_3&#8243; _builder_version=&#8221;4.27.4&#8243; _module_preset=&#8221;default&#8221; link_option_url=&#8221;https:\/\/monaco-wheels.com\/comfort-wheels\/cl2t\/&#8221; global_colors_info=&#8221;{}&#8221;][\/et_pb_column][\/et_pb_row][\/et_pb_section]<\/p>\n","protected":false},"excerpt":{"rendered":"<p>Monaco Wheels Comfort-serie Budget- och vinterf\u00e4lgar med en lyxig design och ultimat komfort.Din stil Monaco Wheels Comfort-serie \u00e4r framtagen f\u00f6r den prismedvetna f\u00f6raren som s\u00f6ker p\u00e5litlighet och bekv\u00e4mlighet. Dessa f\u00e4lgar erbjuder en perfekt balans mellan komfort, h\u00e5llbarhet och stilren design \u2013 s\u00e5 att du kan resa tryggt och bekymmersfritt fr\u00e5n A till B varje dag.CL2 \/ 4 holes 16&#8243; \/ 17&#8243; ComfortCL2 \/ 5 holes 16&#8243; \/ 17&#8243; \/ 18&#8243; \/ 19&#8243; ComfortCL2 Transporter 16&#8243; ComfortVT1 16&#8243; \/ 17&#8243; \/ 18&#8243; ComfortVT2 16&#8243; \/ 17&#8243; \/ 18&#8243; Comfort<\/p>\n","protected":false},"author":3,"featured_media":0,"parent":0,"menu_order":0,"comment_status":"closed","ping_status":"closed","template":"","meta":{"_et_pb_use_builder":"on","_et_pb_old_content":"","_et_gb_content_width":"","footnotes":""},"dipi_cpt_category":[],"class_list":["post-22995629","page","type-page","status-publish","hentry"],"yoast_head":"<!-- This site is optimized with the Yoast SEO plugin v27.3 - https:\/\/yoast.com\/product\/yoast-seo-wordpress\/ -->\n<title>Comfort-serie | Monaco Wheels<\/title>\n<meta name=\"description\" content=\"Monaco Wheels Comfort-serie \u00e4r utvecklad f\u00f6r den prismedvetna f\u00f6raren. Se vilka modeller som passar din bil.\" \/>\n<meta name=\"robots\" content=\"index, follow, max-snippet:-1, max-image-preview:large, max-video-preview:-1\" \/>\n<link rel=\"canonical\" href=\"https:\/\/monaco-wheels.com\/sv\/comfort-wheels\/\" \/>\n<meta property=\"og:locale\" content=\"sv_SE\" \/>\n<meta property=\"og:type\" content=\"article\" \/>\n<meta property=\"og:title\" content=\"Comfort-serie | Monaco Wheels\" \/>\n<meta property=\"og:description\" content=\"Monaco Wheels Comfort-serie \u00e4r utvecklad f\u00f6r den prismedvetna f\u00f6raren. Se vilka modeller som passar din bil.\" \/>\n<meta property=\"og:url\" content=\"https:\/\/monaco-wheels.com\/sv\/comfort-wheels\/\" \/>\n<meta property=\"og:site_name\" content=\"Monaco Wheels\" \/>\n<meta property=\"article:modified_time\" content=\"2026-04-15T09:58:23+00:00\" \/>\n<meta name=\"twitter:card\" content=\"summary_large_image\" \/>\n<meta name=\"twitter:label1\" content=\"Ber\u00e4knad l\u00e4stid\" \/>\n\t<meta name=\"twitter:data1\" content=\"4 minuter\" \/>\n<script type=\"application\/ld+json\" class=\"yoast-schema-graph\">{\"@context\":\"https:\\\/\\\/schema.org\",\"@graph\":[{\"@type\":\"WebPage\",\"@id\":\"https:\\\/\\\/monaco-wheels.com\\\/sv\\\/comfort-wheels\\\/\",\"url\":\"https:\\\/\\\/monaco-wheels.com\\\/sv\\\/comfort-wheels\\\/\",\"name\":\"Comfort-serie | Monaco Wheels\",\"isPartOf\":{\"@id\":\"https:\\\/\\\/monaco-wheels.com\\\/#website\"},\"datePublished\":\"2025-02-07T10:43:12+00:00\",\"dateModified\":\"2026-04-15T09:58:23+00:00\",\"description\":\"Monaco Wheels Comfort-serie \u00e4r utvecklad f\u00f6r den prismedvetna f\u00f6raren. Se vilka modeller som passar din bil.\",\"breadcrumb\":{\"@id\":\"https:\\\/\\\/monaco-wheels.com\\\/sv\\\/comfort-wheels\\\/#breadcrumb\"},\"inLanguage\":\"sv-SE\",\"potentialAction\":[{\"@type\":\"ReadAction\",\"target\":[\"https:\\\/\\\/monaco-wheels.com\\\/sv\\\/comfort-wheels\\\/\"]}]},{\"@type\":\"BreadcrumbList\",\"@id\":\"https:\\\/\\\/monaco-wheels.com\\\/sv\\\/comfort-wheels\\\/#breadcrumb\",\"itemListElement\":[{\"@type\":\"ListItem\",\"position\":1,\"name\":\"Home\",\"item\":\"https:\\\/\\\/monaco-wheels.com\\\/sv\\\/\"},{\"@type\":\"ListItem\",\"position\":2,\"name\":\"Comfort-serie\"}]},{\"@type\":\"WebSite\",\"@id\":\"https:\\\/\\\/monaco-wheels.com\\\/#website\",\"url\":\"https:\\\/\\\/monaco-wheels.com\\\/\",\"name\":\"Monaco Wheels\",\"description\":\"Where class &amp; quality meet\",\"potentialAction\":[{\"@type\":\"SearchAction\",\"target\":{\"@type\":\"EntryPoint\",\"urlTemplate\":\"https:\\\/\\\/monaco-wheels.com\\\/?s={search_term_string}\"},\"query-input\":{\"@type\":\"PropertyValueSpecification\",\"valueRequired\":true,\"valueName\":\"search_term_string\"}}],\"inLanguage\":\"sv-SE\"}]}<\/script>\n<!-- \/ Yoast SEO plugin. -->","yoast_head_json":{"title":"Comfort-serie | Monaco Wheels","description":"Monaco Wheels Comfort-serie \u00e4r utvecklad f\u00f6r den prismedvetna f\u00f6raren. Se vilka modeller som passar din bil.","robots":{"index":"index","follow":"follow","max-snippet":"max-snippet:-1","max-image-preview":"max-image-preview:large","max-video-preview":"max-video-preview:-1"},"canonical":"https:\/\/monaco-wheels.com\/sv\/comfort-wheels\/","og_locale":"sv_SE","og_type":"article","og_title":"Comfort-serie | Monaco Wheels","og_description":"Monaco Wheels Comfort-serie \u00e4r utvecklad f\u00f6r den prismedvetna f\u00f6raren. Se vilka modeller som passar din bil.","og_url":"https:\/\/monaco-wheels.com\/sv\/comfort-wheels\/","og_site_name":"Monaco Wheels","article_modified_time":"2026-04-15T09:58:23+00:00","twitter_card":"summary_large_image","twitter_misc":{"Ber\u00e4knad l\u00e4stid":"4 minuter"},"schema":{"@context":"https:\/\/schema.org","@graph":[{"@type":"WebPage","@id":"https:\/\/monaco-wheels.com\/sv\/comfort-wheels\/","url":"https:\/\/monaco-wheels.com\/sv\/comfort-wheels\/","name":"Comfort-serie | Monaco Wheels","isPartOf":{"@id":"https:\/\/monaco-wheels.com\/#website"},"datePublished":"2025-02-07T10:43:12+00:00","dateModified":"2026-04-15T09:58:23+00:00","description":"Monaco Wheels Comfort-serie \u00e4r utvecklad f\u00f6r den prismedvetna f\u00f6raren. Se vilka modeller som passar din bil.","breadcrumb":{"@id":"https:\/\/monaco-wheels.com\/sv\/comfort-wheels\/#breadcrumb"},"inLanguage":"sv-SE","potentialAction":[{"@type":"ReadAction","target":["https:\/\/monaco-wheels.com\/sv\/comfort-wheels\/"]}]},{"@type":"BreadcrumbList","@id":"https:\/\/monaco-wheels.com\/sv\/comfort-wheels\/#breadcrumb","itemListElement":[{"@type":"ListItem","position":1,"name":"Home","item":"https:\/\/monaco-wheels.com\/sv\/"},{"@type":"ListItem","position":2,"name":"Comfort-serie"}]},{"@type":"WebSite","@id":"https:\/\/monaco-wheels.com\/#website","url":"https:\/\/monaco-wheels.com\/","name":"Monaco Wheels","description":"Where class &amp; quality meet","potentialAction":[{"@type":"SearchAction","target":{"@type":"EntryPoint","urlTemplate":"https:\/\/monaco-wheels.com\/?s={search_term_string}"},"query-input":{"@type":"PropertyValueSpecification","valueRequired":true,"valueName":"search_term_string"}}],"inLanguage":"sv-SE"}]}},"_links":{"self":[{"href":"https:\/\/monaco-wheels.com\/sv\/wp-json\/wp\/v2\/pages\/22995629","targetHints":{"allow":["GET"]}}],"collection":[{"href":"https:\/\/monaco-wheels.com\/sv\/wp-json\/wp\/v2\/pages"}],"about":[{"href":"https:\/\/monaco-wheels.com\/sv\/wp-json\/wp\/v2\/types\/page"}],"author":[{"embeddable":true,"href":"https:\/\/monaco-wheels.com\/sv\/wp-json\/wp\/v2\/users\/3"}],"replies":[{"embeddable":true,"href":"https:\/\/monaco-wheels.com\/sv\/wp-json\/wp\/v2\/comments?post=22995629"}],"version-history":[{"count":10,"href":"https:\/\/monaco-wheels.com\/sv\/wp-json\/wp\/v2\/pages\/22995629\/revisions"}],"predecessor-version":[{"id":22996595,"href":"https:\/\/monaco-wheels.com\/sv\/wp-json\/wp\/v2\/pages\/22995629\/revisions\/22996595"}],"wp:attachment":[{"href":"https:\/\/monaco-wheels.com\/sv\/wp-json\/wp\/v2\/media?parent=22995629"}],"wp:term":[{"taxonomy":"dipi_cpt_category","embeddable":true,"href":"https:\/\/monaco-wheels.com\/sv\/wp-json\/wp\/v2\/dipi_cpt_category?post=22995629"}],"curies":[{"name":"wp","href":"https:\/\/api.w.org\/{rel}","templated":true}]}}