{"id":22994656,"date":"2025-08-27T11:39:44","date_gmt":"2025-08-27T11:39:44","guid":{"rendered":"https:\/\/monaco-wheels.com\/flow-forming\/"},"modified":"2025-09-19T12:23:53","modified_gmt":"2025-09-19T12:23:53","slug":"flow-forming","status":"publish","type":"page","link":"https:\/\/monaco-wheels.com\/fr\/flow-forming\/","title":{"rendered":"Flow Forming"},"content":{"rendered":"<p>[et_pb_section fb_built=\u00a0\u00bb1&Prime; specialty=\u00a0\u00bbon\u00a0\u00bb custom_padding_last_edited=\u00a0\u00bbon|phone\u00a0\u00bb _builder_version=\u00a0\u00bb4.27.4&Prime; _module_preset=\u00a0\u00bbdefault\u00a0\u00bb use_background_color_gradient=\u00a0\u00bbon\u00a0\u00bb background_color_gradient_direction=\u00a0\u00bb67deg\u00a0\u00bb background_color_gradient_stops=\u00a0\u00bb#f69900 50%|rgba(255,255,255,0) 50%\u00a0\u00bb background_color_gradient_overlays_image=\u00a0\u00bbon\u00a0\u00bb background_image=\u00a0\u00bbhttps:\/\/monaco-wheels.com\/wp-content\/uploads\/2025\/08\/monaco-wheels-flow-forming.jpg\u00a0\u00bb background_position=\u00a0\u00bbbottom_right\u00a0\u00bb background_vertical_offset=\u00a0\u00bb28%\u00a0\u00bb inner_width_tablet=\u00a0\u00bb\u00a0\u00bb inner_width_phone=\u00a0\u00bb\u00a0\u00bb inner_width_last_edited=\u00a0\u00bbon|phone\u00a0\u00bb custom_padding=\u00a0\u00bb4%||4%||true|false\u00a0\u00bb custom_padding_tablet=\u00a0\u00bb3%||3%||true|false\u00a0\u00bb custom_padding_phone=\u00a0\u00bb12%||2%||false|false\u00a0\u00bb background_last_edited=\u00a0\u00bbon|phone\u00a0\u00bb use_background_color_gradient_phone=\u00a0\u00bbon\u00a0\u00bb background_color_gradient_stops_phone=\u00a0\u00bbrgba(246,153,0,0.9) 100%|rgba(41,196,169,0.04) 100%\u00a0\u00bb global_colors_info=\u00a0\u00bb{}\u00a0\u00bb][et_pb_column type=\u00a0\u00bb2_3&Prime; specialty_columns=\u00a0\u00bb2&Prime; _builder_version=\u00a0\u00bb4.16&Prime; custom_padding=\u00a0\u00bb|||\u00a0\u00bb global_colors_info=\u00a0\u00bb{}\u00a0\u00bb custom_padding__hover=\u00a0\u00bb|||\u00a0\u00bb][et_pb_row_inner _builder_version=\u00a0\u00bb4.27.0&Prime; _module_preset=\u00a0\u00bbdefault\u00a0\u00bb width=\u00a0\u00bb70%\u00a0\u00bb width_tablet=\u00a0\u00bb70%\u00a0\u00bb width_phone=\u00a0\u00bb100%\u00a0\u00bb width_last_edited=\u00a0\u00bbon|phone\u00a0\u00bb global_colors_info=\u00a0\u00bb{}\u00a0\u00bb][et_pb_column_inner saved_specialty_column_type=\u00a0\u00bb2_3&Prime; _builder_version=\u00a0\u00bb4.27.0&Prime; _module_preset=\u00a0\u00bbdefault\u00a0\u00bb global_colors_info=\u00a0\u00bb{}\u00a0\u00bb][et_pb_text _builder_version=\u00a0\u00bb4.27.4&Prime; _module_preset=\u00a0\u00bbdefault\u00a0\u00bb text_font=\u00a0\u00bb|300|||||||\u00a0\u00bb text_text_color=\u00a0\u00bb#FFFFFF\u00a0\u00bb text_font_size=\u00a0\u00bb22px\u00a0\u00bb text_line_height=\u00a0\u00bb2em\u00a0\u00bb header_font=\u00a0\u00bbBebas Neue||||||||\u00a0\u00bb header_text_color=\u00a0\u00bb#FFFFFF\u00a0\u00bb header_font_size=\u00a0\u00bb82px\u00a0\u00bb header_3_font=\u00a0\u00bbBebas Neue||||||||\u00a0\u00bb header_3_text_color=\u00a0\u00bb#FFFFFF\u00a0\u00bb header_3_font_size=\u00a0\u00bb28px\u00a0\u00bb header_6_font=\u00a0\u00bbBebas Neue|700|||||||\u00a0\u00bb header_6_font_size=\u00a0\u00bb118px\u00a0\u00bb header_6_letter_spacing=\u00a0\u00bb1px\u00a0\u00bb custom_margin=\u00a0\u00bb||||false|false\u00a0\u00bb header_text_align_tablet=\u00a0\u00bb\u00a0\u00bb header_text_align_phone=\u00a0\u00bbleft\u00a0\u00bb header_text_align_last_edited=\u00a0\u00bbon|phone\u00a0\u00bb header_font_size_tablet=\u00a0\u00bb78px\u00a0\u00bb header_font_size_phone=\u00a0\u00bb56px\u00a0\u00bb header_font_size_last_edited=\u00a0\u00bbon|phone\u00a0\u00bb header_3_text_align_tablet=\u00a0\u00bb\u00a0\u00bb header_3_text_align_phone=\u00a0\u00bbcenter\u00a0\u00bb header_3_text_align_last_edited=\u00a0\u00bbon|phone\u00a0\u00bb global_colors_info=\u00a0\u00bb{}\u00a0\u00bb]<\/p>\n<h1>Monaco Wheels Flow Forming<\/h1>\n<p>La technologie Flow Forming rend les jantes plus l\u00e9g\u00e8res, plus solides et plus durables.[\/et_pb_text][\/et_pb_column_inner][\/et_pb_row_inner][\/et_pb_column][et_pb_column type=\u00a0\u00bb1_3&Prime; _builder_version=\u00a0\u00bb4.16&Prime; custom_padding=\u00a0\u00bb|||\u00a0\u00bb global_colors_info=\u00a0\u00bb{}\u00a0\u00bb custom_padding__hover=\u00a0\u00bb|||\u00a0\u00bb][\/et_pb_column][\/et_pb_section][et_pb_section fb_built=\u00a0\u00bb1&Prime; _builder_version=\u00a0\u00bb4.27.0&Prime; _module_preset=\u00a0\u00bbdefault\u00a0\u00bb use_background_color_gradient=\u00a0\u00bbon\u00a0\u00bb background_color_gradient_direction=\u00a0\u00bb-74deg\u00a0\u00bb background_color_gradient_stops=\u00a0\u00bb#eeeeee 26%|#ffffff 26%\u00a0\u00bb custom_padding=\u00a0\u00bb6%||6%||true|false\u00a0\u00bb global_colors_info=\u00a0\u00bb{}\u00a0\u00bb][et_pb_row _builder_version=\u00a0\u00bb4.27.0&Prime; _module_preset=\u00a0\u00bbdefault\u00a0\u00bb max_width=\u00a0\u00bb780px\u00a0\u00bb global_colors_info=\u00a0\u00bb{}\u00a0\u00bb][et_pb_column type=\u00a0\u00bb4_4&Prime; _builder_version=\u00a0\u00bb4.27.0&Prime; _module_preset=\u00a0\u00bbdefault\u00a0\u00bb global_colors_info=\u00a0\u00bb{}\u00a0\u00bb][et_pb_text _builder_version=\u00a0\u00bb4.27.4&Prime; _module_preset=\u00a0\u00bbdefault\u00a0\u00bb text_font=\u00a0\u00bb|300|||||||\u00a0\u00bb text_font_size=\u00a0\u00bb22px\u00a0\u00bb text_line_height=\u00a0\u00bb2em\u00a0\u00bb header_3_font=\u00a0\u00bbBebas Neue||||||||\u00a0\u00bb header_3_font_size=\u00a0\u00bb68px\u00a0\u00bb header_3_font_size_tablet=\u00a0\u00bb68px\u00a0\u00bb header_3_font_size_phone=\u00a0\u00bb38px\u00a0\u00bb header_3_font_size_last_edited=\u00a0\u00bbon|phone\u00a0\u00bb global_colors_info=\u00a0\u00bb{}\u00a0\u00bb]<\/p>\n<h3>Lighter. Stronger. Faster.<\/h3>\n<p>La gamme Flow Forming de Monaco Wheels est d\u00e9velopp\u00e9e gr\u00e2ce \u00e0 une technique o\u00f9 les jantes moul\u00e9es sont chauff\u00e9es puis fa\u00e7onn\u00e9es par rouleaux. Ce proc\u00e9d\u00e9 densifie la structure m\u00e9tallique, rendant les jantes plus l\u00e9g\u00e8res et plus solides que les jantes moul\u00e9es traditionnelles. Le r\u00e9sultat : des designs sportifs alliant performance optimale, durabilit\u00e9 et fiabilit\u00e9. Des jantes parfaites pour les conducteurs attach\u00e9s \u00e0 la qualit\u00e9 et au plaisir de conduire.[\/et_pb_text][\/et_pb_column][\/et_pb_row][\/et_pb_section][et_pb_section fb_built=\u00a0\u00bb1&Prime; _builder_version=\u00a0\u00bb4.27.4&Prime; _module_preset=\u00a0\u00bbdefault\u00a0\u00bb background_color=\u00a0\u00bb#f4f4f4&Prime; hover_enabled=\u00a0\u00bb0&Prime; global_colors_info=\u00a0\u00bb{}\u00a0\u00bb sticky_enabled=\u00a0\u00bb0&Prime;][et_pb_row _builder_version=\u00a0\u00bb4.27.4&Prime; _module_preset=\u00a0\u00bbdefault\u00a0\u00bb global_colors_info=\u00a0\u00bb{}\u00a0\u00bb][et_pb_column type=\u00a0\u00bb4_4&Prime; _builder_version=\u00a0\u00bb4.27.4&Prime; _module_preset=\u00a0\u00bbdefault\u00a0\u00bb global_colors_info=\u00a0\u00bb{}\u00a0\u00bb][et_pb_text _builder_version=\u00a0\u00bb4.27.4&Prime; _module_preset=\u00a0\u00bbdefault\u00a0\u00bb text_font=\u00a0\u00bb|300|||||||\u00a0\u00bb text_font_size=\u00a0\u00bb22px\u00a0\u00bb text_line_height=\u00a0\u00bb2em\u00a0\u00bb header_3_font=\u00a0\u00bbBebas Neue||||||||\u00a0\u00bb header_3_font_size=\u00a0\u00bb42px\u00a0\u00bb hover_enabled=\u00a0\u00bb0&Prime; header_3_font_size_tablet=\u00a0\u00bb68px\u00a0\u00bb header_3_font_size_phone=\u00a0\u00bb38px\u00a0\u00bb header_3_font_size_last_edited=\u00a0\u00bbon|phone\u00a0\u00bb global_colors_info=\u00a0\u00bb{}\u00a0\u00bb sticky_enabled=\u00a0\u00bb0&Prime;]<\/p>\n<h3>Comment sont fabriqu\u00e9es les jantes Flow Forming de Monaco Wheels<\/h3>\n<p>[\/et_pb_text][et_pb_video src=\u00a0\u00bbhttps:\/\/monaco-wheels.com\/wp-content\/uploads\/2025\/09\/Monaco-Wheels_FlowForming.mp4&Prime; image_src=\u00a0\u00bbhttps:\/\/monaco-wheels.com\/wp-content\/uploads\/2025\/09\/monaco-wheels-flow-forming-proces.jpg\u00a0\u00bb _builder_version=\u00a0\u00bb4.27.4&Prime; _module_preset=\u00a0\u00bbdefault\u00a0\u00bb hover_enabled=\u00a0\u00bb0&Prime; global_colors_info=\u00a0\u00bb{}\u00a0\u00bb sticky_enabled=\u00a0\u00bb0&Prime;][\/et_pb_video][\/et_pb_column][\/et_pb_row][\/et_pb_section][et_pb_section fb_built=\u00a0\u00bb1&Prime; _builder_version=\u00a0\u00bb4.27.4&Prime; _module_preset=\u00a0\u00bbdefault\u00a0\u00bb background_enable_color=\u00a0\u00bboff\u00a0\u00bb use_background_color_gradient=\u00a0\u00bbon\u00a0\u00bb background_color_gradient_direction=\u00a0\u00bb-74deg\u00a0\u00bb background_color_gradient_stops=\u00a0\u00bbrgba(255,255,255,0) 80%|#eeeeee 80%\u00a0\u00bb hover_enabled=\u00a0\u00bb0&Prime; global_colors_info=\u00a0\u00bb{}\u00a0\u00bb sticky_enabled=\u00a0\u00bb0&Prime;][et_pb_row column_structure=\u00a0\u00bb1_3,1_3,1_3&Prime; _builder_version=\u00a0\u00bb4.27.4&Prime; _module_preset=\u00a0\u00bbdefault\u00a0\u00bb global_colors_info=\u00a0\u00bb{}\u00a0\u00bb][et_pb_column type=\u00a0\u00bb1_3&Prime; _builder_version=\u00a0\u00bb4.27.4&Prime; _module_preset=\u00a0\u00bbdefault\u00a0\u00bb link_option_url=\u00a0\u00bbhttps:\/\/monaco-wheels.com\/fr\/tuning-wheels\/ff1\/\u00a0\u00bb global_colors_info=\u00a0\u00bb{}\u00a0\u00bb][et_pb_gallery gallery_ids=\u00a0\u00bb22992981,22992979&Prime; fullwidth=\u00a0\u00bbon\u00a0\u00bb module_id=\u00a0\u00bbff1&Prime; _builder_version=\u00a0\u00bb4.27.4&Prime; _module_preset=\u00a0\u00bbdefault\u00a0\u00bb width_tablet=\u00a0\u00bb52%\u00a0\u00bb width_phone=\u00a0\u00bb100%\u00a0\u00bb width_last_edited=\u00a0\u00bbon|phone\u00a0\u00bb module_alignment=\u00a0\u00bbcenter\u00a0\u00bb custom_css_free_form=\u00a0\u00bbselector .et-pb-controllers {||    position: relative;||    top: 14px;||}||selector .et_pb_gallery_items {||  pointer-events: none !important;||}\u00a0\u00bb global_colors_info=\u00a0\u00bb{}\u00a0\u00bb][\/et_pb_gallery][et_pb_text _builder_version=\u00a0\u00bb4.27.0&Prime; _module_preset=\u00a0\u00bbdefault\u00a0\u00bb text_font=\u00a0\u00bbBebas Neue|300|||||||\u00a0\u00bb text_font_size=\u00a0\u00bb20px\u00a0\u00bb text_line_height=\u00a0\u00bb1.8em\u00a0\u00bb header_font=\u00a0\u00bbBebas Neue||||||||\u00a0\u00bb header_text_align=\u00a0\u00bbcenter\u00a0\u00bb header_font_size=\u00a0\u00bb36px\u00a0\u00bb header_3_font=\u00a0\u00bbBebas Neue||||||||\u00a0\u00bb header_3_text_color=\u00a0\u00bb#FFFFFF\u00a0\u00bb header_3_font_size=\u00a0\u00bb20px\u00a0\u00bb text_orientation=\u00a0\u00bbcenter\u00a0\u00bb custom_css_free_form=\u00a0\u00bbselector h3 {||    background-color: #f69900;||    padding: 10px 0 8px;||    width: 40%;||    text-align: center !important;||    margin: auto;||    margin-top: 16px;||}\u00a0\u00bb global_colors_info=\u00a0\u00bb{}\u00a0\u00bb]<\/p>\n<h1>FF1<\/h1>\n<p>19&Prime; \/ 20&Prime;<\/p>\n<h3>Tuning<\/h3>\n<p>[\/et_pb_text][\/et_pb_column][et_pb_column type=\u00a0\u00bb1_3&Prime; _builder_version=\u00a0\u00bb4.27.4&Prime; _module_preset=\u00a0\u00bbdefault\u00a0\u00bb link_option_url=\u00a0\u00bbhttps:\/\/monaco-wheels.com\/fr\/tuning-wheels\/ff2\/\u00a0\u00bb global_colors_info=\u00a0\u00bb{}\u00a0\u00bb][et_pb_gallery gallery_ids=\u00a0\u00bb22992985,22992983&Prime; fullwidth=\u00a0\u00bbon\u00a0\u00bb module_id=\u00a0\u00bbff2&Prime; _builder_version=\u00a0\u00bb4.27.4&Prime; _module_preset=\u00a0\u00bbdefault\u00a0\u00bb width_tablet=\u00a0\u00bb52%\u00a0\u00bb width_phone=\u00a0\u00bb100%\u00a0\u00bb width_last_edited=\u00a0\u00bbon|phone\u00a0\u00bb module_alignment=\u00a0\u00bbcenter\u00a0\u00bb custom_css_free_form=\u00a0\u00bbselector .et-pb-controllers {||    position: relative;||    top: 14px;||}||selector .et_pb_gallery_items {||  pointer-events: none !important;||}\u00a0\u00bb global_colors_info=\u00a0\u00bb{}\u00a0\u00bb][\/et_pb_gallery][et_pb_text _builder_version=\u00a0\u00bb4.27.0&Prime; _module_preset=\u00a0\u00bbdefault\u00a0\u00bb text_font=\u00a0\u00bbBebas Neue|300|||||||\u00a0\u00bb text_font_size=\u00a0\u00bb20px\u00a0\u00bb text_line_height=\u00a0\u00bb1.8em\u00a0\u00bb header_font=\u00a0\u00bbBebas Neue||||||||\u00a0\u00bb header_text_align=\u00a0\u00bbcenter\u00a0\u00bb header_font_size=\u00a0\u00bb36px\u00a0\u00bb header_3_font=\u00a0\u00bbBebas Neue||||||||\u00a0\u00bb header_3_text_color=\u00a0\u00bb#FFFFFF\u00a0\u00bb header_3_font_size=\u00a0\u00bb20px\u00a0\u00bb text_orientation=\u00a0\u00bbcenter\u00a0\u00bb custom_css_free_form=\u00a0\u00bbselector h3 {||    background-color: #f69900;||    padding: 10px 0 8px;||    width: 40%;||    text-align: center !important;||    margin: auto;||    margin-top: 16px;||}\u00a0\u00bb global_colors_info=\u00a0\u00bb{}\u00a0\u00bb]<\/p>\n<h1>FF2<\/h1>\n<p>18&Prime;<\/p>\n<h3>Tuning<\/h3>\n<p>[\/et_pb_text][\/et_pb_column][et_pb_column type=\u00a0\u00bb1_3&Prime; _builder_version=\u00a0\u00bb4.27.4&Prime; _module_preset=\u00a0\u00bbdefault\u00a0\u00bb link_option_url=\u00a0\u00bbhttps:\/\/monaco-wheels.com\/fr\/tuning-wheels\/ff3\/\u00a0\u00bb global_colors_info=\u00a0\u00bb{}\u00a0\u00bb][et_pb_gallery gallery_ids=\u00a0\u00bb22992987,22992989&Prime; fullwidth=\u00a0\u00bbon\u00a0\u00bb module_id=\u00a0\u00bbff3&Prime; _builder_version=\u00a0\u00bb4.27.4&Prime; _module_preset=\u00a0\u00bbdefault\u00a0\u00bb width_tablet=\u00a0\u00bb52%\u00a0\u00bb width_phone=\u00a0\u00bb100%\u00a0\u00bb width_last_edited=\u00a0\u00bbon|phone\u00a0\u00bb module_alignment=\u00a0\u00bbcenter\u00a0\u00bb custom_css_free_form=\u00a0\u00bbselector .et-pb-controllers {||    position: relative;||    top: 14px;||}||selector .et_pb_gallery_items {||  pointer-events: none !important;||}\u00a0\u00bb global_colors_info=\u00a0\u00bb{}\u00a0\u00bb][\/et_pb_gallery][et_pb_text _builder_version=\u00a0\u00bb4.27.4&Prime; _module_preset=\u00a0\u00bbdefault\u00a0\u00bb text_font=\u00a0\u00bbBebas Neue|300|||||||\u00a0\u00bb text_font_size=\u00a0\u00bb20px\u00a0\u00bb text_line_height=\u00a0\u00bb1.8em\u00a0\u00bb header_font=\u00a0\u00bbBebas Neue||||||||\u00a0\u00bb header_text_align=\u00a0\u00bbcenter\u00a0\u00bb header_font_size=\u00a0\u00bb36px\u00a0\u00bb header_3_font=\u00a0\u00bbBebas Neue||||||||\u00a0\u00bb header_3_text_color=\u00a0\u00bb#FFFFFF\u00a0\u00bb header_3_font_size=\u00a0\u00bb20px\u00a0\u00bb text_orientation=\u00a0\u00bbcenter\u00a0\u00bb custom_css_free_form=\u00a0\u00bbselector h3 {||    background-color: #f69900;||    padding: 10px 0 8px;||    width: 40%;||    text-align: center !important;||    margin: auto;||    margin-top: 16px;||}\u00a0\u00bb global_colors_info=\u00a0\u00bb{}\u00a0\u00bb]<\/p>\n<h1>FF3<\/h1>\n<p>19&Prime;<\/p>\n<h3>Tuning<\/h3>\n<p>[\/et_pb_text][\/et_pb_column][\/et_pb_row][\/et_pb_section][et_pb_section fb_built=\u00a0\u00bb1&Prime; _builder_version=\u00a0\u00bb4.27.4&Prime; _module_preset=\u00a0\u00bbdefault\u00a0\u00bb background_enable_color=\u00a0\u00bboff\u00a0\u00bb use_background_color_gradient=\u00a0\u00bbon\u00a0\u00bb background_color_gradient_direction=\u00a0\u00bb74deg\u00a0\u00bb background_color_gradient_stops=\u00a0\u00bbrgba(255,255,255,0) 50%|#eeeeee 50%\u00a0\u00bb hover_enabled=\u00a0\u00bb0&Prime; global_colors_info=\u00a0\u00bb{}\u00a0\u00bb sticky_enabled=\u00a0\u00bb0&Prime;][et_pb_row column_structure=\u00a0\u00bb1_3,2_3&Prime; _builder_version=\u00a0\u00bb4.27.4&Prime; _module_preset=\u00a0\u00bbdefault\u00a0\u00bb global_colors_info=\u00a0\u00bb{}\u00a0\u00bb][et_pb_column type=\u00a0\u00bb1_3&Prime; _builder_version=\u00a0\u00bb4.27.4&Prime; _module_preset=\u00a0\u00bbdefault\u00a0\u00bb link_option_url=\u00a0\u00bbhttps:\/\/monaco-wheels.com\/fr\/tuning-wheels\/ff4\/\u00a0\u00bb global_colors_info=\u00a0\u00bb{}\u00a0\u00bb][et_pb_gallery gallery_ids=\u00a0\u00bb22992993,22992991&Prime; fullwidth=\u00a0\u00bbon\u00a0\u00bb module_id=\u00a0\u00bbff4&Prime; _builder_version=\u00a0\u00bb4.27.4&Prime; _module_preset=\u00a0\u00bbdefault\u00a0\u00bb width_tablet=\u00a0\u00bb52%\u00a0\u00bb width_phone=\u00a0\u00bb100%\u00a0\u00bb width_last_edited=\u00a0\u00bbon|phone\u00a0\u00bb module_alignment=\u00a0\u00bbcenter\u00a0\u00bb custom_css_free_form=\u00a0\u00bbselector .et-pb-controllers {||    position: relative;||    top: 14px;||}||selector .et_pb_gallery_items {||  pointer-events: none !important;||}\u00a0\u00bb global_colors_info=\u00a0\u00bb{}\u00a0\u00bb][\/et_pb_gallery][et_pb_text _builder_version=\u00a0\u00bb4.27.0&Prime; _module_preset=\u00a0\u00bbdefault\u00a0\u00bb text_font=\u00a0\u00bbBebas Neue|300|||||||\u00a0\u00bb text_font_size=\u00a0\u00bb20px\u00a0\u00bb text_line_height=\u00a0\u00bb1.8em\u00a0\u00bb header_font=\u00a0\u00bbBebas Neue||||||||\u00a0\u00bb header_text_align=\u00a0\u00bbcenter\u00a0\u00bb header_font_size=\u00a0\u00bb36px\u00a0\u00bb header_3_font=\u00a0\u00bbBebas Neue||||||||\u00a0\u00bb header_3_text_color=\u00a0\u00bb#FFFFFF\u00a0\u00bb header_3_font_size=\u00a0\u00bb20px\u00a0\u00bb text_orientation=\u00a0\u00bbcenter\u00a0\u00bb custom_css_free_form=\u00a0\u00bbselector h3 {||    background-color: #f69900;||    padding: 10px 0 8px;||    width: 40%;||    text-align: center !important;||    margin: auto;||    margin-top: 16px;||}\u00a0\u00bb global_colors_info=\u00a0\u00bb{}\u00a0\u00bb]<\/p>\n<h1>FF4<\/h1>\n<p>18&Prime;<\/p>\n<h3>Tuning<\/h3>\n<p>[\/et_pb_text][\/et_pb_column][et_pb_column type=\u00a0\u00bb2_3&Prime; _builder_version=\u00a0\u00bb4.27.4&Prime; _module_preset=\u00a0\u00bbdefault\u00a0\u00bb global_colors_info=\u00a0\u00bb{}\u00a0\u00bb][\/et_pb_column][\/et_pb_row][\/et_pb_section]<\/p>\n","protected":false},"excerpt":{"rendered":"<p>Monaco Wheels Flow Forming La technologie Flow Forming rend les jantes plus l\u00e9g\u00e8res, plus solides et plus durables.Lighter. Stronger. Faster. La gamme Flow Forming de Monaco Wheels est d\u00e9velopp\u00e9e gr\u00e2ce \u00e0 une technique o\u00f9 les jantes moul\u00e9es sont chauff\u00e9es puis fa\u00e7onn\u00e9es par rouleaux. Ce proc\u00e9d\u00e9 densifie la structure m\u00e9tallique, rendant les jantes plus l\u00e9g\u00e8res et plus solides que les jantes moul\u00e9es traditionnelles. Le r\u00e9sultat : des designs sportifs alliant performance optimale, durabilit\u00e9 et fiabilit\u00e9. Des jantes parfaites pour les conducteurs attach\u00e9s \u00e0 la qualit\u00e9 et au plaisir de conduire.Comment sont fabriqu\u00e9es les jantes Flow Forming de Monaco WheelsFF1 19&Prime; \/ 20&Prime; TuningFF2 18&Prime; TuningFF3 19&Prime; TuningFF4 18&Prime; Tuning<\/p>\n","protected":false},"author":3,"featured_media":0,"parent":0,"menu_order":0,"comment_status":"closed","ping_status":"closed","template":"","meta":{"_et_pb_use_builder":"on","_et_pb_old_content":"","_et_gb_content_width":"","footnotes":""},"dipi_cpt_category":[],"class_list":["post-22994656","page","type-page","status-publish","hentry"],"yoast_head":"<!-- This site is optimized with the Yoast SEO plugin v27.3 - https:\/\/yoast.com\/product\/yoast-seo-wordpress\/ -->\n<title>Flow Forming | Monaco Wheels<\/title>\n<meta name=\"description\" content=\"La technologie Flow Forming rend les jantes plus l\u00e9g\u00e8res, solides et durables. D\u00e9couvrez la gamme Flow Forming de Monaco Wheels.\" \/>\n<meta name=\"robots\" content=\"index, follow, max-snippet:-1, max-image-preview:large, max-video-preview:-1\" \/>\n<link rel=\"canonical\" href=\"https:\/\/monaco-wheels.com\/en\/flow-forming\/\" \/>\n<meta property=\"og:locale\" content=\"fr_FR\" \/>\n<meta property=\"og:type\" content=\"article\" \/>\n<meta property=\"og:title\" content=\"Flow Forming | Monaco Wheels\" \/>\n<meta property=\"og:description\" content=\"La technologie Flow Forming rend les jantes plus l\u00e9g\u00e8res, solides et durables. D\u00e9couvrez la gamme Flow Forming de Monaco Wheels.\" \/>\n<meta property=\"og:url\" content=\"https:\/\/monaco-wheels.com\/en\/flow-forming\/\" \/>\n<meta property=\"og:site_name\" content=\"Monaco Wheels\" \/>\n<meta property=\"article:modified_time\" content=\"2025-09-19T12:23:53+00:00\" \/>\n<meta name=\"twitter:card\" content=\"summary_large_image\" \/>\n<meta name=\"twitter:label1\" content=\"Dur\u00e9e de lecture estim\u00e9e\" \/>\n\t<meta name=\"twitter:data1\" content=\"3 minutes\" \/>\n<script type=\"application\/ld+json\" class=\"yoast-schema-graph\">{\"@context\":\"https:\\\/\\\/schema.org\",\"@graph\":[{\"@type\":\"WebPage\",\"@id\":\"https:\\\/\\\/monaco-wheels.com\\\/en\\\/flow-forming\\\/\",\"url\":\"https:\\\/\\\/monaco-wheels.com\\\/en\\\/flow-forming\\\/\",\"name\":\"Flow Forming | Monaco Wheels\",\"isPartOf\":{\"@id\":\"https:\\\/\\\/monaco-wheels.com\\\/#website\"},\"datePublished\":\"2025-08-27T11:39:44+00:00\",\"dateModified\":\"2025-09-19T12:23:53+00:00\",\"description\":\"La technologie Flow Forming rend les jantes plus l\u00e9g\u00e8res, solides et durables. D\u00e9couvrez la gamme Flow Forming de Monaco Wheels.\",\"breadcrumb\":{\"@id\":\"https:\\\/\\\/monaco-wheels.com\\\/en\\\/flow-forming\\\/#breadcrumb\"},\"inLanguage\":\"fr-FR\",\"potentialAction\":[{\"@type\":\"ReadAction\",\"target\":[\"https:\\\/\\\/monaco-wheels.com\\\/en\\\/flow-forming\\\/\"]}]},{\"@type\":\"BreadcrumbList\",\"@id\":\"https:\\\/\\\/monaco-wheels.com\\\/en\\\/flow-forming\\\/#breadcrumb\",\"itemListElement\":[{\"@type\":\"ListItem\",\"position\":1,\"name\":\"Home\",\"item\":\"https:\\\/\\\/monaco-wheels.com\\\/\"},{\"@type\":\"ListItem\",\"position\":2,\"name\":\"Flow Forming\"}]},{\"@type\":\"WebSite\",\"@id\":\"https:\\\/\\\/monaco-wheels.com\\\/#website\",\"url\":\"https:\\\/\\\/monaco-wheels.com\\\/\",\"name\":\"Monaco Wheels\",\"description\":\"Where class &amp; quality meet\",\"potentialAction\":[{\"@type\":\"SearchAction\",\"target\":{\"@type\":\"EntryPoint\",\"urlTemplate\":\"https:\\\/\\\/monaco-wheels.com\\\/?s={search_term_string}\"},\"query-input\":{\"@type\":\"PropertyValueSpecification\",\"valueRequired\":true,\"valueName\":\"search_term_string\"}}],\"inLanguage\":\"fr-FR\"}]}<\/script>\n<!-- \/ Yoast SEO plugin. -->","yoast_head_json":{"title":"Flow Forming | Monaco Wheels","description":"La technologie Flow Forming rend les jantes plus l\u00e9g\u00e8res, solides et durables. D\u00e9couvrez la gamme Flow Forming de Monaco Wheels.","robots":{"index":"index","follow":"follow","max-snippet":"max-snippet:-1","max-image-preview":"max-image-preview:large","max-video-preview":"max-video-preview:-1"},"canonical":"https:\/\/monaco-wheels.com\/en\/flow-forming\/","og_locale":"fr_FR","og_type":"article","og_title":"Flow Forming | Monaco Wheels","og_description":"La technologie Flow Forming rend les jantes plus l\u00e9g\u00e8res, solides et durables. D\u00e9couvrez la gamme Flow Forming de Monaco Wheels.","og_url":"https:\/\/monaco-wheels.com\/en\/flow-forming\/","og_site_name":"Monaco Wheels","article_modified_time":"2025-09-19T12:23:53+00:00","twitter_card":"summary_large_image","twitter_misc":{"Dur\u00e9e de lecture estim\u00e9e":"3 minutes"},"schema":{"@context":"https:\/\/schema.org","@graph":[{"@type":"WebPage","@id":"https:\/\/monaco-wheels.com\/en\/flow-forming\/","url":"https:\/\/monaco-wheels.com\/en\/flow-forming\/","name":"Flow Forming | Monaco Wheels","isPartOf":{"@id":"https:\/\/monaco-wheels.com\/#website"},"datePublished":"2025-08-27T11:39:44+00:00","dateModified":"2025-09-19T12:23:53+00:00","description":"La technologie Flow Forming rend les jantes plus l\u00e9g\u00e8res, solides et durables. D\u00e9couvrez la gamme Flow Forming de Monaco Wheels.","breadcrumb":{"@id":"https:\/\/monaco-wheels.com\/en\/flow-forming\/#breadcrumb"},"inLanguage":"fr-FR","potentialAction":[{"@type":"ReadAction","target":["https:\/\/monaco-wheels.com\/en\/flow-forming\/"]}]},{"@type":"BreadcrumbList","@id":"https:\/\/monaco-wheels.com\/en\/flow-forming\/#breadcrumb","itemListElement":[{"@type":"ListItem","position":1,"name":"Home","item":"https:\/\/monaco-wheels.com\/"},{"@type":"ListItem","position":2,"name":"Flow Forming"}]},{"@type":"WebSite","@id":"https:\/\/monaco-wheels.com\/#website","url":"https:\/\/monaco-wheels.com\/","name":"Monaco Wheels","description":"Where class &amp; quality meet","potentialAction":[{"@type":"SearchAction","target":{"@type":"EntryPoint","urlTemplate":"https:\/\/monaco-wheels.com\/?s={search_term_string}"},"query-input":{"@type":"PropertyValueSpecification","valueRequired":true,"valueName":"search_term_string"}}],"inLanguage":"fr-FR"}]}},"_links":{"self":[{"href":"https:\/\/monaco-wheels.com\/fr\/wp-json\/wp\/v2\/pages\/22994656","targetHints":{"allow":["GET"]}}],"collection":[{"href":"https:\/\/monaco-wheels.com\/fr\/wp-json\/wp\/v2\/pages"}],"about":[{"href":"https:\/\/monaco-wheels.com\/fr\/wp-json\/wp\/v2\/types\/page"}],"author":[{"embeddable":true,"href":"https:\/\/monaco-wheels.com\/fr\/wp-json\/wp\/v2\/users\/3"}],"replies":[{"embeddable":true,"href":"https:\/\/monaco-wheels.com\/fr\/wp-json\/wp\/v2\/comments?post=22994656"}],"version-history":[{"count":9,"href":"https:\/\/monaco-wheels.com\/fr\/wp-json\/wp\/v2\/pages\/22994656\/revisions"}],"predecessor-version":[{"id":22994720,"href":"https:\/\/monaco-wheels.com\/fr\/wp-json\/wp\/v2\/pages\/22994656\/revisions\/22994720"}],"wp:attachment":[{"href":"https:\/\/monaco-wheels.com\/fr\/wp-json\/wp\/v2\/media?parent=22994656"}],"wp:term":[{"taxonomy":"dipi_cpt_category","embeddable":true,"href":"https:\/\/monaco-wheels.com\/fr\/wp-json\/wp\/v2\/dipi_cpt_category?post=22994656"}],"curies":[{"name":"wp","href":"https:\/\/api.w.org\/{rel}","templated":true}]}}