{"id":22994636,"date":"2025-02-07T10:43:12","date_gmt":"2025-02-07T10:43:12","guid":{"rendered":"https:\/\/monaco-wheels.com\/comfort-wheels\/"},"modified":"2026-04-15T09:51:27","modified_gmt":"2026-04-15T09:51:27","slug":"comfort-wheels","status":"publish","type":"page","link":"https:\/\/monaco-wheels.com\/fr\/comfort-wheels\/","title":{"rendered":"Gamme comfort"},"content":{"rendered":"<p>[et_pb_section fb_built=\u00a0\u00bb1&Prime; specialty=\u00a0\u00bbon\u00a0\u00bb custom_padding_last_edited=\u00a0\u00bbon|phone\u00a0\u00bb _builder_version=\u00a0\u00bb4.27.4&Prime; _module_preset=\u00a0\u00bbdefault\u00a0\u00bb use_background_color_gradient=\u00a0\u00bbon\u00a0\u00bb background_color_gradient_direction=\u00a0\u00bb67deg\u00a0\u00bb background_color_gradient_stops=\u00a0\u00bb#82130a 50%|rgba(41,196,169,0.04) 50%\u00a0\u00bb background_color_gradient_overlays_image=\u00a0\u00bbon\u00a0\u00bb background_image=\u00a0\u00bbhttps:\/\/monaco-wheels.com\/wp-content\/uploads\/2025\/08\/hd-monaco-wheels-comfort-range.jpg\u00a0\u00bb background_position=\u00a0\u00bbbottom_right\u00a0\u00bb background_vertical_offset=\u00a0\u00bb28%\u00a0\u00bb inner_width_tablet=\u00a0\u00bb\u00a0\u00bb inner_width_phone=\u00a0\u00bb\u00a0\u00bb inner_width_last_edited=\u00a0\u00bbon|phone\u00a0\u00bb custom_padding=\u00a0\u00bb4%||4%||true|false\u00a0\u00bb custom_padding_tablet=\u00a0\u00bb3%||3%||true|false\u00a0\u00bb custom_padding_phone=\u00a0\u00bb12%||2%||false|false\u00a0\u00bb background_last_edited=\u00a0\u00bbon|phone\u00a0\u00bb use_background_color_gradient_phone=\u00a0\u00bbon\u00a0\u00bb background_color_gradient_stops_phone=\u00a0\u00bbrgba(130,19,10,0.8) 100%|rgba(41,196,169,0.04) 100%\u00a0\u00bb global_colors_info=\u00a0\u00bb{}\u00a0\u00bb][et_pb_column type=\u00a0\u00bb2_3&Prime; specialty_columns=\u00a0\u00bb2&Prime; _builder_version=\u00a0\u00bb4.16&Prime; custom_padding=\u00a0\u00bb|||\u00a0\u00bb global_colors_info=\u00a0\u00bb{}\u00a0\u00bb custom_padding__hover=\u00a0\u00bb|||\u00a0\u00bb][et_pb_row_inner _builder_version=\u00a0\u00bb4.27.0&Prime; _module_preset=\u00a0\u00bbdefault\u00a0\u00bb width=\u00a0\u00bb70%\u00a0\u00bb width_tablet=\u00a0\u00bb70%\u00a0\u00bb width_phone=\u00a0\u00bb100%\u00a0\u00bb width_last_edited=\u00a0\u00bbon|phone\u00a0\u00bb global_colors_info=\u00a0\u00bb{}\u00a0\u00bb][et_pb_column_inner saved_specialty_column_type=\u00a0\u00bb2_3&Prime; _builder_version=\u00a0\u00bb4.27.0&Prime; _module_preset=\u00a0\u00bbdefault\u00a0\u00bb global_colors_info=\u00a0\u00bb{}\u00a0\u00bb][et_pb_text _builder_version=\u00a0\u00bb4.27.4&Prime; _module_preset=\u00a0\u00bbdefault\u00a0\u00bb text_font=\u00a0\u00bb|300|||||||\u00a0\u00bb text_text_color=\u00a0\u00bb#FFFFFF\u00a0\u00bb text_font_size=\u00a0\u00bb22px\u00a0\u00bb text_line_height=\u00a0\u00bb2em\u00a0\u00bb header_font=\u00a0\u00bbBebas Neue||||||||\u00a0\u00bb header_text_color=\u00a0\u00bb#FFFFFF\u00a0\u00bb header_font_size=\u00a0\u00bb82px\u00a0\u00bb header_3_font=\u00a0\u00bbBebas Neue||||||||\u00a0\u00bb header_3_text_color=\u00a0\u00bb#FFFFFF\u00a0\u00bb header_3_font_size=\u00a0\u00bb28px\u00a0\u00bb header_6_font=\u00a0\u00bbBebas Neue|700|||||||\u00a0\u00bb header_6_font_size=\u00a0\u00bb118px\u00a0\u00bb header_6_letter_spacing=\u00a0\u00bb1px\u00a0\u00bb custom_margin=\u00a0\u00bb||||false|false\u00a0\u00bb header_text_align_tablet=\u00a0\u00bb\u00a0\u00bb header_text_align_phone=\u00a0\u00bbleft\u00a0\u00bb header_text_align_last_edited=\u00a0\u00bbon|phone\u00a0\u00bb header_font_size_tablet=\u00a0\u00bb78px\u00a0\u00bb header_font_size_phone=\u00a0\u00bb56px\u00a0\u00bb header_font_size_last_edited=\u00a0\u00bbon|phone\u00a0\u00bb header_3_text_align_tablet=\u00a0\u00bb\u00a0\u00bb header_3_text_align_phone=\u00a0\u00bbcenter\u00a0\u00bb header_3_text_align_last_edited=\u00a0\u00bbon|phone\u00a0\u00bb global_colors_info=\u00a0\u00bb{}\u00a0\u00bb]<\/p>\n<h1>Gamme Comfort Monaco Wheels<\/h1>\n<p>Jantes hiver et budget au look luxueux offrant un confort ultime.[\/et_pb_text][\/et_pb_column_inner][\/et_pb_row_inner][\/et_pb_column][et_pb_column type=\u00a0\u00bb1_3&Prime; _builder_version=\u00a0\u00bb4.16&Prime; custom_padding=\u00a0\u00bb|||\u00a0\u00bb global_colors_info=\u00a0\u00bb{}\u00a0\u00bb custom_padding__hover=\u00a0\u00bb|||\u00a0\u00bb][\/et_pb_column][\/et_pb_section][et_pb_section fb_built=\u00a0\u00bb1&Prime; _builder_version=\u00a0\u00bb4.27.0&Prime; _module_preset=\u00a0\u00bbdefault\u00a0\u00bb use_background_color_gradient=\u00a0\u00bbon\u00a0\u00bb background_color_gradient_direction=\u00a0\u00bb-74deg\u00a0\u00bb background_color_gradient_stops=\u00a0\u00bb#eeeeee 26%|#ffffff 26%\u00a0\u00bb custom_padding=\u00a0\u00bb6%||6%||true|false\u00a0\u00bb global_colors_info=\u00a0\u00bb{}\u00a0\u00bb][et_pb_row _builder_version=\u00a0\u00bb4.27.0&Prime; _module_preset=\u00a0\u00bbdefault\u00a0\u00bb max_width=\u00a0\u00bb780px\u00a0\u00bb global_colors_info=\u00a0\u00bb{}\u00a0\u00bb][et_pb_column type=\u00a0\u00bb4_4&Prime; _builder_version=\u00a0\u00bb4.27.0&Prime; _module_preset=\u00a0\u00bbdefault\u00a0\u00bb global_colors_info=\u00a0\u00bb{}\u00a0\u00bb][et_pb_text _builder_version=\u00a0\u00bb4.27.4&Prime; _module_preset=\u00a0\u00bbdefault\u00a0\u00bb text_font=\u00a0\u00bb|300|||||||\u00a0\u00bb text_font_size=\u00a0\u00bb22px\u00a0\u00bb text_line_height=\u00a0\u00bb2em\u00a0\u00bb header_3_font=\u00a0\u00bbBebas Neue||||||||\u00a0\u00bb header_3_font_size=\u00a0\u00bb68px\u00a0\u00bb header_3_font_size_tablet=\u00a0\u00bb68px\u00a0\u00bb header_3_font_size_phone=\u00a0\u00bb38px\u00a0\u00bb header_3_font_size_last_edited=\u00a0\u00bbon|phone\u00a0\u00bb global_colors_info=\u00a0\u00bb{}\u00a0\u00bb]<\/p>\n<h3>Votre style<\/h3>\n<p>La gamme Comfort de Monaco Wheels est con\u00e7ue pour les conducteurs attentifs \u00e0 leur budget, recherchant fiabilit\u00e9 et praticit\u00e9. Ces jantes offrent un \u00e9quilibre parfait entre confort, durabilit\u00e9 et design \u00e9l\u00e9gant, pour voyager chaque jour en toute s\u00e9curit\u00e9 et s\u00e9r\u00e9nit\u00e9.[\/et_pb_text][\/et_pb_column][\/et_pb_row][\/et_pb_section][et_pb_section fb_built=\u00a0\u00bb1&Prime; _builder_version=\u00a0\u00bb4.27.0&Prime; _module_preset=\u00a0\u00bbdefault\u00a0\u00bb background_color=\u00a0\u00bb#f4f4f4&Prime; global_colors_info=\u00a0\u00bb{}\u00a0\u00bb][et_pb_row column_structure=\u00a0\u00bb1_3,1_3,1_3&Prime; _builder_version=\u00a0\u00bb4.27.6&Prime; _module_preset=\u00a0\u00bbdefault\u00a0\u00bb global_colors_info=\u00a0\u00bb{}\u00a0\u00bb][et_pb_column type=\u00a0\u00bb1_3&Prime; _builder_version=\u00a0\u00bb4.27.6&Prime; _module_preset=\u00a0\u00bbdefault\u00a0\u00bb global_colors_info=\u00a0\u00bb{}\u00a0\u00bb][et_pb_gallery gallery_ids=\u00a0\u00bb22992865,22992867,22992869,22992871&Prime; fullwidth=\u00a0\u00bbon\u00a0\u00bb module_id=\u00a0\u00bbcl2&Prime; _builder_version=\u00a0\u00bb4.27.6&Prime; _module_preset=\u00a0\u00bbdefault\u00a0\u00bb width_tablet=\u00a0\u00bb52%\u00a0\u00bb width_phone=\u00a0\u00bb100%\u00a0\u00bb width_last_edited=\u00a0\u00bbon|phone\u00a0\u00bb module_alignment=\u00a0\u00bbcenter\u00a0\u00bb link_option_url=\u00a0\u00bbhttps:\/\/monaco-wheels.com\/fr\/comfort-wheels\/cl2-4-holes\/\u00a0\u00bb custom_css_free_form=\u00a0\u00bbselector .et-pb-controllers {||    position: relative;||    top: 14px;||}||selector .et_pb_gallery_items {||  pointer-events: none !important;||}\u00a0\u00bb global_colors_info=\u00a0\u00bb{}\u00a0\u00bb][\/et_pb_gallery][et_pb_text _builder_version=\u00a0\u00bb4.27.6&Prime; _module_preset=\u00a0\u00bbdefault\u00a0\u00bb text_font=\u00a0\u00bbBebas Neue|300|||||||\u00a0\u00bb text_font_size=\u00a0\u00bb20px\u00a0\u00bb text_line_height=\u00a0\u00bb1.8em\u00a0\u00bb header_font=\u00a0\u00bbBebas Neue||||||||\u00a0\u00bb header_text_align=\u00a0\u00bbcenter\u00a0\u00bb header_font_size=\u00a0\u00bb36px\u00a0\u00bb header_3_font=\u00a0\u00bbBebas Neue||||||||\u00a0\u00bb header_3_text_color=\u00a0\u00bb#FFFFFF\u00a0\u00bb header_3_font_size=\u00a0\u00bb20px\u00a0\u00bb text_orientation=\u00a0\u00bbcenter\u00a0\u00bb link_option_url=\u00a0\u00bbhttps:\/\/monaco-wheels.com\/fr\/comfort-wheels\/cl2-4-holes\/\u00a0\u00bb custom_css_free_form=\u00a0\u00bbselector h3 {||    background-color: #82130a;||    padding: 10px 0 8px;||    width: 40%;||    text-align: center !important;||    margin: auto;||    margin-top: 16px;  ||}\u00a0\u00bb global_colors_info=\u00a0\u00bb{}\u00a0\u00bb]<\/p>\n<h1>CL2 \/ 4 holes<\/h1>\n<p>16&Prime; \/ 17&Prime;<\/p>\n<h3>Comfort<\/h3>\n<p>[\/et_pb_text][\/et_pb_column][et_pb_column type=\u00a0\u00bb1_3&Prime; _builder_version=\u00a0\u00bb4.27.6&Prime; _module_preset=\u00a0\u00bbdefault\u00a0\u00bb global_colors_info=\u00a0\u00bb{}\u00a0\u00bb][et_pb_gallery gallery_ids=\u00a0\u00bb22992873,22992875,22992877,22992879&Prime; fullwidth=\u00a0\u00bbon\u00a0\u00bb module_id=\u00a0\u00bbcl2&Prime; _builder_version=\u00a0\u00bb4.27.6&Prime; _module_preset=\u00a0\u00bbdefault\u00a0\u00bb width_tablet=\u00a0\u00bb52%\u00a0\u00bb width_phone=\u00a0\u00bb100%\u00a0\u00bb width_last_edited=\u00a0\u00bbon|phone\u00a0\u00bb module_alignment=\u00a0\u00bbcenter\u00a0\u00bb link_option_url=\u00a0\u00bbhttps:\/\/monaco-wheels.com\/fr\/comfort-wheels\/cl2-5-holes\/\u00a0\u00bb custom_css_free_form=\u00a0\u00bbselector .et-pb-controllers {||    position: relative;||    top: 14px;||}||selector .et_pb_gallery_items {||  pointer-events: none !important;||}\u00a0\u00bb global_colors_info=\u00a0\u00bb{}\u00a0\u00bb][\/et_pb_gallery][et_pb_text _builder_version=\u00a0\u00bb4.27.6&Prime; _module_preset=\u00a0\u00bbdefault\u00a0\u00bb text_font=\u00a0\u00bbBebas Neue|300|||||||\u00a0\u00bb text_font_size=\u00a0\u00bb20px\u00a0\u00bb text_line_height=\u00a0\u00bb1.8em\u00a0\u00bb header_font=\u00a0\u00bbBebas Neue||||||||\u00a0\u00bb header_text_align=\u00a0\u00bbcenter\u00a0\u00bb header_font_size=\u00a0\u00bb36px\u00a0\u00bb header_3_font=\u00a0\u00bbBebas Neue||||||||\u00a0\u00bb header_3_text_color=\u00a0\u00bb#FFFFFF\u00a0\u00bb header_3_font_size=\u00a0\u00bb20px\u00a0\u00bb text_orientation=\u00a0\u00bbcenter\u00a0\u00bb link_option_url=\u00a0\u00bbhttps:\/\/monaco-wheels.com\/fr\/comfort-wheels\/cl2-5-holes\/\u00a0\u00bb custom_css_free_form=\u00a0\u00bbselector h3 {||    background-color: #82130a;||    padding: 10px 0 8px;||    width: 40%;||    text-align: center !important;||    margin: auto;||    margin-top: 16px;  ||}\u00a0\u00bb global_colors_info=\u00a0\u00bb{}\u00a0\u00bb]<\/p>\n<h1>CL2 \/ 5 holes<\/h1>\n<p>16&Prime; \/ 17&Prime; \/ 18&Prime; \/ 19&Prime;<\/p>\n<h3>Comfort<\/h3>\n<p>[\/et_pb_text][\/et_pb_column][et_pb_column type=\u00a0\u00bb1_3&Prime; _builder_version=\u00a0\u00bb4.27.6&Prime; _module_preset=\u00a0\u00bbdefault\u00a0\u00bb global_colors_info=\u00a0\u00bb{}\u00a0\u00bb][et_pb_gallery gallery_ids=\u00a0\u00bb22992881,22992883,22992885&Prime; fullwidth=\u00a0\u00bbon\u00a0\u00bb module_id=\u00a0\u00bbcl2t\u00a0\u00bb _builder_version=\u00a0\u00bb4.27.6&Prime; _module_preset=\u00a0\u00bbdefault\u00a0\u00bb width_tablet=\u00a0\u00bb52%\u00a0\u00bb width_phone=\u00a0\u00bb100%\u00a0\u00bb width_last_edited=\u00a0\u00bbon|phone\u00a0\u00bb module_alignment=\u00a0\u00bbcenter\u00a0\u00bb link_option_url=\u00a0\u00bbhttps:\/\/monaco-wheels.com\/fr\/comfort-wheels\/cl2t\/\u00a0\u00bb custom_css_free_form=\u00a0\u00bbselector .et-pb-controllers {||    position: relative;||    top: 14px;||}||selector .et_pb_gallery_items {||  pointer-events: none !important;||}\u00a0\u00bb global_colors_info=\u00a0\u00bb{}\u00a0\u00bb][\/et_pb_gallery][et_pb_text _builder_version=\u00a0\u00bb4.27.6&Prime; _module_preset=\u00a0\u00bbdefault\u00a0\u00bb text_font=\u00a0\u00bbBebas Neue|300|||||||\u00a0\u00bb text_font_size=\u00a0\u00bb20px\u00a0\u00bb text_line_height=\u00a0\u00bb1.8em\u00a0\u00bb header_font=\u00a0\u00bbBebas Neue||||||||\u00a0\u00bb header_text_align=\u00a0\u00bbcenter\u00a0\u00bb header_font_size=\u00a0\u00bb36px\u00a0\u00bb header_3_font=\u00a0\u00bbBebas Neue||||||||\u00a0\u00bb header_3_text_color=\u00a0\u00bb#FFFFFF\u00a0\u00bb header_3_font_size=\u00a0\u00bb20px\u00a0\u00bb text_orientation=\u00a0\u00bbcenter\u00a0\u00bb link_option_url=\u00a0\u00bbhttps:\/\/monaco-wheels.com\/fr\/comfort-wheels\/cl2t\/\u00a0\u00bb custom_css_free_form=\u00a0\u00bbselector h3 {||    background-color: #82130a;||    padding: 10px 0 8px;||    width: 40%;||    text-align: center !important;||    margin: auto;||    margin-top: 16px;  ||}\u00a0\u00bb global_colors_info=\u00a0\u00bb{}\u00a0\u00bb]<\/p>\n<h1>CL2 Transporter<\/h1>\n<p>16&Prime;<\/p>\n<h3>Comfort<\/h3>\n<p>[\/et_pb_text][\/et_pb_column][\/et_pb_row][\/et_pb_section][et_pb_section fb_built=\u00a0\u00bb1&Prime; _builder_version=\u00a0\u00bb4.27.4&Prime; _module_preset=\u00a0\u00bbdefault\u00a0\u00bb background_enable_color=\u00a0\u00bboff\u00a0\u00bb use_background_color_gradient=\u00a0\u00bbon\u00a0\u00bb background_color_gradient_direction=\u00a0\u00bb-74deg\u00a0\u00bb background_color_gradient_stops=\u00a0\u00bb#ffffff 80%|#eeeeee 80%\u00a0\u00bb global_colors_info=\u00a0\u00bb{}\u00a0\u00bb][et_pb_row column_structure=\u00a0\u00bb1_3,1_3,1_3&Prime; _builder_version=\u00a0\u00bb4.27.6&Prime; _module_preset=\u00a0\u00bbdefault\u00a0\u00bb hover_enabled=\u00a0\u00bb0&Prime; global_colors_info=\u00a0\u00bb{}\u00a0\u00bb sticky_enabled=\u00a0\u00bb0&Prime;][et_pb_column type=\u00a0\u00bb1_3&Prime; _builder_version=\u00a0\u00bb4.27.6&Prime; _module_preset=\u00a0\u00bbdefault\u00a0\u00bb global_colors_info=\u00a0\u00bb{}\u00a0\u00bb][et_pb_gallery gallery_ids=\u00a0\u00bb22994435,22994433&Prime; fullwidth=\u00a0\u00bbon\u00a0\u00bb module_id=\u00a0\u00bbvt1&Prime; _builder_version=\u00a0\u00bb4.27.6&Prime; _module_preset=\u00a0\u00bbdefault\u00a0\u00bb width_tablet=\u00a0\u00bb52%\u00a0\u00bb width_phone=\u00a0\u00bb100%\u00a0\u00bb width_last_edited=\u00a0\u00bbon|phone\u00a0\u00bb module_alignment=\u00a0\u00bbcenter\u00a0\u00bb link_option_url=\u00a0\u00bbhttps:\/\/monaco-wheels.com\/fr\/comfort-wheels\/vt1\/\u00a0\u00bb custom_css_free_form=\u00a0\u00bbselector .et-pb-controllers {||    position: relative;||    top: 14px;||}||selector .et_pb_gallery_items {||  pointer-events: none !important;||}\u00a0\u00bb global_colors_info=\u00a0\u00bb{}\u00a0\u00bb][\/et_pb_gallery][et_pb_text _builder_version=\u00a0\u00bb4.27.6&Prime; _module_preset=\u00a0\u00bbdefault\u00a0\u00bb text_font=\u00a0\u00bbBebas Neue|300|||||||\u00a0\u00bb text_font_size=\u00a0\u00bb20px\u00a0\u00bb text_line_height=\u00a0\u00bb1.8em\u00a0\u00bb header_font=\u00a0\u00bbBebas Neue||||||||\u00a0\u00bb header_text_align=\u00a0\u00bbcenter\u00a0\u00bb header_font_size=\u00a0\u00bb36px\u00a0\u00bb header_3_font=\u00a0\u00bbBebas Neue||||||||\u00a0\u00bb header_3_text_color=\u00a0\u00bb#FFFFFF\u00a0\u00bb header_3_font_size=\u00a0\u00bb20px\u00a0\u00bb text_orientation=\u00a0\u00bbcenter\u00a0\u00bb link_option_url=\u00a0\u00bbhttps:\/\/monaco-wheels.com\/fr\/comfort-wheels\/vt1\/\u00a0\u00bb custom_css_free_form=\u00a0\u00bbselector h3 {||    background-color: #82130a;||    padding: 10px 0 8px;||    width: 40%;||    text-align: center !important;||    margin: auto;||    margin-top: 16px;  ||}\u00a0\u00bb global_colors_info=\u00a0\u00bb{}\u00a0\u00bb]<\/p>\n<h1>VT1<\/h1>\n<p>16&Prime; \/ 17&Prime; \/ 18&Prime;<\/p>\n<h3>Comfort<\/h3>\n<p>[\/et_pb_text][\/et_pb_column][et_pb_column type=\u00a0\u00bb1_3&Prime; _builder_version=\u00a0\u00bb4.27.6&Prime; _module_preset=\u00a0\u00bbdefault\u00a0\u00bb global_colors_info=\u00a0\u00bb{}\u00a0\u00bb][et_pb_gallery gallery_ids=\u00a0\u00bb22994573,22994571&Prime; fullwidth=\u00a0\u00bbon\u00a0\u00bb module_id=\u00a0\u00bbvt2&Prime; _builder_version=\u00a0\u00bb4.27.6&Prime; _module_preset=\u00a0\u00bbdefault\u00a0\u00bb width_tablet=\u00a0\u00bb52%\u00a0\u00bb width_phone=\u00a0\u00bb100%\u00a0\u00bb width_last_edited=\u00a0\u00bbon|phone\u00a0\u00bb module_alignment=\u00a0\u00bbcenter\u00a0\u00bb link_option_url=\u00a0\u00bbhttps:\/\/monaco-wheels.com\/fr\/comfort-wheels\/vt2\/\u00a0\u00bb custom_css_free_form=\u00a0\u00bbselector .et-pb-controllers {||    position: relative;||    top: 14px;||}||selector .et_pb_gallery_items {||  pointer-events: none !important;||}\u00a0\u00bb global_colors_info=\u00a0\u00bb{}\u00a0\u00bb][\/et_pb_gallery][et_pb_text module_id=\u00a0\u00bbvt2&Prime; _builder_version=\u00a0\u00bb4.27.6&Prime; _module_preset=\u00a0\u00bbdefault\u00a0\u00bb text_font=\u00a0\u00bbBebas Neue|300|||||||\u00a0\u00bb text_font_size=\u00a0\u00bb20px\u00a0\u00bb text_line_height=\u00a0\u00bb1.8em\u00a0\u00bb header_font=\u00a0\u00bbBebas Neue||||||||\u00a0\u00bb header_text_align=\u00a0\u00bbcenter\u00a0\u00bb header_font_size=\u00a0\u00bb36px\u00a0\u00bb header_3_font=\u00a0\u00bbBebas Neue||||||||\u00a0\u00bb header_3_text_color=\u00a0\u00bb#FFFFFF\u00a0\u00bb header_3_font_size=\u00a0\u00bb20px\u00a0\u00bb text_orientation=\u00a0\u00bbcenter\u00a0\u00bb link_option_url=\u00a0\u00bbhttps:\/\/monaco-wheels.com\/fr\/comfort-wheels\/vt2\/\u00a0\u00bb custom_css_free_form=\u00a0\u00bbselector h3 {||    background-color: #82130a;||    padding: 10px 0 8px;||    width: 40%;||    text-align: center !important;||    margin: auto;||    margin-top: 16px;  ||}\u00a0\u00bb global_colors_info=\u00a0\u00bb{}\u00a0\u00bb]<\/p>\n<h1>VT2<\/h1>\n<p>16&Prime; \/ 17&Prime; \/ 18&Prime;<\/p>\n<h3>Comfort<\/h3>\n<p>[\/et_pb_text][\/et_pb_column][et_pb_column type=\u00a0\u00bb1_3&Prime; _builder_version=\u00a0\u00bb4.27.4&Prime; _module_preset=\u00a0\u00bbdefault\u00a0\u00bb link_option_url=\u00a0\u00bbhttps:\/\/monaco-wheels.com\/comfort-wheels\/cl2t\/\u00a0\u00bb global_colors_info=\u00a0\u00bb{}\u00a0\u00bb][\/et_pb_column][\/et_pb_row][\/et_pb_section]<\/p>\n","protected":false},"excerpt":{"rendered":"<p>Gamme Comfort Monaco Wheels Jantes hiver et budget au look luxueux offrant un confort ultime.Votre style La gamme Comfort de Monaco Wheels est con\u00e7ue pour les conducteurs attentifs \u00e0 leur budget, recherchant fiabilit\u00e9 et praticit\u00e9. Ces jantes offrent un \u00e9quilibre parfait entre confort, durabilit\u00e9 et design \u00e9l\u00e9gant, pour voyager chaque jour en toute s\u00e9curit\u00e9 et s\u00e9r\u00e9nit\u00e9.CL2 \/ 4 holes 16&Prime; \/ 17&Prime; ComfortCL2 \/ 5 holes 16&Prime; \/ 17&Prime; \/ 18&Prime; \/ 19&Prime; ComfortCL2 Transporter 16&Prime; ComfortVT1 16&Prime; \/ 17&Prime; \/ 18&Prime; ComfortVT2 16&Prime; \/ 17&Prime; \/ 18&Prime; Comfort<\/p>\n","protected":false},"author":3,"featured_media":0,"parent":0,"menu_order":0,"comment_status":"closed","ping_status":"closed","template":"","meta":{"_et_pb_use_builder":"on","_et_pb_old_content":"","_et_gb_content_width":"","footnotes":""},"dipi_cpt_category":[],"class_list":["post-22994636","page","type-page","status-publish","hentry"],"yoast_head":"<!-- This site is optimized with the Yoast SEO plugin v27.3 - https:\/\/yoast.com\/product\/yoast-seo-wordpress\/ -->\n<title>Gamme comfort | Monaco Wheels<\/title>\n<meta name=\"description\" content=\"La gamme Comfort de Monaco Wheels, con\u00e7ue pour les conducteurs soucieux de leur budget. D\u00e9couvrez les mod\u00e8les adapt\u00e9s \u00e0 votre voiture.\" \/>\n<meta name=\"robots\" content=\"index, follow, max-snippet:-1, max-image-preview:large, max-video-preview:-1\" \/>\n<link rel=\"canonical\" href=\"https:\/\/monaco-wheels.com\/fr\/comfort-wheels\/\" \/>\n<meta property=\"og:locale\" content=\"fr_FR\" \/>\n<meta property=\"og:type\" content=\"article\" \/>\n<meta property=\"og:title\" content=\"Gamme comfort | Monaco Wheels\" \/>\n<meta property=\"og:description\" content=\"La gamme Comfort de Monaco Wheels, con\u00e7ue pour les conducteurs soucieux de leur budget. D\u00e9couvrez les mod\u00e8les adapt\u00e9s \u00e0 votre voiture.\" \/>\n<meta property=\"og:url\" content=\"https:\/\/monaco-wheels.com\/fr\/comfort-wheels\/\" \/>\n<meta property=\"og:site_name\" content=\"Monaco Wheels\" \/>\n<meta property=\"article:modified_time\" content=\"2026-04-15T09:51:27+00:00\" \/>\n<meta name=\"twitter:card\" content=\"summary_large_image\" \/>\n<meta name=\"twitter:label1\" content=\"Dur\u00e9e de lecture estim\u00e9e\" \/>\n\t<meta name=\"twitter:data1\" content=\"4 minutes\" \/>\n<script type=\"application\/ld+json\" class=\"yoast-schema-graph\">{\"@context\":\"https:\\\/\\\/schema.org\",\"@graph\":[{\"@type\":\"WebPage\",\"@id\":\"https:\\\/\\\/monaco-wheels.com\\\/fr\\\/comfort-wheels\\\/\",\"url\":\"https:\\\/\\\/monaco-wheels.com\\\/fr\\\/comfort-wheels\\\/\",\"name\":\"Gamme comfort | Monaco Wheels\",\"isPartOf\":{\"@id\":\"https:\\\/\\\/monaco-wheels.com\\\/#website\"},\"datePublished\":\"2025-02-07T10:43:12+00:00\",\"dateModified\":\"2026-04-15T09:51:27+00:00\",\"description\":\"La gamme Comfort de Monaco Wheels, con\u00e7ue pour les conducteurs soucieux de leur budget. D\u00e9couvrez les mod\u00e8les adapt\u00e9s \u00e0 votre voiture.\",\"breadcrumb\":{\"@id\":\"https:\\\/\\\/monaco-wheels.com\\\/fr\\\/comfort-wheels\\\/#breadcrumb\"},\"inLanguage\":\"fr-FR\",\"potentialAction\":[{\"@type\":\"ReadAction\",\"target\":[\"https:\\\/\\\/monaco-wheels.com\\\/fr\\\/comfort-wheels\\\/\"]}]},{\"@type\":\"BreadcrumbList\",\"@id\":\"https:\\\/\\\/monaco-wheels.com\\\/fr\\\/comfort-wheels\\\/#breadcrumb\",\"itemListElement\":[{\"@type\":\"ListItem\",\"position\":1,\"name\":\"Home\",\"item\":\"https:\\\/\\\/monaco-wheels.com\\\/\"},{\"@type\":\"ListItem\",\"position\":2,\"name\":\"Gamme comfort\"}]},{\"@type\":\"WebSite\",\"@id\":\"https:\\\/\\\/monaco-wheels.com\\\/#website\",\"url\":\"https:\\\/\\\/monaco-wheels.com\\\/\",\"name\":\"Monaco Wheels\",\"description\":\"Where class &amp; quality meet\",\"potentialAction\":[{\"@type\":\"SearchAction\",\"target\":{\"@type\":\"EntryPoint\",\"urlTemplate\":\"https:\\\/\\\/monaco-wheels.com\\\/?s={search_term_string}\"},\"query-input\":{\"@type\":\"PropertyValueSpecification\",\"valueRequired\":true,\"valueName\":\"search_term_string\"}}],\"inLanguage\":\"fr-FR\"}]}<\/script>\n<!-- \/ Yoast SEO plugin. -->","yoast_head_json":{"title":"Gamme comfort | Monaco Wheels","description":"La gamme Comfort de Monaco Wheels, con\u00e7ue pour les conducteurs soucieux de leur budget. D\u00e9couvrez les mod\u00e8les adapt\u00e9s \u00e0 votre voiture.","robots":{"index":"index","follow":"follow","max-snippet":"max-snippet:-1","max-image-preview":"max-image-preview:large","max-video-preview":"max-video-preview:-1"},"canonical":"https:\/\/monaco-wheels.com\/fr\/comfort-wheels\/","og_locale":"fr_FR","og_type":"article","og_title":"Gamme comfort | Monaco Wheels","og_description":"La gamme Comfort de Monaco Wheels, con\u00e7ue pour les conducteurs soucieux de leur budget. D\u00e9couvrez les mod\u00e8les adapt\u00e9s \u00e0 votre voiture.","og_url":"https:\/\/monaco-wheels.com\/fr\/comfort-wheels\/","og_site_name":"Monaco Wheels","article_modified_time":"2026-04-15T09:51:27+00:00","twitter_card":"summary_large_image","twitter_misc":{"Dur\u00e9e de lecture estim\u00e9e":"4 minutes"},"schema":{"@context":"https:\/\/schema.org","@graph":[{"@type":"WebPage","@id":"https:\/\/monaco-wheels.com\/fr\/comfort-wheels\/","url":"https:\/\/monaco-wheels.com\/fr\/comfort-wheels\/","name":"Gamme comfort | Monaco Wheels","isPartOf":{"@id":"https:\/\/monaco-wheels.com\/#website"},"datePublished":"2025-02-07T10:43:12+00:00","dateModified":"2026-04-15T09:51:27+00:00","description":"La gamme Comfort de Monaco Wheels, con\u00e7ue pour les conducteurs soucieux de leur budget. D\u00e9couvrez les mod\u00e8les adapt\u00e9s \u00e0 votre voiture.","breadcrumb":{"@id":"https:\/\/monaco-wheels.com\/fr\/comfort-wheels\/#breadcrumb"},"inLanguage":"fr-FR","potentialAction":[{"@type":"ReadAction","target":["https:\/\/monaco-wheels.com\/fr\/comfort-wheels\/"]}]},{"@type":"BreadcrumbList","@id":"https:\/\/monaco-wheels.com\/fr\/comfort-wheels\/#breadcrumb","itemListElement":[{"@type":"ListItem","position":1,"name":"Home","item":"https:\/\/monaco-wheels.com\/"},{"@type":"ListItem","position":2,"name":"Gamme comfort"}]},{"@type":"WebSite","@id":"https:\/\/monaco-wheels.com\/#website","url":"https:\/\/monaco-wheels.com\/","name":"Monaco Wheels","description":"Where class &amp; quality meet","potentialAction":[{"@type":"SearchAction","target":{"@type":"EntryPoint","urlTemplate":"https:\/\/monaco-wheels.com\/?s={search_term_string}"},"query-input":{"@type":"PropertyValueSpecification","valueRequired":true,"valueName":"search_term_string"}}],"inLanguage":"fr-FR"}]}},"_links":{"self":[{"href":"https:\/\/monaco-wheels.com\/fr\/wp-json\/wp\/v2\/pages\/22994636","targetHints":{"allow":["GET"]}}],"collection":[{"href":"https:\/\/monaco-wheels.com\/fr\/wp-json\/wp\/v2\/pages"}],"about":[{"href":"https:\/\/monaco-wheels.com\/fr\/wp-json\/wp\/v2\/types\/page"}],"author":[{"embeddable":true,"href":"https:\/\/monaco-wheels.com\/fr\/wp-json\/wp\/v2\/users\/3"}],"replies":[{"embeddable":true,"href":"https:\/\/monaco-wheels.com\/fr\/wp-json\/wp\/v2\/comments?post=22994636"}],"version-history":[{"count":13,"href":"https:\/\/monaco-wheels.com\/fr\/wp-json\/wp\/v2\/pages\/22994636\/revisions"}],"predecessor-version":[{"id":22996591,"href":"https:\/\/monaco-wheels.com\/fr\/wp-json\/wp\/v2\/pages\/22994636\/revisions\/22996591"}],"wp:attachment":[{"href":"https:\/\/monaco-wheels.com\/fr\/wp-json\/wp\/v2\/media?parent=22994636"}],"wp:term":[{"taxonomy":"dipi_cpt_category","embeddable":true,"href":"https:\/\/monaco-wheels.com\/fr\/wp-json\/wp\/v2\/dipi_cpt_category?post=22994636"}],"curies":[{"name":"wp","href":"https:\/\/api.w.org\/{rel}","templated":true}]}}