{"id":22995089,"date":"2025-08-27T11:39:44","date_gmt":"2025-08-27T11:39:44","guid":{"rendered":"https:\/\/monaco-wheels.com\/flow-forming\/"},"modified":"2025-09-23T08:33:47","modified_gmt":"2025-09-23T08:33:47","slug":"flow-forming","status":"publish","type":"page","link":"https:\/\/monaco-wheels.com\/de\/flow-forming\/","title":{"rendered":"Flow Forming"},"content":{"rendered":"<p>[et_pb_section fb_built=&#8220;1&#8243; specialty=&#8220;on&#8220; custom_padding_last_edited=&#8220;on|phone&#8220; _builder_version=&#8220;4.27.4&#8243; _module_preset=&#8220;default&#8220; use_background_color_gradient=&#8220;on&#8220; background_color_gradient_direction=&#8220;67deg&#8220; background_color_gradient_stops=&#8220;#f69900 50%|rgba(255,255,255,0) 50%&#8220; background_color_gradient_overlays_image=&#8220;on&#8220; background_image=&#8220;https:\/\/monaco-wheels.com\/wp-content\/uploads\/2025\/08\/monaco-wheels-flow-forming.jpg&#8220; background_position=&#8220;bottom_right&#8220; background_vertical_offset=&#8220;28%&#8220; inner_width_tablet=&#8220;&#8220; inner_width_phone=&#8220;&#8220; inner_width_last_edited=&#8220;on|phone&#8220; custom_padding=&#8220;4%||4%||true|false&#8220; custom_padding_tablet=&#8220;3%||3%||true|false&#8220; custom_padding_phone=&#8220;12%||2%||false|false&#8220; background_last_edited=&#8220;on|phone&#8220; use_background_color_gradient_phone=&#8220;on&#8220; background_color_gradient_stops_phone=&#8220;rgba(246,153,0,0.9) 100%|rgba(41,196,169,0.04) 100%&#8220; global_colors_info=&#8220;{}&#8220;][et_pb_column type=&#8220;2_3&#8243; specialty_columns=&#8220;2&#8243; _builder_version=&#8220;4.16&#8243; custom_padding=&#8220;|||&#8220; global_colors_info=&#8220;{}&#8220; custom_padding__hover=&#8220;|||&#8220;][et_pb_row_inner _builder_version=&#8220;4.27.0&#8243; _module_preset=&#8220;default&#8220; width=&#8220;70%&#8220; width_tablet=&#8220;70%&#8220; width_phone=&#8220;100%&#8220; width_last_edited=&#8220;on|phone&#8220; global_colors_info=&#8220;{}&#8220;][et_pb_column_inner saved_specialty_column_type=&#8220;2_3&#8243; _builder_version=&#8220;4.27.0&#8243; _module_preset=&#8220;default&#8220; global_colors_info=&#8220;{}&#8220;][et_pb_text _builder_version=&#8220;4.27.4&#8243; _module_preset=&#8220;default&#8220; text_font=&#8220;|300|||||||&#8220; text_text_color=&#8220;#FFFFFF&#8220; text_font_size=&#8220;22px&#8220; text_line_height=&#8220;2em&#8220; header_font=&#8220;Bebas Neue||||||||&#8220; header_text_color=&#8220;#FFFFFF&#8220; header_font_size=&#8220;82px&#8220; header_3_font=&#8220;Bebas Neue||||||||&#8220; header_3_text_color=&#8220;#FFFFFF&#8220; header_3_font_size=&#8220;28px&#8220; header_6_font=&#8220;Bebas Neue|700|||||||&#8220; header_6_font_size=&#8220;118px&#8220; header_6_letter_spacing=&#8220;1px&#8220; custom_margin=&#8220;||||false|false&#8220; header_text_align_tablet=&#8220;&#8220; header_text_align_phone=&#8220;left&#8220; header_text_align_last_edited=&#8220;on|phone&#8220; header_font_size_tablet=&#8220;78px&#8220; header_font_size_phone=&#8220;56px&#8220; header_font_size_last_edited=&#8220;on|phone&#8220; header_3_text_align_tablet=&#8220;&#8220; header_3_text_align_phone=&#8220;center&#8220; header_3_text_align_last_edited=&#8220;on|phone&#8220; global_colors_info=&#8220;{}&#8220;]<\/p>\n<h1>Monaco Wheels Flow Forming<\/h1>\n<p>Die Flow-Forming-Technologie macht Felgen leichter, st\u00e4rker und langlebiger.[\/et_pb_text][\/et_pb_column_inner][\/et_pb_row_inner][\/et_pb_column][et_pb_column type=&#8220;1_3&#8243; _builder_version=&#8220;4.16&#8243; custom_padding=&#8220;|||&#8220; global_colors_info=&#8220;{}&#8220; custom_padding__hover=&#8220;|||&#8220;][\/et_pb_column][\/et_pb_section][et_pb_section fb_built=&#8220;1&#8243; _builder_version=&#8220;4.27.0&#8243; _module_preset=&#8220;default&#8220; use_background_color_gradient=&#8220;on&#8220; background_color_gradient_direction=&#8220;-74deg&#8220; background_color_gradient_stops=&#8220;#eeeeee 26%|#ffffff 26%&#8220; custom_padding=&#8220;6%||6%||true|false&#8220; global_colors_info=&#8220;{}&#8220;][et_pb_row _builder_version=&#8220;4.27.0&#8243; _module_preset=&#8220;default&#8220; max_width=&#8220;780px&#8220; global_colors_info=&#8220;{}&#8220;][et_pb_column type=&#8220;4_4&#8243; _builder_version=&#8220;4.27.0&#8243; _module_preset=&#8220;default&#8220; global_colors_info=&#8220;{}&#8220;][et_pb_text _builder_version=&#8220;4.27.4&#8243; _module_preset=&#8220;default&#8220; text_font=&#8220;|300|||||||&#8220; text_font_size=&#8220;22px&#8220; text_line_height=&#8220;2em&#8220; header_3_font=&#8220;Bebas Neue||||||||&#8220; header_3_font_size=&#8220;68px&#8220; header_3_font_size_tablet=&#8220;68px&#8220; header_3_font_size_phone=&#8220;38px&#8220; header_3_font_size_last_edited=&#8220;on|phone&#8220; global_colors_info=&#8220;{}&#8220;]<\/p>\n<h3>Lighter. Stronger. Faster.<\/h3>\n<p>Die Flow-Forming-Serie von Monaco Wheels wird mit einem Verfahren hergestellt, bei dem gegossene Felgen erhitzt und mit Walzen umgeformt werden. Dieser Prozess verdichtet die Metallstruktur und macht die Felgen leichter und zugleich stabiler als herk\u00f6mmliche Gussfelgen. Das Ergebnis sind sportliche Designs, die optimale Performance, Langlebigkeit und Zuverl\u00e4ssigkeit vereinen. Perfekt f\u00fcr Fahrer, die Wert auf Qualit\u00e4t und Fahrspa\u00df legen.[\/et_pb_text][\/et_pb_column][\/et_pb_row][\/et_pb_section][et_pb_section fb_built=&#8220;1&#8243; _builder_version=&#8220;4.27.4&#8243; _module_preset=&#8220;default&#8220; background_color=&#8220;#f4f4f4&#8243; global_colors_info=&#8220;{}&#8220;][et_pb_row _builder_version=&#8220;4.27.4&#8243; _module_preset=&#8220;default&#8220; global_colors_info=&#8220;{}&#8220;][et_pb_column type=&#8220;4_4&#8243; _builder_version=&#8220;4.27.4&#8243; _module_preset=&#8220;default&#8220; global_colors_info=&#8220;{}&#8220;][et_pb_text _builder_version=&#8220;4.27.4&#8243; _module_preset=&#8220;default&#8220; text_font=&#8220;|300|||||||&#8220; text_font_size=&#8220;22px&#8220; text_line_height=&#8220;2em&#8220; header_3_font=&#8220;Bebas Neue||||||||&#8220; header_3_font_size=&#8220;42px&#8220; header_3_font_size_tablet=&#8220;68px&#8220; header_3_font_size_phone=&#8220;38px&#8220; header_3_font_size_last_edited=&#8220;on|phone&#8220; global_colors_info=&#8220;{}&#8220;]<\/p>\n<h3>So entstehen Monaco Wheels Flow-Forming-Felgen<\/h3>\n<p>[\/et_pb_text][et_pb_video src=&#8220;https:\/\/monaco-wheels.com\/wp-content\/uploads\/2025\/09\/Monaco-Wheels_FlowForming.mp4&#8243; image_src=&#8220;https:\/\/monaco-wheels.com\/wp-content\/uploads\/2025\/09\/monaco-wheels-flow-forming-proces.jpg&#8220; _builder_version=&#8220;4.27.4&#8243; _module_preset=&#8220;default&#8220; global_colors_info=&#8220;{}&#8220;][\/et_pb_video][\/et_pb_column][\/et_pb_row][\/et_pb_section][et_pb_section fb_built=&#8220;1&#8243; _builder_version=&#8220;4.27.4&#8243; _module_preset=&#8220;default&#8220; background_enable_color=&#8220;off&#8220; use_background_color_gradient=&#8220;on&#8220; background_color_gradient_direction=&#8220;-74deg&#8220; background_color_gradient_stops=&#8220;rgba(255,255,255,0) 80%|#eeeeee 80%&#8220; global_colors_info=&#8220;{}&#8220;][et_pb_row column_structure=&#8220;1_3,1_3,1_3&#8243; _builder_version=&#8220;4.27.4&#8243; _module_preset=&#8220;default&#8220; hover_enabled=&#8220;0&#8243; global_colors_info=&#8220;{}&#8220; sticky_enabled=&#8220;0&#8243;][et_pb_column type=&#8220;1_3&#8243; _builder_version=&#8220;4.27.4&#8243; _module_preset=&#8220;default&#8220; link_option_url=&#8220;https:\/\/monaco-wheels.com\/de\/tuning-wheels\/ff1\/&#8220; hover_enabled=&#8220;0&#8243; global_colors_info=&#8220;{}&#8220; sticky_enabled=&#8220;0&#8243;][et_pb_gallery gallery_ids=&#8220;22992981,22992979&#8243; fullwidth=&#8220;on&#8220; module_id=&#8220;ff1&#8243; _builder_version=&#8220;4.27.4&#8243; _module_preset=&#8220;default&#8220; width_tablet=&#8220;52%&#8220; width_phone=&#8220;100%&#8220; width_last_edited=&#8220;on|phone&#8220; module_alignment=&#8220;center&#8220; custom_css_free_form=&#8220;selector .et-pb-controllers {||    position: relative;||    top: 14px;||}||selector .et_pb_gallery_items {||  pointer-events: none !important;||}&#8220; global_colors_info=&#8220;{}&#8220;][\/et_pb_gallery][et_pb_text _builder_version=&#8220;4.27.0&#8243; _module_preset=&#8220;default&#8220; text_font=&#8220;Bebas Neue|300|||||||&#8220; text_font_size=&#8220;20px&#8220; text_line_height=&#8220;1.8em&#8220; header_font=&#8220;Bebas Neue||||||||&#8220; header_text_align=&#8220;center&#8220; header_font_size=&#8220;36px&#8220; header_3_font=&#8220;Bebas Neue||||||||&#8220; header_3_text_color=&#8220;#FFFFFF&#8220; header_3_font_size=&#8220;20px&#8220; text_orientation=&#8220;center&#8220; custom_css_free_form=&#8220;selector h3 {||    background-color: #f69900;||    padding: 10px 0 8px;||    width: 40%;||    text-align: center !important;||    margin: auto;||    margin-top: 16px;||}&#8220; global_colors_info=&#8220;{}&#8220;]<\/p>\n<h1>FF1<\/h1>\n<p>19&#8243; \/ 20&#8243;<\/p>\n<h3>Tuning<\/h3>\n<p>[\/et_pb_text][\/et_pb_column][et_pb_column type=&#8220;1_3&#8243; _builder_version=&#8220;4.27.4&#8243; _module_preset=&#8220;default&#8220; link_option_url=&#8220;https:\/\/monaco-wheels.com\/de\/tuning-wheels\/ff2\/&#8220; hover_enabled=&#8220;0&#8243; global_colors_info=&#8220;{}&#8220; sticky_enabled=&#8220;0&#8243;][et_pb_gallery gallery_ids=&#8220;22992985,22992983&#8243; fullwidth=&#8220;on&#8220; module_id=&#8220;ff2&#8243; _builder_version=&#8220;4.27.4&#8243; _module_preset=&#8220;default&#8220; width_tablet=&#8220;52%&#8220; width_phone=&#8220;100%&#8220; width_last_edited=&#8220;on|phone&#8220; module_alignment=&#8220;center&#8220; custom_css_free_form=&#8220;selector .et-pb-controllers {||    position: relative;||    top: 14px;||}||selector .et_pb_gallery_items {||  pointer-events: none !important;||}&#8220; global_colors_info=&#8220;{}&#8220;][\/et_pb_gallery][et_pb_text _builder_version=&#8220;4.27.0&#8243; _module_preset=&#8220;default&#8220; text_font=&#8220;Bebas Neue|300|||||||&#8220; text_font_size=&#8220;20px&#8220; text_line_height=&#8220;1.8em&#8220; header_font=&#8220;Bebas Neue||||||||&#8220; header_text_align=&#8220;center&#8220; header_font_size=&#8220;36px&#8220; header_3_font=&#8220;Bebas Neue||||||||&#8220; header_3_text_color=&#8220;#FFFFFF&#8220; header_3_font_size=&#8220;20px&#8220; text_orientation=&#8220;center&#8220; custom_css_free_form=&#8220;selector h3 {||    background-color: #f69900;||    padding: 10px 0 8px;||    width: 40%;||    text-align: center !important;||    margin: auto;||    margin-top: 16px;||}&#8220; global_colors_info=&#8220;{}&#8220;]<\/p>\n<h1>FF2<\/h1>\n<p>18&#8243;<\/p>\n<h3>Tuning<\/h3>\n<p>[\/et_pb_text][\/et_pb_column][et_pb_column type=&#8220;1_3&#8243; _builder_version=&#8220;4.27.4&#8243; _module_preset=&#8220;default&#8220; link_option_url=&#8220;https:\/\/monaco-wheels.com\/de\/tuning-wheels\/ff3\/&#8220; hover_enabled=&#8220;0&#8243; global_colors_info=&#8220;{}&#8220; sticky_enabled=&#8220;0&#8243;][et_pb_gallery gallery_ids=&#8220;22992987,22992989&#8243; fullwidth=&#8220;on&#8220; module_id=&#8220;ff3&#8243; _builder_version=&#8220;4.27.4&#8243; _module_preset=&#8220;default&#8220; width_tablet=&#8220;52%&#8220; width_phone=&#8220;100%&#8220; width_last_edited=&#8220;on|phone&#8220; module_alignment=&#8220;center&#8220; custom_css_free_form=&#8220;selector .et-pb-controllers {||    position: relative;||    top: 14px;||}||selector .et_pb_gallery_items {||  pointer-events: none !important;||}&#8220; global_colors_info=&#8220;{}&#8220;][\/et_pb_gallery][et_pb_text _builder_version=&#8220;4.27.4&#8243; _module_preset=&#8220;default&#8220; text_font=&#8220;Bebas Neue|300|||||||&#8220; text_font_size=&#8220;20px&#8220; text_line_height=&#8220;1.8em&#8220; header_font=&#8220;Bebas Neue||||||||&#8220; header_text_align=&#8220;center&#8220; header_font_size=&#8220;36px&#8220; header_3_font=&#8220;Bebas Neue||||||||&#8220; header_3_text_color=&#8220;#FFFFFF&#8220; header_3_font_size=&#8220;20px&#8220; text_orientation=&#8220;center&#8220; custom_css_free_form=&#8220;selector h3 {||    background-color: #f69900;||    padding: 10px 0 8px;||    width: 40%;||    text-align: center !important;||    margin: auto;||    margin-top: 16px;||}&#8220; global_colors_info=&#8220;{}&#8220;]<\/p>\n<h1>FF3<\/h1>\n<p>19&#8243;<\/p>\n<h3>Tuning<\/h3>\n<p>[\/et_pb_text][\/et_pb_column][\/et_pb_row][\/et_pb_section][et_pb_section fb_built=&#8220;1&#8243; _builder_version=&#8220;4.27.4&#8243; _module_preset=&#8220;default&#8220; background_enable_color=&#8220;off&#8220; use_background_color_gradient=&#8220;on&#8220; background_color_gradient_direction=&#8220;74deg&#8220; background_color_gradient_stops=&#8220;rgba(255,255,255,0) 50%|#eeeeee 50%&#8220; global_colors_info=&#8220;{}&#8220;][et_pb_row column_structure=&#8220;1_3,2_3&#8243; _builder_version=&#8220;4.27.4&#8243; _module_preset=&#8220;default&#8220; hover_enabled=&#8220;0&#8243; global_colors_info=&#8220;{}&#8220; sticky_enabled=&#8220;0&#8243;][et_pb_column type=&#8220;1_3&#8243; _builder_version=&#8220;4.27.4&#8243; _module_preset=&#8220;default&#8220; link_option_url=&#8220;https:\/\/monaco-wheels.com\/de\/tuning-wheels\/ff4\/&#8220; hover_enabled=&#8220;0&#8243; global_colors_info=&#8220;{}&#8220; sticky_enabled=&#8220;0&#8243;][et_pb_gallery gallery_ids=&#8220;22992993,22992991&#8243; fullwidth=&#8220;on&#8220; module_id=&#8220;ff4&#8243; _builder_version=&#8220;4.27.4&#8243; _module_preset=&#8220;default&#8220; width_tablet=&#8220;52%&#8220; width_phone=&#8220;100%&#8220; width_last_edited=&#8220;on|phone&#8220; module_alignment=&#8220;center&#8220; hover_enabled=&#8220;0&#8243; custom_css_free_form=&#8220;selector .et-pb-controllers {||    position: relative;||    top: 14px;||}||selector .et_pb_gallery_items {||  pointer-events: none !important;||}&#8220; global_colors_info=&#8220;{}&#8220; sticky_enabled=&#8220;0&#8243;][\/et_pb_gallery][et_pb_text _builder_version=&#8220;4.27.0&#8243; _module_preset=&#8220;default&#8220; text_font=&#8220;Bebas Neue|300|||||||&#8220; text_font_size=&#8220;20px&#8220; text_line_height=&#8220;1.8em&#8220; header_font=&#8220;Bebas Neue||||||||&#8220; header_text_align=&#8220;center&#8220; header_font_size=&#8220;36px&#8220; header_3_font=&#8220;Bebas Neue||||||||&#8220; header_3_text_color=&#8220;#FFFFFF&#8220; header_3_font_size=&#8220;20px&#8220; text_orientation=&#8220;center&#8220; custom_css_free_form=&#8220;selector h3 {||    background-color: #f69900;||    padding: 10px 0 8px;||    width: 40%;||    text-align: center !important;||    margin: auto;||    margin-top: 16px;||}&#8220; global_colors_info=&#8220;{}&#8220;]<\/p>\n<h1>FF4<\/h1>\n<p>18&#8243;<\/p>\n<h3>Tuning<\/h3>\n<p>[\/et_pb_text][\/et_pb_column][et_pb_column type=&#8220;2_3&#8243; _builder_version=&#8220;4.27.4&#8243; _module_preset=&#8220;default&#8220; global_colors_info=&#8220;{}&#8220;][\/et_pb_column][\/et_pb_row][\/et_pb_section]<\/p>\n","protected":false},"excerpt":{"rendered":"<p>Monaco Wheels Flow Forming Die Flow-Forming-Technologie macht Felgen leichter, st\u00e4rker und langlebiger.Lighter. Stronger. Faster. Die Flow-Forming-Serie von Monaco Wheels wird mit einem Verfahren hergestellt, bei dem gegossene Felgen erhitzt und mit Walzen umgeformt werden. Dieser Prozess verdichtet die Metallstruktur und macht die Felgen leichter und zugleich stabiler als herk\u00f6mmliche Gussfelgen. Das Ergebnis sind sportliche Designs, die optimale Performance, Langlebigkeit und Zuverl\u00e4ssigkeit vereinen. Perfekt f\u00fcr Fahrer, die Wert auf Qualit\u00e4t und Fahrspa\u00df legen.So entstehen Monaco Wheels Flow-Forming-FelgenFF1 19&#8243; \/ 20&#8243; TuningFF2 18&#8243; TuningFF3 19&#8243; TuningFF4 18&#8243; Tuning<\/p>\n","protected":false},"author":3,"featured_media":0,"parent":0,"menu_order":0,"comment_status":"closed","ping_status":"closed","template":"","meta":{"_et_pb_use_builder":"on","_et_pb_old_content":"","_et_gb_content_width":"","footnotes":""},"dipi_cpt_category":[],"class_list":["post-22995089","page","type-page","status-publish","hentry"],"yoast_head":"<!-- This site is optimized with the Yoast SEO plugin v27.3 - https:\/\/yoast.com\/product\/yoast-seo-wordpress\/ -->\n<title>Flow Forming | Monaco Wheels<\/title>\n<meta name=\"description\" content=\"Flow-Forming-Technologie macht Felgen leichter, st\u00e4rker und langlebiger. Entdecken Sie die Flow-Forming-Felgen von Monaco Wheels.\" \/>\n<meta name=\"robots\" content=\"index, follow, max-snippet:-1, max-image-preview:large, max-video-preview:-1\" \/>\n<link rel=\"canonical\" href=\"https:\/\/monaco-wheels.com\/fr\/flow-forming\/\" \/>\n<meta property=\"og:locale\" content=\"de_DE\" \/>\n<meta property=\"og:type\" content=\"article\" \/>\n<meta property=\"og:title\" content=\"Flow Forming | Monaco Wheels\" \/>\n<meta property=\"og:description\" content=\"Flow-Forming-Technologie macht Felgen leichter, st\u00e4rker und langlebiger. Entdecken Sie die Flow-Forming-Felgen von Monaco Wheels.\" \/>\n<meta property=\"og:url\" content=\"https:\/\/monaco-wheels.com\/fr\/flow-forming\/\" \/>\n<meta property=\"og:site_name\" content=\"Monaco Wheels\" \/>\n<meta property=\"article:modified_time\" content=\"2025-09-23T08:33:47+00:00\" \/>\n<meta name=\"twitter:card\" content=\"summary_large_image\" \/>\n<meta name=\"twitter:label1\" content=\"Gesch\u00e4tzte Lesezeit\" \/>\n\t<meta name=\"twitter:data1\" content=\"3\u00a0Minuten\" \/>\n<script type=\"application\/ld+json\" class=\"yoast-schema-graph\">{\"@context\":\"https:\\\/\\\/schema.org\",\"@graph\":[{\"@type\":\"WebPage\",\"@id\":\"https:\\\/\\\/monaco-wheels.com\\\/fr\\\/flow-forming\\\/\",\"url\":\"https:\\\/\\\/monaco-wheels.com\\\/fr\\\/flow-forming\\\/\",\"name\":\"Flow Forming | Monaco Wheels\",\"isPartOf\":{\"@id\":\"https:\\\/\\\/monaco-wheels.com\\\/#website\"},\"datePublished\":\"2025-08-27T11:39:44+00:00\",\"dateModified\":\"2025-09-23T08:33:47+00:00\",\"description\":\"Flow-Forming-Technologie macht Felgen leichter, st\u00e4rker und langlebiger. Entdecken Sie die Flow-Forming-Felgen von Monaco Wheels.\",\"breadcrumb\":{\"@id\":\"https:\\\/\\\/monaco-wheels.com\\\/fr\\\/flow-forming\\\/#breadcrumb\"},\"inLanguage\":\"de\",\"potentialAction\":[{\"@type\":\"ReadAction\",\"target\":[\"https:\\\/\\\/monaco-wheels.com\\\/fr\\\/flow-forming\\\/\"]}]},{\"@type\":\"BreadcrumbList\",\"@id\":\"https:\\\/\\\/monaco-wheels.com\\\/fr\\\/flow-forming\\\/#breadcrumb\",\"itemListElement\":[{\"@type\":\"ListItem\",\"position\":1,\"name\":\"Home\",\"item\":\"https:\\\/\\\/monaco-wheels.com\\\/de\\\/\"},{\"@type\":\"ListItem\",\"position\":2,\"name\":\"Flow Forming\"}]},{\"@type\":\"WebSite\",\"@id\":\"https:\\\/\\\/monaco-wheels.com\\\/#website\",\"url\":\"https:\\\/\\\/monaco-wheels.com\\\/\",\"name\":\"Monaco Wheels\",\"description\":\"Where class &amp; quality meet\",\"potentialAction\":[{\"@type\":\"SearchAction\",\"target\":{\"@type\":\"EntryPoint\",\"urlTemplate\":\"https:\\\/\\\/monaco-wheels.com\\\/?s={search_term_string}\"},\"query-input\":{\"@type\":\"PropertyValueSpecification\",\"valueRequired\":true,\"valueName\":\"search_term_string\"}}],\"inLanguage\":\"de\"}]}<\/script>\n<!-- \/ Yoast SEO plugin. -->","yoast_head_json":{"title":"Flow Forming | Monaco Wheels","description":"Flow-Forming-Technologie macht Felgen leichter, st\u00e4rker und langlebiger. Entdecken Sie die Flow-Forming-Felgen von Monaco Wheels.","robots":{"index":"index","follow":"follow","max-snippet":"max-snippet:-1","max-image-preview":"max-image-preview:large","max-video-preview":"max-video-preview:-1"},"canonical":"https:\/\/monaco-wheels.com\/fr\/flow-forming\/","og_locale":"de_DE","og_type":"article","og_title":"Flow Forming | Monaco Wheels","og_description":"Flow-Forming-Technologie macht Felgen leichter, st\u00e4rker und langlebiger. Entdecken Sie die Flow-Forming-Felgen von Monaco Wheels.","og_url":"https:\/\/monaco-wheels.com\/fr\/flow-forming\/","og_site_name":"Monaco Wheels","article_modified_time":"2025-09-23T08:33:47+00:00","twitter_card":"summary_large_image","twitter_misc":{"Gesch\u00e4tzte Lesezeit":"3\u00a0Minuten"},"schema":{"@context":"https:\/\/schema.org","@graph":[{"@type":"WebPage","@id":"https:\/\/monaco-wheels.com\/fr\/flow-forming\/","url":"https:\/\/monaco-wheels.com\/fr\/flow-forming\/","name":"Flow Forming | Monaco Wheels","isPartOf":{"@id":"https:\/\/monaco-wheels.com\/#website"},"datePublished":"2025-08-27T11:39:44+00:00","dateModified":"2025-09-23T08:33:47+00:00","description":"Flow-Forming-Technologie macht Felgen leichter, st\u00e4rker und langlebiger. Entdecken Sie die Flow-Forming-Felgen von Monaco Wheels.","breadcrumb":{"@id":"https:\/\/monaco-wheels.com\/fr\/flow-forming\/#breadcrumb"},"inLanguage":"de","potentialAction":[{"@type":"ReadAction","target":["https:\/\/monaco-wheels.com\/fr\/flow-forming\/"]}]},{"@type":"BreadcrumbList","@id":"https:\/\/monaco-wheels.com\/fr\/flow-forming\/#breadcrumb","itemListElement":[{"@type":"ListItem","position":1,"name":"Home","item":"https:\/\/monaco-wheels.com\/de\/"},{"@type":"ListItem","position":2,"name":"Flow Forming"}]},{"@type":"WebSite","@id":"https:\/\/monaco-wheels.com\/#website","url":"https:\/\/monaco-wheels.com\/","name":"Monaco Wheels","description":"Where class &amp; quality meet","potentialAction":[{"@type":"SearchAction","target":{"@type":"EntryPoint","urlTemplate":"https:\/\/monaco-wheels.com\/?s={search_term_string}"},"query-input":{"@type":"PropertyValueSpecification","valueRequired":true,"valueName":"search_term_string"}}],"inLanguage":"de"}]}},"_links":{"self":[{"href":"https:\/\/monaco-wheels.com\/de\/wp-json\/wp\/v2\/pages\/22995089","targetHints":{"allow":["GET"]}}],"collection":[{"href":"https:\/\/monaco-wheels.com\/de\/wp-json\/wp\/v2\/pages"}],"about":[{"href":"https:\/\/monaco-wheels.com\/de\/wp-json\/wp\/v2\/types\/page"}],"author":[{"embeddable":true,"href":"https:\/\/monaco-wheels.com\/de\/wp-json\/wp\/v2\/users\/3"}],"replies":[{"embeddable":true,"href":"https:\/\/monaco-wheels.com\/de\/wp-json\/wp\/v2\/comments?post=22995089"}],"version-history":[{"count":6,"href":"https:\/\/monaco-wheels.com\/de\/wp-json\/wp\/v2\/pages\/22995089\/revisions"}],"predecessor-version":[{"id":22995152,"href":"https:\/\/monaco-wheels.com\/de\/wp-json\/wp\/v2\/pages\/22995089\/revisions\/22995152"}],"wp:attachment":[{"href":"https:\/\/monaco-wheels.com\/de\/wp-json\/wp\/v2\/media?parent=22995089"}],"wp:term":[{"taxonomy":"dipi_cpt_category","embeddable":true,"href":"https:\/\/monaco-wheels.com\/de\/wp-json\/wp\/v2\/dipi_cpt_category?post=22995089"}],"curies":[{"name":"wp","href":"https:\/\/api.w.org\/{rel}","templated":true}]}}