{"id":22995069,"date":"2025-02-07T10:43:12","date_gmt":"2025-02-07T10:43:12","guid":{"rendered":"https:\/\/monaco-wheels.com\/comfort-wheels\/"},"modified":"2026-04-15T09:55:29","modified_gmt":"2026-04-15T09:55:29","slug":"comfort-wheels","status":"publish","type":"page","link":"https:\/\/monaco-wheels.com\/de\/comfort-wheels\/","title":{"rendered":"Comfort-Serie"},"content":{"rendered":"<p>[et_pb_section fb_built=&#8220;1&#8243; specialty=&#8220;on&#8220; custom_padding_last_edited=&#8220;on|phone&#8220; _builder_version=&#8220;4.27.4&#8243; _module_preset=&#8220;default&#8220; use_background_color_gradient=&#8220;on&#8220; background_color_gradient_direction=&#8220;67deg&#8220; background_color_gradient_stops=&#8220;#82130a 50%|rgba(41,196,169,0.04) 50%&#8220; background_color_gradient_overlays_image=&#8220;on&#8220; background_image=&#8220;https:\/\/monaco-wheels.com\/wp-content\/uploads\/2025\/08\/hd-monaco-wheels-comfort-range.jpg&#8220; background_position=&#8220;bottom_right&#8220; background_vertical_offset=&#8220;28%&#8220; inner_width_tablet=&#8220;&#8220; inner_width_phone=&#8220;&#8220; inner_width_last_edited=&#8220;on|phone&#8220; custom_padding=&#8220;4%||4%||true|false&#8220; custom_padding_tablet=&#8220;3%||3%||true|false&#8220; custom_padding_phone=&#8220;12%||2%||false|false&#8220; background_last_edited=&#8220;on|phone&#8220; use_background_color_gradient_phone=&#8220;on&#8220; background_color_gradient_stops_phone=&#8220;rgba(130,19,10,0.8) 100%|rgba(41,196,169,0.04) 100%&#8220; global_colors_info=&#8220;{}&#8220;][et_pb_column type=&#8220;2_3&#8243; specialty_columns=&#8220;2&#8243; _builder_version=&#8220;4.16&#8243; custom_padding=&#8220;|||&#8220; global_colors_info=&#8220;{}&#8220; custom_padding__hover=&#8220;|||&#8220;][et_pb_row_inner _builder_version=&#8220;4.27.0&#8243; _module_preset=&#8220;default&#8220; width=&#8220;70%&#8220; width_tablet=&#8220;70%&#8220; width_phone=&#8220;100%&#8220; width_last_edited=&#8220;on|phone&#8220; global_colors_info=&#8220;{}&#8220;][et_pb_column_inner saved_specialty_column_type=&#8220;2_3&#8243; _builder_version=&#8220;4.27.0&#8243; _module_preset=&#8220;default&#8220; global_colors_info=&#8220;{}&#8220;][et_pb_text _builder_version=&#8220;4.27.4&#8243; _module_preset=&#8220;default&#8220; text_font=&#8220;|300|||||||&#8220; text_text_color=&#8220;#FFFFFF&#8220; text_font_size=&#8220;22px&#8220; text_line_height=&#8220;2em&#8220; header_font=&#8220;Bebas Neue||||||||&#8220; header_text_color=&#8220;#FFFFFF&#8220; header_font_size=&#8220;82px&#8220; header_3_font=&#8220;Bebas Neue||||||||&#8220; header_3_text_color=&#8220;#FFFFFF&#8220; header_3_font_size=&#8220;28px&#8220; header_6_font=&#8220;Bebas Neue|700|||||||&#8220; header_6_font_size=&#8220;118px&#8220; header_6_letter_spacing=&#8220;1px&#8220; custom_margin=&#8220;||||false|false&#8220; header_text_align_tablet=&#8220;&#8220; header_text_align_phone=&#8220;left&#8220; header_text_align_last_edited=&#8220;on|phone&#8220; header_font_size_tablet=&#8220;78px&#8220; header_font_size_phone=&#8220;56px&#8220; header_font_size_last_edited=&#8220;on|phone&#8220; header_3_text_align_tablet=&#8220;&#8220; header_3_text_align_phone=&#8220;center&#8220; header_3_text_align_last_edited=&#8220;on|phone&#8220; global_colors_info=&#8220;{}&#8220;]<\/p>\n<h1>Monaco Wheels Comfort-Serie<\/h1>\n<p>Budget- und Winterfelgen mit luxuri\u00f6ser Ausstrahlung und h\u00f6chstem Komfort.[\/et_pb_text][\/et_pb_column_inner][\/et_pb_row_inner][\/et_pb_column][et_pb_column type=&#8220;1_3&#8243; _builder_version=&#8220;4.16&#8243; custom_padding=&#8220;|||&#8220; global_colors_info=&#8220;{}&#8220; custom_padding__hover=&#8220;|||&#8220;][\/et_pb_column][\/et_pb_section][et_pb_section fb_built=&#8220;1&#8243; _builder_version=&#8220;4.27.0&#8243; _module_preset=&#8220;default&#8220; use_background_color_gradient=&#8220;on&#8220; background_color_gradient_direction=&#8220;-74deg&#8220; background_color_gradient_stops=&#8220;#eeeeee 26%|#ffffff 26%&#8220; custom_padding=&#8220;6%||6%||true|false&#8220; global_colors_info=&#8220;{}&#8220;][et_pb_row _builder_version=&#8220;4.27.0&#8243; _module_preset=&#8220;default&#8220; max_width=&#8220;780px&#8220; global_colors_info=&#8220;{}&#8220;][et_pb_column type=&#8220;4_4&#8243; _builder_version=&#8220;4.27.0&#8243; _module_preset=&#8220;default&#8220; global_colors_info=&#8220;{}&#8220;][et_pb_text _builder_version=&#8220;4.27.4&#8243; _module_preset=&#8220;default&#8220; text_font=&#8220;|300|||||||&#8220; text_font_size=&#8220;22px&#8220; text_line_height=&#8220;2em&#8220; header_3_font=&#8220;Bebas Neue||||||||&#8220; header_3_font_size=&#8220;68px&#8220; header_3_font_size_tablet=&#8220;68px&#8220; header_3_font_size_phone=&#8220;38px&#8220; header_3_font_size_last_edited=&#8220;on|phone&#8220; global_colors_info=&#8220;{}&#8220;]<\/p>\n<h3>Dein Look<\/h3>\n<p>Die Monaco Wheels Comfort-Serie richtet sich an Fahrer, die klug kalkulieren und dennoch nicht auf Stil, Zuverl\u00e4ssigkeit und Bequemlichkeit verzichten wollen. Sie verbindet h\u00f6chsten Fahrkomfort mit Robustheit und elegantem Design \u2013 f\u00fcr ein sicheres und entspanntes Fahrgef\u00fchl, Tag f\u00fcr Tag.[\/et_pb_text][\/et_pb_column][\/et_pb_row][\/et_pb_section][et_pb_section fb_built=&#8220;1&#8243; _builder_version=&#8220;4.27.0&#8243; _module_preset=&#8220;default&#8220; background_color=&#8220;#f4f4f4&#8243; global_colors_info=&#8220;{}&#8220;][et_pb_row column_structure=&#8220;1_3,1_3,1_3&#8243; _builder_version=&#8220;4.27.6&#8243; _module_preset=&#8220;default&#8220; hover_enabled=&#8220;0&#8243; global_colors_info=&#8220;{}&#8220; sticky_enabled=&#8220;0&#8243;][et_pb_column type=&#8220;1_3&#8243; _builder_version=&#8220;4.27.6&#8243; _module_preset=&#8220;default&#8220; hover_enabled=&#8220;0&#8243; global_colors_info=&#8220;{}&#8220; sticky_enabled=&#8220;0&#8243;][et_pb_gallery gallery_ids=&#8220;22992865,22992867,22992869,22992871&#8243; fullwidth=&#8220;on&#8220; module_id=&#8220;cl2&#8243; _builder_version=&#8220;4.27.6&#8243; _module_preset=&#8220;default&#8220; width_tablet=&#8220;52%&#8220; width_phone=&#8220;100%&#8220; width_last_edited=&#8220;on|phone&#8220; module_alignment=&#8220;center&#8220; custom_css_free_form=&#8220;selector .et-pb-controllers {||    position: relative;||    top: 14px;||}||selector .et_pb_gallery_items {||  pointer-events: none !important;||}&#8220; global_colors_info=&#8220;{}&#8220; link_option_url=&#8220;https:\/\/monaco-wheels.com\/de\/comfort-wheels\/cl2-4-holes\/&#8220;][\/et_pb_gallery][et_pb_text _builder_version=&#8220;4.27.6&#8243; _module_preset=&#8220;default&#8220; text_font=&#8220;Bebas Neue|300|||||||&#8220; text_font_size=&#8220;20px&#8220; text_line_height=&#8220;1.8em&#8220; header_font=&#8220;Bebas Neue||||||||&#8220; header_text_align=&#8220;center&#8220; header_font_size=&#8220;36px&#8220; header_3_font=&#8220;Bebas Neue||||||||&#8220; header_3_text_color=&#8220;#FFFFFF&#8220; header_3_font_size=&#8220;20px&#8220; text_orientation=&#8220;center&#8220; link_option_url=&#8220;https:\/\/monaco-wheels.com\/de\/comfort-wheels\/cl2-4-holes\/&#8220; custom_css_free_form=&#8220;selector h3 {||    background-color: #82130a;||    padding: 10px 0 8px;||    width: 40%;||    text-align: center !important;||    margin: auto;||    margin-top: 16px;  ||}&#8220; global_colors_info=&#8220;{}&#8220;]<\/p>\n<h1>CL2 \/ 4 holes<\/h1>\n<p>16&#8243; \/ 17&#8243;<\/p>\n<h3>Comfort<\/h3>\n<p>[\/et_pb_text][\/et_pb_column][et_pb_column type=&#8220;1_3&#8243; _builder_version=&#8220;4.27.6&#8243; _module_preset=&#8220;default&#8220; hover_enabled=&#8220;0&#8243; global_colors_info=&#8220;{}&#8220; sticky_enabled=&#8220;0&#8243;][et_pb_gallery gallery_ids=&#8220;22992873,22992875,22992877,22992879&#8243; fullwidth=&#8220;on&#8220; module_id=&#8220;cl2&#8243; _builder_version=&#8220;4.27.6&#8243; _module_preset=&#8220;default&#8220; width_tablet=&#8220;52%&#8220; width_phone=&#8220;100%&#8220; width_last_edited=&#8220;on|phone&#8220; module_alignment=&#8220;center&#8220; custom_css_free_form=&#8220;selector .et-pb-controllers {||    position: relative;||    top: 14px;||}||selector .et_pb_gallery_items {||  pointer-events: none !important;||}&#8220; global_colors_info=&#8220;{}&#8220; link_option_url=&#8220;https:\/\/monaco-wheels.com\/de\/comfort-wheels\/cl2-5-holes\/&#8220;][\/et_pb_gallery][et_pb_text _builder_version=&#8220;4.27.6&#8243; _module_preset=&#8220;default&#8220; text_font=&#8220;Bebas Neue|300|||||||&#8220; text_font_size=&#8220;20px&#8220; text_line_height=&#8220;1.8em&#8220; header_font=&#8220;Bebas Neue||||||||&#8220; header_text_align=&#8220;center&#8220; header_font_size=&#8220;36px&#8220; header_3_font=&#8220;Bebas Neue||||||||&#8220; header_3_text_color=&#8220;#FFFFFF&#8220; header_3_font_size=&#8220;20px&#8220; text_orientation=&#8220;center&#8220; custom_css_free_form=&#8220;selector h3 {||    background-color: #82130a;||    padding: 10px 0 8px;||    width: 40%;||    text-align: center !important;||    margin: auto;||    margin-top: 16px;  ||}&#8220; global_colors_info=&#8220;{}&#8220; link_option_url=&#8220;https:\/\/monaco-wheels.com\/de\/comfort-wheels\/cl2-5-holes\/&#8220;]<\/p>\n<h1>CL2 \/ 5 holes<\/h1>\n<p>16&#8243; \/ 17&#8243; \/ 18&#8243; \/ 19&#8243;<\/p>\n<h3>Comfort<\/h3>\n<p>[\/et_pb_text][\/et_pb_column][et_pb_column type=&#8220;1_3&#8243; _builder_version=&#8220;4.27.6&#8243; _module_preset=&#8220;default&#8220; hover_enabled=&#8220;0&#8243; global_colors_info=&#8220;{}&#8220; sticky_enabled=&#8220;0&#8243;][et_pb_gallery gallery_ids=&#8220;22992881,22992883,22992885&#8243; fullwidth=&#8220;on&#8220; module_id=&#8220;cl2t&#8220; _builder_version=&#8220;4.27.6&#8243; _module_preset=&#8220;default&#8220; width_tablet=&#8220;52%&#8220; width_phone=&#8220;100%&#8220; width_last_edited=&#8220;on|phone&#8220; module_alignment=&#8220;center&#8220; custom_css_free_form=&#8220;selector .et-pb-controllers {||    position: relative;||    top: 14px;||}||selector .et_pb_gallery_items {||  pointer-events: none !important;||}&#8220; global_colors_info=&#8220;{}&#8220; link_option_url=&#8220;https:\/\/monaco-wheels.com\/de\/comfort-wheels\/cl2t\/&#8220;][\/et_pb_gallery][et_pb_text _builder_version=&#8220;4.27.6&#8243; _module_preset=&#8220;default&#8220; text_font=&#8220;Bebas Neue|300|||||||&#8220; text_font_size=&#8220;20px&#8220; text_line_height=&#8220;1.8em&#8220; header_font=&#8220;Bebas Neue||||||||&#8220; header_text_align=&#8220;center&#8220; header_font_size=&#8220;36px&#8220; header_3_font=&#8220;Bebas Neue||||||||&#8220; header_3_text_color=&#8220;#FFFFFF&#8220; header_3_font_size=&#8220;20px&#8220; text_orientation=&#8220;center&#8220; hover_enabled=&#8220;0&#8243; custom_css_free_form=&#8220;selector h3 {||    background-color: #82130a;||    padding: 10px 0 8px;||    width: 40%;||    text-align: center !important;||    margin: auto;||    margin-top: 16px;  ||}&#8220; global_colors_info=&#8220;{}&#8220; link_option_url=&#8220;https:\/\/monaco-wheels.com\/de\/comfort-wheels\/cl2t\/&#8220; sticky_enabled=&#8220;0&#8243;]<\/p>\n<h1>CL2 Transporter<\/h1>\n<p>16&#8243;<\/p>\n<h3>Comfort<\/h3>\n<p>[\/et_pb_text][\/et_pb_column][\/et_pb_row][\/et_pb_section][et_pb_section fb_built=&#8220;1&#8243; _builder_version=&#8220;4.27.4&#8243; _module_preset=&#8220;default&#8220; background_enable_color=&#8220;off&#8220; use_background_color_gradient=&#8220;on&#8220; background_color_gradient_direction=&#8220;-74deg&#8220; background_color_gradient_stops=&#8220;#ffffff 80%|#eeeeee 80%&#8220; global_colors_info=&#8220;{}&#8220;][et_pb_row column_structure=&#8220;1_3,1_3,1_3&#8243; _builder_version=&#8220;4.27.6&#8243; _module_preset=&#8220;default&#8220; hover_enabled=&#8220;0&#8243; global_colors_info=&#8220;{}&#8220; sticky_enabled=&#8220;0&#8243;][et_pb_column type=&#8220;1_3&#8243; _builder_version=&#8220;4.27.6&#8243; _module_preset=&#8220;default&#8220; hover_enabled=&#8220;0&#8243; global_colors_info=&#8220;{}&#8220; sticky_enabled=&#8220;0&#8243;][et_pb_gallery gallery_ids=&#8220;22994435,22994433&#8243; fullwidth=&#8220;on&#8220; module_id=&#8220;vt1&#8243; _builder_version=&#8220;4.27.6&#8243; _module_preset=&#8220;default&#8220; width_tablet=&#8220;52%&#8220; width_phone=&#8220;100%&#8220; width_last_edited=&#8220;on|phone&#8220; module_alignment=&#8220;center&#8220; custom_css_free_form=&#8220;selector .et-pb-controllers {||    position: relative;||    top: 14px;||}||selector .et_pb_gallery_items {||  pointer-events: none !important;||}&#8220; global_colors_info=&#8220;{}&#8220; link_option_url=&#8220;https:\/\/monaco-wheels.com\/de\/comfort-wheels\/vt1\/&#8220;][\/et_pb_gallery][et_pb_text _builder_version=&#8220;4.27.6&#8243; _module_preset=&#8220;default&#8220; text_font=&#8220;Bebas Neue|300|||||||&#8220; text_font_size=&#8220;20px&#8220; text_line_height=&#8220;1.8em&#8220; header_font=&#8220;Bebas Neue||||||||&#8220; header_text_align=&#8220;center&#8220; header_font_size=&#8220;36px&#8220; header_3_font=&#8220;Bebas Neue||||||||&#8220; header_3_text_color=&#8220;#FFFFFF&#8220; header_3_font_size=&#8220;20px&#8220; text_orientation=&#8220;center&#8220; link_option_url=&#8220;https:\/\/monaco-wheels.com\/de\/comfort-wheels\/vt1\/&#8220; hover_enabled=&#8220;0&#8243; custom_css_free_form=&#8220;selector h3 {||    background-color: #82130a;||    padding: 10px 0 8px;||    width: 40%;||    text-align: center !important;||    margin: auto;||    margin-top: 16px;  ||}&#8220; global_colors_info=&#8220;{}&#8220; sticky_enabled=&#8220;0&#8243;]<\/p>\n<h1>VT1<\/h1>\n<p>16&#8243; \/ 17&#8243; \/ 18&#8243;<\/p>\n<h3>Comfort<\/h3>\n<p>[\/et_pb_text][\/et_pb_column][et_pb_column type=&#8220;1_3&#8243; _builder_version=&#8220;4.27.6&#8243; _module_preset=&#8220;default&#8220; hover_enabled=&#8220;0&#8243; global_colors_info=&#8220;{}&#8220; sticky_enabled=&#8220;0&#8243;][et_pb_gallery gallery_ids=&#8220;22994571,22994573&#8243; fullwidth=&#8220;on&#8220; module_id=&#8220;vt2&#8243; _builder_version=&#8220;4.27.6&#8243; _module_preset=&#8220;default&#8220; width_tablet=&#8220;52%&#8220; width_phone=&#8220;100%&#8220; width_last_edited=&#8220;on|phone&#8220; module_alignment=&#8220;center&#8220; custom_css_free_form=&#8220;selector .et-pb-controllers {||    position: relative;||    top: 14px;||}||selector .et_pb_gallery_items {||  pointer-events: none !important;||}&#8220; global_colors_info=&#8220;{}&#8220; link_option_url=&#8220;https:\/\/monaco-wheels.com\/de\/comfort-wheels\/vt2\/&#8220;][\/et_pb_gallery][et_pb_text _builder_version=&#8220;4.27.6&#8243; _module_preset=&#8220;default&#8220; text_font=&#8220;Bebas Neue|300|||||||&#8220; text_font_size=&#8220;20px&#8220; text_line_height=&#8220;1.8em&#8220; header_font=&#8220;Bebas Neue||||||||&#8220; header_text_align=&#8220;center&#8220; header_font_size=&#8220;36px&#8220; header_3_font=&#8220;Bebas Neue||||||||&#8220; header_3_text_color=&#8220;#FFFFFF&#8220; header_3_font_size=&#8220;20px&#8220; text_orientation=&#8220;center&#8220; link_option_url=&#8220;https:\/\/monaco-wheels.com\/de\/comfort-wheels\/vt2\/&#8220; custom_css_free_form=&#8220;selector h3 {||    background-color: #82130a;||    padding: 10px 0 8px;||    width: 40%;||    text-align: center !important;||    margin: auto;||    margin-top: 16px;  ||}&#8220; global_colors_info=&#8220;{}&#8220;]<\/p>\n<h1>VT2<\/h1>\n<p>16&#8243; \/ 17&#8243; \/ 18&#8243;<\/p>\n<h3>Comfort<\/h3>\n<p>[\/et_pb_text][\/et_pb_column][et_pb_column type=&#8220;1_3&#8243; _builder_version=&#8220;4.27.4&#8243; _module_preset=&#8220;default&#8220; link_option_url=&#8220;https:\/\/monaco-wheels.com\/comfort-wheels\/cl2t\/&#8220; global_colors_info=&#8220;{}&#8220;][\/et_pb_column][\/et_pb_row][\/et_pb_section]<\/p>\n","protected":false},"excerpt":{"rendered":"<p>Monaco Wheels Comfort-Serie Budget- und Winterfelgen mit luxuri\u00f6ser Ausstrahlung und h\u00f6chstem Komfort.Dein Look Die Monaco Wheels Comfort-Serie richtet sich an Fahrer, die klug kalkulieren und dennoch nicht auf Stil, Zuverl\u00e4ssigkeit und Bequemlichkeit verzichten wollen. Sie verbindet h\u00f6chsten Fahrkomfort mit Robustheit und elegantem Design \u2013 f\u00fcr ein sicheres und entspanntes Fahrgef\u00fchl, Tag f\u00fcr Tag.CL2 \/ 4 holes 16&#8243; \/ 17&#8243; ComfortCL2 \/ 5 holes 16&#8243; \/ 17&#8243; \/ 18&#8243; \/ 19&#8243; ComfortCL2 Transporter 16&#8243; ComfortVT1 16&#8243; \/ 17&#8243; \/ 18&#8243; ComfortVT2 16&#8243; \/ 17&#8243; \/ 18&#8243; Comfort<\/p>\n","protected":false},"author":3,"featured_media":0,"parent":0,"menu_order":0,"comment_status":"closed","ping_status":"closed","template":"","meta":{"_et_pb_use_builder":"on","_et_pb_old_content":"","_et_gb_content_width":"","footnotes":""},"dipi_cpt_category":[],"class_list":["post-22995069","page","type-page","status-publish","hentry"],"yoast_head":"<!-- This site is optimized with the Yoast SEO plugin v27.4 - https:\/\/yoast.com\/product\/yoast-seo-wordpress\/ -->\n<title>Comfort-Serie | Monaco Wheels<\/title>\n<meta name=\"description\" content=\"Die Comfort-Serie von Monaco Wheels wurde f\u00fcr den preisbewussten Fahrer entwickelt. Sehen Sie, welche Modelle f\u00fcr Ihr Fahrzeug geeignet sind.\" \/>\n<meta name=\"robots\" content=\"index, follow, max-snippet:-1, max-image-preview:large, max-video-preview:-1\" \/>\n<link rel=\"canonical\" href=\"https:\/\/monaco-wheels.com\/de\/comfort-wheels\/\" \/>\n<meta property=\"og:locale\" content=\"de_DE\" \/>\n<meta property=\"og:type\" content=\"article\" \/>\n<meta property=\"og:title\" content=\"Comfort-Serie | Monaco Wheels\" \/>\n<meta property=\"og:description\" content=\"Die Comfort-Serie von Monaco Wheels wurde f\u00fcr den preisbewussten Fahrer entwickelt. Sehen Sie, welche Modelle f\u00fcr Ihr Fahrzeug geeignet sind.\" \/>\n<meta property=\"og:url\" content=\"https:\/\/monaco-wheels.com\/de\/comfort-wheels\/\" \/>\n<meta property=\"og:site_name\" content=\"Monaco Wheels\" \/>\n<meta property=\"article:modified_time\" content=\"2026-04-15T09:55:29+00:00\" \/>\n<meta name=\"twitter:card\" content=\"summary_large_image\" \/>\n<meta name=\"twitter:label1\" content=\"Gesch\u00e4tzte Lesezeit\" \/>\n\t<meta name=\"twitter:data1\" content=\"4\u00a0Minuten\" \/>\n<script type=\"application\/ld+json\" class=\"yoast-schema-graph\">{\"@context\":\"https:\\\/\\\/schema.org\",\"@graph\":[{\"@type\":\"WebPage\",\"@id\":\"https:\\\/\\\/monaco-wheels.com\\\/de\\\/comfort-wheels\\\/\",\"url\":\"https:\\\/\\\/monaco-wheels.com\\\/de\\\/comfort-wheels\\\/\",\"name\":\"Comfort-Serie | Monaco Wheels\",\"isPartOf\":{\"@id\":\"https:\\\/\\\/monaco-wheels.com\\\/#website\"},\"datePublished\":\"2025-02-07T10:43:12+00:00\",\"dateModified\":\"2026-04-15T09:55:29+00:00\",\"description\":\"Die Comfort-Serie von Monaco Wheels wurde f\u00fcr den preisbewussten Fahrer entwickelt. Sehen Sie, welche Modelle f\u00fcr Ihr Fahrzeug geeignet sind.\",\"breadcrumb\":{\"@id\":\"https:\\\/\\\/monaco-wheels.com\\\/de\\\/comfort-wheels\\\/#breadcrumb\"},\"inLanguage\":\"de\",\"potentialAction\":[{\"@type\":\"ReadAction\",\"target\":[\"https:\\\/\\\/monaco-wheels.com\\\/de\\\/comfort-wheels\\\/\"]}]},{\"@type\":\"BreadcrumbList\",\"@id\":\"https:\\\/\\\/monaco-wheels.com\\\/de\\\/comfort-wheels\\\/#breadcrumb\",\"itemListElement\":[{\"@type\":\"ListItem\",\"position\":1,\"name\":\"Home\",\"item\":\"https:\\\/\\\/monaco-wheels.com\\\/de\\\/\"},{\"@type\":\"ListItem\",\"position\":2,\"name\":\"Comfort-Serie\"}]},{\"@type\":\"WebSite\",\"@id\":\"https:\\\/\\\/monaco-wheels.com\\\/#website\",\"url\":\"https:\\\/\\\/monaco-wheels.com\\\/\",\"name\":\"Monaco Wheels\",\"description\":\"Where class &amp; quality meet\",\"potentialAction\":[{\"@type\":\"SearchAction\",\"target\":{\"@type\":\"EntryPoint\",\"urlTemplate\":\"https:\\\/\\\/monaco-wheels.com\\\/?s={search_term_string}\"},\"query-input\":{\"@type\":\"PropertyValueSpecification\",\"valueRequired\":true,\"valueName\":\"search_term_string\"}}],\"inLanguage\":\"de\"}]}<\/script>\n<!-- \/ Yoast SEO plugin. -->","yoast_head_json":{"title":"Comfort-Serie | Monaco Wheels","description":"Die Comfort-Serie von Monaco Wheels wurde f\u00fcr den preisbewussten Fahrer entwickelt. Sehen Sie, welche Modelle f\u00fcr Ihr Fahrzeug geeignet sind.","robots":{"index":"index","follow":"follow","max-snippet":"max-snippet:-1","max-image-preview":"max-image-preview:large","max-video-preview":"max-video-preview:-1"},"canonical":"https:\/\/monaco-wheels.com\/de\/comfort-wheels\/","og_locale":"de_DE","og_type":"article","og_title":"Comfort-Serie | Monaco Wheels","og_description":"Die Comfort-Serie von Monaco Wheels wurde f\u00fcr den preisbewussten Fahrer entwickelt. Sehen Sie, welche Modelle f\u00fcr Ihr Fahrzeug geeignet sind.","og_url":"https:\/\/monaco-wheels.com\/de\/comfort-wheels\/","og_site_name":"Monaco Wheels","article_modified_time":"2026-04-15T09:55:29+00:00","twitter_card":"summary_large_image","twitter_misc":{"Gesch\u00e4tzte Lesezeit":"4\u00a0Minuten"},"schema":{"@context":"https:\/\/schema.org","@graph":[{"@type":"WebPage","@id":"https:\/\/monaco-wheels.com\/de\/comfort-wheels\/","url":"https:\/\/monaco-wheels.com\/de\/comfort-wheels\/","name":"Comfort-Serie | Monaco Wheels","isPartOf":{"@id":"https:\/\/monaco-wheels.com\/#website"},"datePublished":"2025-02-07T10:43:12+00:00","dateModified":"2026-04-15T09:55:29+00:00","description":"Die Comfort-Serie von Monaco Wheels wurde f\u00fcr den preisbewussten Fahrer entwickelt. Sehen Sie, welche Modelle f\u00fcr Ihr Fahrzeug geeignet sind.","breadcrumb":{"@id":"https:\/\/monaco-wheels.com\/de\/comfort-wheels\/#breadcrumb"},"inLanguage":"de","potentialAction":[{"@type":"ReadAction","target":["https:\/\/monaco-wheels.com\/de\/comfort-wheels\/"]}]},{"@type":"BreadcrumbList","@id":"https:\/\/monaco-wheels.com\/de\/comfort-wheels\/#breadcrumb","itemListElement":[{"@type":"ListItem","position":1,"name":"Home","item":"https:\/\/monaco-wheels.com\/de\/"},{"@type":"ListItem","position":2,"name":"Comfort-Serie"}]},{"@type":"WebSite","@id":"https:\/\/monaco-wheels.com\/#website","url":"https:\/\/monaco-wheels.com\/","name":"Monaco Wheels","description":"Where class &amp; quality meet","potentialAction":[{"@type":"SearchAction","target":{"@type":"EntryPoint","urlTemplate":"https:\/\/monaco-wheels.com\/?s={search_term_string}"},"query-input":{"@type":"PropertyValueSpecification","valueRequired":true,"valueName":"search_term_string"}}],"inLanguage":"de"}]}},"_links":{"self":[{"href":"https:\/\/monaco-wheels.com\/de\/wp-json\/wp\/v2\/pages\/22995069","targetHints":{"allow":["GET"]}}],"collection":[{"href":"https:\/\/monaco-wheels.com\/de\/wp-json\/wp\/v2\/pages"}],"about":[{"href":"https:\/\/monaco-wheels.com\/de\/wp-json\/wp\/v2\/types\/page"}],"author":[{"embeddable":true,"href":"https:\/\/monaco-wheels.com\/de\/wp-json\/wp\/v2\/users\/3"}],"replies":[{"embeddable":true,"href":"https:\/\/monaco-wheels.com\/de\/wp-json\/wp\/v2\/comments?post=22995069"}],"version-history":[{"count":9,"href":"https:\/\/monaco-wheels.com\/de\/wp-json\/wp\/v2\/pages\/22995069\/revisions"}],"predecessor-version":[{"id":22996593,"href":"https:\/\/monaco-wheels.com\/de\/wp-json\/wp\/v2\/pages\/22995069\/revisions\/22996593"}],"wp:attachment":[{"href":"https:\/\/monaco-wheels.com\/de\/wp-json\/wp\/v2\/media?parent=22995069"}],"wp:term":[{"taxonomy":"dipi_cpt_category","embeddable":true,"href":"https:\/\/monaco-wheels.com\/de\/wp-json\/wp\/v2\/dipi_cpt_category?post=22995069"}],"curies":[{"name":"wp","href":"https:\/\/api.w.org\/{rel}","templated":true}]}}